{"id":910,"date":"2026-02-01T20:58:11","date_gmt":"2026-02-01T20:58:11","guid":{"rendered":"https:\/\/dclleather.com\/?post_type=product&#038;p=910"},"modified":"2026-02-01T20:58:11","modified_gmt":"2026-02-01T20:58:11","slug":"gates-kayis-41025-yamaha-xmax-250-x-city-250-2018-ve-sonrasi-icin","status":"publish","type":"product","link":"https:\/\/dclleather.com\/index.php\/product\/gates-kayis-41025-yamaha-xmax-250-x-city-250-2018-ve-sonrasi-icin\/","title":{"rendered":"Gates Kay\u0131\u015f 41025 Yamaha Xmax 250 X-c\u0131ty 250 2018 Ve Sonras\u0131 \u0130\u00e7in"},"content":{"rendered":"","protected":false},"excerpt":{"rendered":"","protected":false},"featured_media":911,"template":"","meta":[],"product_brand":[],"product_cat":[34,78],"product_tag":[],"class_list":{"0":"post-910","1":"product","2":"type-product","3":"status-publish","4":"has-post-thumbnail","6":"product_cat-yedek-parca","7":"product_cat-kayis","9":"first","10":"instock","11":"sale","12":"shipping-taxable","13":"purchasable","14":"product-type-simple"},"_links":{"self":[{"href":"https:\/\/dclleather.com\/index.php\/wp-json\/wp\/v2\/product\/910","targetHints":{"allow":["GET"]}}],"collection":[{"href":"https:\/\/dclleather.com\/index.php\/wp-json\/wp\/v2\/product"}],"about":[{"href":"https:\/\/dclleather.com\/index.php\/wp-json\/wp\/v2\/types\/product"}],"wp:featuredmedia":[{"embeddable":true,"href":"https:\/\/dclleather.com\/index.php\/wp-json\/wp\/v2\/media\/911"}],"wp:attachment":[{"href":"https:\/\/dclleather.com\/index.php\/wp-json\/wp\/v2\/media?parent=910"}],"wp:term":[{"taxonomy":"product_brand","embeddable":true,"href":"https:\/\/dclleather.com\/index.php\/wp-json\/wp\/v2\/product_brand?post=910"},{"taxonomy":"product_cat","embeddable":true,"href":"https:\/\/dclleather.com\/index.php\/wp-json\/wp\/v2\/product_cat?post=910"},{"taxonomy":"product_tag","embeddable":true,"href":"https:\/\/dclleather.com\/index.php\/wp-json\/wp\/v2\/product_tag?post=910"}],"curies":[{"name":"wp","href":"https:\/\/api.w.org\/{rel}","templated":true}]}}