{"id":908,"date":"2026-02-01T20:55:22","date_gmt":"2026-02-01T20:55:22","guid":{"rendered":"https:\/\/dclleather.com\/?post_type=product&#038;p=908"},"modified":"2026-02-01T20:55:22","modified_gmt":"2026-02-01T20:55:22","slug":"yamaha-x-max-250-kayis-mitsuboshi-2017-ve-oncesi","status":"publish","type":"product","link":"https:\/\/dclleather.com\/index.php\/product\/yamaha-x-max-250-kayis-mitsuboshi-2017-ve-oncesi\/","title":{"rendered":"Yamaha X-Max 250 Kay\u0131\u015f Mitsuboshi 2017 Ve \u00d6ncesi"},"content":{"rendered":"","protected":false},"excerpt":{"rendered":"","protected":false},"featured_media":909,"template":"","meta":[],"product_brand":[],"product_cat":[78,34],"product_tag":[],"class_list":{"0":"post-908","1":"product","2":"type-product","3":"status-publish","4":"has-post-thumbnail","6":"product_cat-kayis","7":"product_cat-yedek-parca","9":"first","10":"instock","11":"sale","12":"shipping-taxable","13":"purchasable","14":"product-type-simple"},"_links":{"self":[{"href":"https:\/\/dclleather.com\/index.php\/wp-json\/wp\/v2\/product\/908","targetHints":{"allow":["GET"]}}],"collection":[{"href":"https:\/\/dclleather.com\/index.php\/wp-json\/wp\/v2\/product"}],"about":[{"href":"https:\/\/dclleather.com\/index.php\/wp-json\/wp\/v2\/types\/product"}],"wp:featuredmedia":[{"embeddable":true,"href":"https:\/\/dclleather.com\/index.php\/wp-json\/wp\/v2\/media\/909"}],"wp:attachment":[{"href":"https:\/\/dclleather.com\/index.php\/wp-json\/wp\/v2\/media?parent=908"}],"wp:term":[{"taxonomy":"product_brand","embeddable":true,"href":"https:\/\/dclleather.com\/index.php\/wp-json\/wp\/v2\/product_brand?post=908"},{"taxonomy":"product_cat","embeddable":true,"href":"https:\/\/dclleather.com\/index.php\/wp-json\/wp\/v2\/product_cat?post=908"},{"taxonomy":"product_tag","embeddable":true,"href":"https:\/\/dclleather.com\/index.php\/wp-json\/wp\/v2\/product_tag?post=908"}],"curies":[{"name":"wp","href":"https:\/\/api.w.org\/{rel}","templated":true}]}}