{"id":897,"date":"2026-01-08T20:22:34","date_gmt":"2026-01-08T20:22:34","guid":{"rendered":"https:\/\/dclleather.com\/?post_type=product&#038;p=897"},"modified":"2026-01-08T20:29:20","modified_gmt":"2026-01-08T20:29:20","slug":"boss-bs-4301-hava-filtresi-xmax-ironmax-250-300-2018-2024","status":"publish","type":"product","link":"https:\/\/dclleather.com\/index.php\/product\/boss-bs-4301-hava-filtresi-xmax-ironmax-250-300-2018-2024\/","title":{"rendered":"BOSS BS 4301 HAVA F\u0130LTRES\u0130 XMAX , \u0130RONMAX (250-300) 2018-2024"},"content":{"rendered":"","protected":false},"excerpt":{"rendered":"<table width=\"700\" align=\"center\">\n<tbody>\n<tr>\n<td class=\"tablosol\"><b>Marka<\/b><\/td>\n<td class=\"tablosol\"><b>Model<\/b><\/td>\n<td class=\"tablosol\"><b>CC<\/b><\/td>\n<td class=\"tablosol\"><b>Y\u0131l<\/b><\/td>\n<\/tr>\n<tr>\n<td class=\"tablosol\">Yamaha<\/td>\n<td class=\"tablosol\">X-MAX<\/td>\n<td class=\"tablosol\">250<\/td>\n<td class=\"tablosol\">2018 &#8211; 2024<\/td>\n<\/tr>\n<tr>\n<td class=\"tablosol\">Yamaha<\/td>\n<td class=\"tablosol\">X-MAX<\/td>\n<td class=\"tablosol\">300<\/td>\n<td class=\"tablosol\">2018 &#8211; 2024<\/td>\n<\/tr>\n<tr>\n<td class=\"tablosol\">Yamaha<\/td>\n<td class=\"tablosol\">X-MAX \/ IRON MAX<\/td>\n<td class=\"tablosol\">250<\/td>\n<td class=\"tablosol\">2018 &#8211; 2024<\/td>\n<\/tr>\n<tr>\n<td class=\"tablosol\">Yamaha<\/td>\n<td class=\"tablosol\">X-MAX \/ IRON MAX<\/td>\n<td class=\"tablosol\">300<\/td>\n<td class=\"tablosol\">2018 &#8211; 2024<\/td>\n<\/tr>\n<\/tbody>\n<\/table>\n","protected":false},"featured_media":898,"template":"","meta":[],"product_brand":[],"product_cat":[74,34],"product_tag":[],"class_list":{"0":"post-897","1":"product","2":"type-product","3":"status-publish","4":"has-post-thumbnail","6":"product_cat-hava-filtresi","7":"product_cat-yedek-parca","9":"first","10":"instock","11":"shipping-taxable","12":"purchasable","13":"product-type-simple"},"_links":{"self":[{"href":"https:\/\/dclleather.com\/index.php\/wp-json\/wp\/v2\/product\/897","targetHints":{"allow":["GET"]}}],"collection":[{"href":"https:\/\/dclleather.com\/index.php\/wp-json\/wp\/v2\/product"}],"about":[{"href":"https:\/\/dclleather.com\/index.php\/wp-json\/wp\/v2\/types\/product"}],"wp:featuredmedia":[{"embeddable":true,"href":"https:\/\/dclleather.com\/index.php\/wp-json\/wp\/v2\/media\/898"}],"wp:attachment":[{"href":"https:\/\/dclleather.com\/index.php\/wp-json\/wp\/v2\/media?parent=897"}],"wp:term":[{"taxonomy":"product_brand","embeddable":true,"href":"https:\/\/dclleather.com\/index.php\/wp-json\/wp\/v2\/product_brand?post=897"},{"taxonomy":"product_cat","embeddable":true,"href":"https:\/\/dclleather.com\/index.php\/wp-json\/wp\/v2\/product_cat?post=897"},{"taxonomy":"product_tag","embeddable":true,"href":"https:\/\/dclleather.com\/index.php\/wp-json\/wp\/v2\/product_tag?post=897"}],"curies":[{"name":"wp","href":"https:\/\/api.w.org\/{rel}","templated":true}]}}