{"id":853,"date":"2025-12-12T15:43:25","date_gmt":"2025-12-12T15:43:25","guid":{"rendered":"https:\/\/dclleather.com\/?post_type=product&#038;p=853"},"modified":"2025-12-12T15:43:25","modified_gmt":"2025-12-12T15:43:25","slug":"motul-3000-4t-10w-40","status":"publish","type":"product","link":"https:\/\/dclleather.com\/index.php\/product\/motul-3000-4t-10w-40\/","title":{"rendered":"MOTUL 3000 4T 10W-40"},"content":{"rendered":"<div><strong>MOTUL 3000 4T 10W-40<\/strong>, y\u00fcksek performansl\u0131 motosiklet motorlar\u0131 i\u00e7in \u00f6zel olarak form\u00fcle edilmi\u015f \u00fcst\u00fcn kaliteli bir motor ya\u011f\u0131d\u0131r. Hem hava hem de ya\u011f so\u011futmal\u0131 4 zamanl\u0131 motorlar i\u00e7in m\u00fckemmel bir koruma ve performans sunar. 1 litrelik \u015fi\u015fesi ile hem ekonomik hem de kullan\u0131m\u0131 kolayd\u0131r.<\/div>\n<div><\/div>\n<div>Ba\u015fl\u0131ca \u00d6zellikler:<\/div>\n<div><\/div>\n<div>Y\u00fcksek Performans: MOTUL 3000 4T 10W-40, motosikletinizin motorunun y\u00fcksek devirlerde bile m\u00fckemmel performans g\u00f6stermesini sa\u011flar. Y\u00fcksek s\u0131cakl\u0131klarda bile viskozitesini korur, bu da motorun sorunsuz \u00e7al\u0131\u015fmas\u0131n\u0131 sa\u011flar.<\/p>\n<\/div>\n<div>Koruma ve Dayan\u0131kl\u0131l\u0131k: Y\u00fcksek kaliteli baz ya\u011flar ve katk\u0131 maddeleri ile form\u00fcle edilmi\u015f olan bu motor ya\u011f\u0131, motor par\u00e7alar\u0131n\u0131n a\u015f\u0131nmas\u0131n\u0131 ve y\u0131pranmas\u0131n\u0131 minimuma indirir. B\u00f6ylece motorunuzun \u00f6mr\u00fcn\u00fc uzat\u0131r.<\/p>\n<\/div>\n<div>Temizleme \u00d6zelli\u011fi: \u0130\u00e7erdi\u011fi deterjan ve da\u011f\u0131t\u0131c\u0131 katk\u0131 maddeleri sayesinde, motor i\u00e7indeki birikintileri ve tortular\u0131 etkili bir \u015fekilde temizler. Bu da motorun daha verimli \u00e7al\u0131\u015fmas\u0131na katk\u0131 sa\u011flar.<\/p>\n<\/div>\n<div>JASO MA2 ve API SL Onayl\u0131: MOTUL 3000 4T 10W-40, Japon Standartlar\u0131 Organizasyonu (JASO) MA2 ve Amerikan Petrol Enstit\u00fcs\u00fc (API) SL standartlar\u0131na uygundur.<\/p>\n<p>Bu, ya\u011f\u0131n hem s\u00fcrt\u00fcnme \u00f6zellikleri hem de motor koruma kapasitesi a\u00e7\u0131s\u0131ndan y\u00fcksek standartlara sahip oldu\u011funu g\u00f6sterir.<\/p><\/div>\n<div>Uygulama Alan\u0131: T\u00fcm hava ve ya\u011f so\u011futmal\u0131 4 zamanl\u0131 motosiklet motorlar\u0131 i\u00e7in uygundur. \u00d6zellikle \u015fehir i\u00e7i ve uzun mesafe s\u00fcr\u00fc\u015flerde m\u00fckemmel performans sunar.<\/div>\n","protected":false},"excerpt":{"rendered":"<div id=\"product-description\">\n<div class=\"product-description visible\" data-drroot=\"product-description\" data-fragment=\"product-description\">\n<div id=\"product-content-wrapper\" class=\"product-content-wrapper__text content-description-content\" data-testid=\"product-description-content\">\n<div id=\"rich-content-wrapper\"><b>MOTUL MOTOR YA\u011e 3000 10\/40 4T<\/b><\/p>\n<ul>\n<li>4 Zamanl\u0131 motosiklet motor\u00a0ya\u011f\u0131. Motor ve \u015fanz\u0131man korumas\u0131. Optimum \u0131slak debriyaj performans\u0131 i\u00e7in JASO MA2 spesifikasyonlar\u0131n\u0131 kar\u015f\u0131lar.\n<p>Katalitik konvert\u00f6rlerle uyumludur.<\/p>\n<p>&nbsp;<\/p>\n<p><strong>TEKN\u0130K \u00d6ZELL\u0130KLER<\/strong><\/p>\n<p><strong>API Standartlar\u0131:\u00a0<\/strong>API SL<\/p>\n<p><strong>JASO Standartlar\u0131:\u00a0<\/strong>JASO MA2<\/p>\n<p><strong>Viskozite:\u00a0<\/strong>10W-40<\/p>\n<p><strong>Ambalaj:\u00a0<\/strong>1L<\/li>\n<\/ul>\n<\/div>\n<\/div>\n<\/div>\n<\/div>\n<div id=\"product-feedback\">\n<div class=\"product-feedback\" data-testid=\"product-feedback\" data-fragment=\"product-feedback\"><\/div>\n<\/div>\n<div id=\"collection-recommendation\">\n<div class=\"collection-recommendation-wrapper\" data-fragment=\"collection-recommendation\"><\/div>\n<\/div>\n","protected":false},"featured_media":854,"template":"","meta":[],"product_brand":[],"product_cat":[76,66],"product_tag":[],"class_list":{"0":"post-853","1":"product","2":"type-product","3":"status-publish","4":"has-post-thumbnail","6":"product_cat-motul","7":"product_cat-yaglar","9":"first","10":"instock","11":"shipping-taxable","12":"purchasable","13":"product-type-simple"},"_links":{"self":[{"href":"https:\/\/dclleather.com\/index.php\/wp-json\/wp\/v2\/product\/853","targetHints":{"allow":["GET"]}}],"collection":[{"href":"https:\/\/dclleather.com\/index.php\/wp-json\/wp\/v2\/product"}],"about":[{"href":"https:\/\/dclleather.com\/index.php\/wp-json\/wp\/v2\/types\/product"}],"wp:featuredmedia":[{"embeddable":true,"href":"https:\/\/dclleather.com\/index.php\/wp-json\/wp\/v2\/media\/854"}],"wp:attachment":[{"href":"https:\/\/dclleather.com\/index.php\/wp-json\/wp\/v2\/media?parent=853"}],"wp:term":[{"taxonomy":"product_brand","embeddable":true,"href":"https:\/\/dclleather.com\/index.php\/wp-json\/wp\/v2\/product_brand?post=853"},{"taxonomy":"product_cat","embeddable":true,"href":"https:\/\/dclleather.com\/index.php\/wp-json\/wp\/v2\/product_cat?post=853"},{"taxonomy":"product_tag","embeddable":true,"href":"https:\/\/dclleather.com\/index.php\/wp-json\/wp\/v2\/product_tag?post=853"}],"curies":[{"name":"wp","href":"https:\/\/api.w.org\/{rel}","templated":true}]}}