{"id":802,"date":"2025-12-05T19:49:02","date_gmt":"2025-12-05T19:49:02","guid":{"rendered":"https:\/\/dclleather.com\/?post_type=product&#038;p=802"},"modified":"2025-12-07T11:35:47","modified_gmt":"2025-12-07T11:35:47","slug":"nk196","status":"publish","type":"product","link":"https:\/\/dclleather.com\/index.php\/product\/nk196\/","title":{"rendered":"NK196"},"content":{"rendered":"<p>NC750 \u00d6N BALATA<br \/>\nNC750 2017 \u00d6N BALATA<br \/>\nBENELLI Imperiale 400 18 \u00d6N<br \/>\nBMW C Evolution Electric 18-20 ARKA<br \/>\nC 600 Sport Scooter 12-15 ARKA<br \/>\nC 600 Sport Highline 13-15 ARKA<br \/>\nC 650 GT Scooter 12-20 ARKA<br \/>\nC 650 GT Highline 13-18 ARKA<br \/>\nC 650 Sport Scooter 16-20 ARKA<br \/>\nC Evolution (Scooter) 14-18 ARKA<br \/>\nBUELL Blast 00-07 F DAELIM Roadwin ARKA<br \/>\n125 (VJF 125) 08-14 \u00d6N<br \/>\nRoadtwin (VJ 125) 04-13 \u00d6N<br \/>\nVL 125 Daystar\/125 L 03-14 \u00d6N<br \/>\nVT 125 Evolution 03 \u00d6N<br \/>\nVS 125 Evolution 01-04 \u00d6N<br \/>\n(VJ 125) Roadwin 04-11 \u00d6N<br \/>\nHARLEY DAVIDSON FXDR 114 18-20 \u00d6N<br \/>\nHONDA NSS 125 Forza (2 Piston Caliper) 15-21 \u00d6N<br \/>\nSH 125i (2 Piston Caliper\/ABS) 14-21 \u00d6N<br \/>\nSH 150i (2 Piston Caliper\/ABS) 14-21 \u00d6N<br \/>\nCB 250 N\/T\/W\/X\/Y\/1\/4 \u201cTwo Fifty\u201d 92-05 \u00d6N<br \/>\nCN 250 3 (MF02) Fusion\/Fusion X \/Fusion X Special 03 \u00d6N<br \/>\nVT 250 Spada 89- \u00d6N<br \/>\nVT 250 CR\/CT\/CV \u2018Magna\u2019 95-97 \u00d6N<br \/>\nVTR 250 W\/Y\/1-7 (MC33) 98-07 \u00d6N<br \/>\nVTR 250-9 09-10 \u00d6N<br \/>\nCBR 300 RA ABS 14-21\u00a0\u00d6N<br \/>\nNSS 300 D Forza (ABS) 18-21 \u00d6N<br \/>\nNSS 350 AM Forza (ABS) 21-22 \u00d6N<br \/>\nSH 300i (2 Piston Caliper\/ABS) 16-21 \u00d6N<br \/>\nSH 350i (2 Piston Caliper\/ABS) 20-21 \u00d6N<br \/>\nCB 400 SS (SS2-N41) 01-05 \u00d6N<br \/>\nCL 400 (NC38) 98-03 \u00d6N<br \/>\nFJS 400 D6\/D7\/D8 06-08 \u00d6N<br \/>\nNV 400 DCY\/DC1\/DC2 (NC40) Shadow Slasher 00-02 \u00d6N<br \/>\nSW-T 400 (FJS 400 D9) 09 ARKA<br \/>\nSW-T 400 (FJS 400 A9\/AB) (ABS) 09-16 ARKA<br \/>\nVRX 400 T (NC33) 96 \u00d6N<br \/>\nCBF 500 4 (Non ABS Model) 04 \u00d6N<br \/>\nCB 500 R\/T 94-96 \u00d6N<br \/>\nCB 500 F (Non ABS) 13-20 \u00d6N<br \/>\nCB 500 FA (ABS) 13-21 \u00d6N<br \/>\nCB 500 X (Non ABS\/Twin) 14-20 \u00d6N<br \/>\nCB 500 XA (ABS\/Twin) 14-21 \u00d6N<br \/>\nCBR 500 R (Non ABS\/Twin) 13-20 \u00d6N<br \/>\nCBR 500 RA (ABS\/Twin) 13-21 \u00d6N<br \/>\nCMX 500 REBEL 17-21 \u00d6N<br \/>\nFJS 600 1\/2\/D3-D7\/A3-A7 Silverwing 01-09 ARKA<br \/>\nSW-T 600 (FJS 600 AB) (ABS) 11-16 ARKA<br \/>\nXL 600 VR\/VT \u201cTransalp\u201d 94-96 \u00d6N<br \/>\nFMX 650 5\/6 05-08 \u00d6N<br \/>\nDN-01 (680cc) (NSA700 A8\/A9) 08-11 ARKA<br \/>\nCTX 700 DE-DCT 14-21 \u00d6N<br \/>\nCTX 700 N-DCT 14-21 \u00d6N<br \/>\nNC 700 S (Non ABS) 12-13 \u00d6N<br \/>\nNC 700 X (Non ABS) 12-13 \u00d6N<br \/>\nCBR 750 FJ \u2018Superaero\u2019 -88 ARKA<br \/>\nNC 750 S 14-15 \u00d6N<br \/>\nNC 750 S ABS 14-18 \u00d6N<br \/>\nNC 750 S ABS DCT 14-18 \u00d6N<br \/>\nNC 750 X 14-15 F NC 750 X ABS 14-21 \u00d6N<br \/>\nNC 750 X ABS DCT 14-21 \u00d6N<br \/>\nNC 750 Integra Scooter &#8211; DCT (NC 750 D) 14-21 \u00d6N<br \/>\nNM4 Vultus (NC 750 J) 15-17 \u00d6N<br \/>\nVF 750 CP\/CR\/CS\/CT\/CV\/CW\/CX 93-99 \u00d6N<br \/>\nVFR 750 FJ\/FK\/FL\/FM\/FN\/FP\/FR\/FS\/FT\/FV 88-97 ARKA<\/p>\n","protected":false},"excerpt":{"rendered":"<p>NC750 \u00d6N BALATA NC750 2017 \u00d6N BALATA BENELLI Imperiale 400 18 \u00d6N BMW C Evolution Electric 18-20 ARKA C 600 Sport Scooter 12-15 ARKA C 600 Sport Highline 13-15 ARKA C 650 GT Scooter 12-20 ARKA C 650 GT Highline 13-18 ARKA C 650 Sport Scooter 16-20 ARKA C Evolution (Scooter) 14-18 ARKA BUELL Blast [&hellip;]<\/p>\n","protected":false},"featured_media":803,"template":"","meta":[],"product_brand":[],"product_cat":[70,34],"product_tag":[],"class_list":{"0":"post-802","1":"product","2":"type-product","3":"status-publish","4":"has-post-thumbnail","6":"product_cat-balatalar","7":"product_cat-yedek-parca","9":"first","10":"instock","11":"sale","12":"shipping-taxable","13":"purchasable","14":"product-type-simple"},"_links":{"self":[{"href":"https:\/\/dclleather.com\/index.php\/wp-json\/wp\/v2\/product\/802","targetHints":{"allow":["GET"]}}],"collection":[{"href":"https:\/\/dclleather.com\/index.php\/wp-json\/wp\/v2\/product"}],"about":[{"href":"https:\/\/dclleather.com\/index.php\/wp-json\/wp\/v2\/types\/product"}],"wp:featuredmedia":[{"embeddable":true,"href":"https:\/\/dclleather.com\/index.php\/wp-json\/wp\/v2\/media\/803"}],"wp:attachment":[{"href":"https:\/\/dclleather.com\/index.php\/wp-json\/wp\/v2\/media?parent=802"}],"wp:term":[{"taxonomy":"product_brand","embeddable":true,"href":"https:\/\/dclleather.com\/index.php\/wp-json\/wp\/v2\/product_brand?post=802"},{"taxonomy":"product_cat","embeddable":true,"href":"https:\/\/dclleather.com\/index.php\/wp-json\/wp\/v2\/product_cat?post=802"},{"taxonomy":"product_tag","embeddable":true,"href":"https:\/\/dclleather.com\/index.php\/wp-json\/wp\/v2\/product_tag?post=802"}],"curies":[{"name":"wp","href":"https:\/\/api.w.org\/{rel}","templated":true}]}}