{"id":800,"date":"2025-12-05T19:41:55","date_gmt":"2025-12-05T19:41:55","guid":{"rendered":"https:\/\/dclleather.com\/?post_type=product&#038;p=800"},"modified":"2025-12-07T11:35:47","modified_gmt":"2025-12-07T11:35:47","slug":"nk464-nmax-125-155-arka-fren-balatasi","status":"publish","type":"product","link":"https:\/\/dclleather.com\/index.php\/product\/nk464-nmax-125-155-arka-fren-balatasi\/","title":{"rendered":"NK464 NMAX 125-155 ARKA FREN BALATASI"},"content":{"rendered":"<p>YBR \u00d6N FREN BALATASI<br \/>\nYBR ESD \u00d6N FREN BALATASI<br \/>\nYBR YS \u00d6N FREN BALATASI<br \/>\nNMAX 125 ARKA FREN BALATASI<br \/>\nNMAX 155 ARKA FREN BALATASI<br \/>\nYAMAHA GPD 125 A &#8211; N-Max\/2DS1 15-18 ARKA<br \/>\nN-Max 125- See GPD 125 A 15-21 ARKA<br \/>\nXC 115 S-D\u2019elight 14-16 \u00d6N<br \/>\nFZS 25 19-21\u00a0\u00d6N<br \/>\nXC 125 Vity (4P7) 08-13 \u00d6N<br \/>\nYBR 125 (3D92\/9) 07-09 \u00d6N<br \/>\nYBR 125 Custom 08-16 \u00d6N<br \/>\nYBR 125 (51D1\/2) 10-16 \u00d6N<br \/>\nYS 125 17-21 \u00d6N<\/p>\n","protected":false},"excerpt":{"rendered":"<p>YBR \u00d6N FREN BALATASI YBR ESD \u00d6N FREN BALATASI YBR YS \u00d6N FREN BALATASI NMAX 125 ARKA FREN BALATASI NMAX 155 ARKA FREN BALATASI YAMAHA GPD 125 A &#8211; N-Max\/2DS1 15-18 ARKA N-Max 125- See GPD 125 A 15-21 ARKA XC 115 S-D\u2019elight 14-16 \u00d6N FZS 25 19-21\u00a0\u00d6N XC 125 Vity (4P7) 08-13 \u00d6N YBR [&hellip;]<\/p>\n","protected":false},"featured_media":801,"template":"","meta":[],"product_brand":[],"product_cat":[70,34],"product_tag":[],"class_list":{"0":"post-800","1":"product","2":"type-product","3":"status-publish","4":"has-post-thumbnail","6":"product_cat-balatalar","7":"product_cat-yedek-parca","9":"first","10":"instock","11":"sale","12":"shipping-taxable","13":"purchasable","14":"product-type-simple"},"_links":{"self":[{"href":"https:\/\/dclleather.com\/index.php\/wp-json\/wp\/v2\/product\/800","targetHints":{"allow":["GET"]}}],"collection":[{"href":"https:\/\/dclleather.com\/index.php\/wp-json\/wp\/v2\/product"}],"about":[{"href":"https:\/\/dclleather.com\/index.php\/wp-json\/wp\/v2\/types\/product"}],"wp:featuredmedia":[{"embeddable":true,"href":"https:\/\/dclleather.com\/index.php\/wp-json\/wp\/v2\/media\/801"}],"wp:attachment":[{"href":"https:\/\/dclleather.com\/index.php\/wp-json\/wp\/v2\/media?parent=800"}],"wp:term":[{"taxonomy":"product_brand","embeddable":true,"href":"https:\/\/dclleather.com\/index.php\/wp-json\/wp\/v2\/product_brand?post=800"},{"taxonomy":"product_cat","embeddable":true,"href":"https:\/\/dclleather.com\/index.php\/wp-json\/wp\/v2\/product_cat?post=800"},{"taxonomy":"product_tag","embeddable":true,"href":"https:\/\/dclleather.com\/index.php\/wp-json\/wp\/v2\/product_tag?post=800"}],"curies":[{"name":"wp","href":"https:\/\/api.w.org\/{rel}","templated":true}]}}