{"id":798,"date":"2025-12-05T19:36:32","date_gmt":"2025-12-05T19:36:32","guid":{"rendered":"https:\/\/dclleather.com\/?post_type=product&#038;p=798"},"modified":"2025-12-07T11:36:57","modified_gmt":"2025-12-07T11:36:57","slug":"nk-694-nmax-125-155-on-fren-balatasi","status":"publish","type":"product","link":"https:\/\/dclleather.com\/index.php\/product\/nk-694-nmax-125-155-on-fren-balatasi\/","title":{"rendered":"NK 694 NMAX 125-155 \u00d6N FREN BALATASI"},"content":{"rendered":"<p>NMAX \u00d6N FREN BALATASI<br \/>\nNMAX 125 \u00d6N FREN BALATASI<br \/>\nNMAX 155 \u00d6N FREN BALATASI<br \/>\nYAMAHA GPD 125 A &#8211; N-Max\/2DS1 15-18 \u00d6N<br \/>\nN-Max 125- See GPD 125 A 15-21 \u00d6N<br \/>\nGPD 150 A &#8211; N-Max\/2DP4 15-17 \u00d6N<br \/>\nN-Max 150 -See GPD150 A 15-17 \u00d6N<br \/>\nLTS 125-C D\u2019elight 17-21 \u00d6N<\/p>\n","protected":false},"excerpt":{"rendered":"<p>NMAX \u00d6N FREN BALATASI NMAX 125 \u00d6N FREN BALATASI NMAX 155 \u00d6N FREN BALATASI YAMAHA GPD 125 A &#8211; N-Max\/2DS1 15-18 \u00d6N N-Max 125- See GPD 125 A 15-21 \u00d6N GPD 150 A &#8211; N-Max\/2DP4 15-17 \u00d6N N-Max 150 -See GPD150 A 15-17 \u00d6N LTS 125-C D\u2019elight 17-21 \u00d6N<\/p>\n","protected":false},"featured_media":799,"template":"","meta":[],"product_brand":[],"product_cat":[70,34],"product_tag":[],"class_list":{"0":"post-798","1":"product","2":"type-product","3":"status-publish","4":"has-post-thumbnail","6":"product_cat-balatalar","7":"product_cat-yedek-parca","9":"first","10":"instock","11":"sale","12":"shipping-taxable","13":"purchasable","14":"product-type-simple"},"_links":{"self":[{"href":"https:\/\/dclleather.com\/index.php\/wp-json\/wp\/v2\/product\/798","targetHints":{"allow":["GET"]}}],"collection":[{"href":"https:\/\/dclleather.com\/index.php\/wp-json\/wp\/v2\/product"}],"about":[{"href":"https:\/\/dclleather.com\/index.php\/wp-json\/wp\/v2\/types\/product"}],"wp:featuredmedia":[{"embeddable":true,"href":"https:\/\/dclleather.com\/index.php\/wp-json\/wp\/v2\/media\/799"}],"wp:attachment":[{"href":"https:\/\/dclleather.com\/index.php\/wp-json\/wp\/v2\/media?parent=798"}],"wp:term":[{"taxonomy":"product_brand","embeddable":true,"href":"https:\/\/dclleather.com\/index.php\/wp-json\/wp\/v2\/product_brand?post=798"},{"taxonomy":"product_cat","embeddable":true,"href":"https:\/\/dclleather.com\/index.php\/wp-json\/wp\/v2\/product_cat?post=798"},{"taxonomy":"product_tag","embeddable":true,"href":"https:\/\/dclleather.com\/index.php\/wp-json\/wp\/v2\/product_tag?post=798"}],"curies":[{"name":"wp","href":"https:\/\/api.w.org\/{rel}","templated":true}]}}