{"id":789,"date":"2025-12-05T16:55:43","date_gmt":"2025-12-05T16:55:43","guid":{"rendered":"https:\/\/dclleather.com\/?post_type=product&#038;p=789"},"modified":"2025-12-07T11:36:57","modified_gmt":"2025-12-07T11:36:57","slug":"on-fren-disk-balatasi-bs174-organik-gold-hondakawasakisuzukiyamaha","status":"publish","type":"product","link":"https:\/\/dclleather.com\/index.php\/product\/on-fren-disk-balatasi-bs174-organik-gold-hondakawasakisuzukiyamaha\/","title":{"rendered":"\u00d6N FREN D\u0130SK BALATASI [BS174] ORGAN\u0130K GOLD, HONDA,KAWASAK\u0130,SUZUK\u0130,YAMAHA"},"content":{"rendered":"<table class=\"compatibility-table\">\n<thead>\n<tr>\n<th>Marka<\/th>\n<th>Model<\/th>\n<th>Motor Hacmi<\/th>\n<th>Y\u0131l<\/th>\n<\/tr>\n<\/thead>\n<tbody>\n<tr>\n<td>Honda<\/td>\n<td>CB F HORNET<\/td>\n<td>900 CC<\/td>\n<td>2001-2013<\/td>\n<\/tr>\n<tr>\n<td>Honda<\/td>\n<td>CBF<\/td>\n<td>600 CC<\/td>\n<td>2004-2012<\/td>\n<\/tr>\n<tr>\n<td>Honda<\/td>\n<td>CBF<\/td>\n<td>1000 CC<\/td>\n<td>2011-2013<\/td>\n<\/tr>\n<tr>\n<td>Honda<\/td>\n<td>CBF 500<\/td>\n<td>500 CC<\/td>\n<td>2004-2008<\/td>\n<\/tr>\n<tr>\n<td>Honda<\/td>\n<td>CBR F<\/td>\n<td>600 CC<\/td>\n<td>1991-2007<\/td>\n<\/tr>\n<tr>\n<td>Honda<\/td>\n<td>CBR RR<\/td>\n<td>900 CC<\/td>\n<td>1992-1999<\/td>\n<\/tr>\n<tr>\n<td>Honda<\/td>\n<td>CBR RR<\/td>\n<td>929 CC<\/td>\n<td>2000-2001<\/td>\n<\/tr>\n<tr>\n<td>Honda<\/td>\n<td>CBR RR<\/td>\n<td>954 CC<\/td>\n<td>2002-2003<\/td>\n<\/tr>\n<tr>\n<td>Honda<\/td>\n<td>CBR RR<\/td>\n<td>600 CC<\/td>\n<td>2003-2006<\/td>\n<\/tr>\n<tr>\n<td>Honda<\/td>\n<td>CRF L AFRICA TWIN ADV \/ DCT L2<\/td>\n<td>1100 CC<\/td>\n<td>2020-2021<\/td>\n<\/tr>\n<tr>\n<td>Honda<\/td>\n<td>CRF L AFRICA TWIN ADV \/ DCT L4<\/td>\n<td>1100 CC<\/td>\n<td>2020-2021<\/td>\n<\/tr>\n<tr>\n<td>Honda<\/td>\n<td>CRF L AFRICA TWIN \/ DCT<\/td>\n<td>1000 CC<\/td>\n<td>2016-2019<\/td>\n<\/tr>\n<tr>\n<td>Honda<\/td>\n<td>CRF L AFRICA TWIN ADV \/ DCT<\/td>\n<td>1000 CC<\/td>\n<td>2016-2019<\/td>\n<\/tr>\n<tr>\n<td>Honda<\/td>\n<td>FORZA ABS<\/td>\n<td>750 CC<\/td>\n<td>2020-2022<\/td>\n<\/tr>\n<tr>\n<td>Honda<\/td>\n<td>INTEGRA<\/td>\n<td>700 CC<\/td>\n<td>2012-2013<\/td>\n<\/tr>\n<tr>\n<td>Honda<\/td>\n<td>NC S<\/td>\n<td>700 CC<\/td>\n<td>2012-2013<\/td>\n<\/tr>\n<tr>\n<td>Kawasaki<\/td>\n<td>NINJA 650 KRT<\/td>\n<td>650 CC<\/td>\n<td>2017-2020<\/td>\n<\/tr>\n<tr>\n<td>Kawasaki<\/td>\n<td>VERSYS<\/td>\n<td>1000 CC<\/td>\n<td>2012-2019<\/td>\n<\/tr>\n<tr>\n<td>Kawasaki<\/td>\n<td>Z 1000<\/td>\n<td>1000 CC<\/td>\n<td>2007-2019<\/td>\n<\/tr>\n<tr>\n<td>Kawasaki<\/td>\n<td>Z 750 \/ S<\/td>\n<td>750 CC<\/td>\n<td>2007-2019<\/td>\n<\/tr>\n<tr>\n<td>Suzuki<\/td>\n<td>DL V-STROM<\/td>\n<td>250 CC<\/td>\n<td>2017-2020<\/td>\n<\/tr>\n<tr>\n<td>Suzuki<\/td>\n<td>GSF BANDIT \/ S<\/td>\n<td>1200 CC<\/td>\n<td>2006-2018<\/td>\n<\/tr>\n<tr>\n<td>Suzuki<\/td>\n<td>GSF BANDIT \/ S<\/td>\n<td>650 CC<\/td>\n<td>2007-2012<\/td>\n<\/tr>\n<tr>\n<td>Suzuki<\/td>\n<td>GSR<\/td>\n<td>750 CC<\/td>\n<td>2011-2016<\/td>\n<\/tr>\n<tr>\n<td>Suzuki<\/td>\n<td>GSX F<\/td>\n<td>650 CC<\/td>\n<td>2008-2014<\/td>\n<\/tr>\n<tr>\n<td>Suzuki<\/td>\n<td>GSX FA<\/td>\n<td>1250 CC<\/td>\n<td>2010-2016<\/td>\n<\/tr>\n<tr>\n<td>Suzuki<\/td>\n<td>GSX-S<\/td>\n<td>750 CC<\/td>\n<td>2017-2020<\/td>\n<\/tr>\n<tr>\n<td>Suzuki<\/td>\n<td>GSX-S \/ F ABS<\/td>\n<td>1000 CC<\/td>\n<td>2015-2020<\/td>\n<\/tr>\n<\/tbody>\n<\/table>\n","protected":false},"excerpt":{"rendered":"<p>Marka Model Motor Hacmi Y\u0131l Honda CB F HORNET 900 CC 2001-2013 Honda CBF 600 CC 2004-2012 Honda CBF 1000 CC 2011-2013 Honda CBF 500 500 CC 2004-2008 Honda CBR F 600 CC 1991-2007 Honda CBR RR 900 CC 1992-1999 Honda CBR RR 929 CC 2000-2001 Honda CBR RR 954 CC 2002-2003 Honda CBR RR [&hellip;]<\/p>\n","protected":false},"featured_media":790,"template":"","meta":[],"product_brand":[],"product_cat":[70,34],"product_tag":[],"class_list":{"0":"post-789","1":"product","2":"type-product","3":"status-publish","4":"has-post-thumbnail","6":"product_cat-balatalar","7":"product_cat-yedek-parca","9":"first","10":"instock","11":"sale","12":"shipping-taxable","13":"purchasable","14":"product-type-simple"},"_links":{"self":[{"href":"https:\/\/dclleather.com\/index.php\/wp-json\/wp\/v2\/product\/789","targetHints":{"allow":["GET"]}}],"collection":[{"href":"https:\/\/dclleather.com\/index.php\/wp-json\/wp\/v2\/product"}],"about":[{"href":"https:\/\/dclleather.com\/index.php\/wp-json\/wp\/v2\/types\/product"}],"wp:featuredmedia":[{"embeddable":true,"href":"https:\/\/dclleather.com\/index.php\/wp-json\/wp\/v2\/media\/790"}],"wp:attachment":[{"href":"https:\/\/dclleather.com\/index.php\/wp-json\/wp\/v2\/media?parent=789"}],"wp:term":[{"taxonomy":"product_brand","embeddable":true,"href":"https:\/\/dclleather.com\/index.php\/wp-json\/wp\/v2\/product_brand?post=789"},{"taxonomy":"product_cat","embeddable":true,"href":"https:\/\/dclleather.com\/index.php\/wp-json\/wp\/v2\/product_cat?post=789"},{"taxonomy":"product_tag","embeddable":true,"href":"https:\/\/dclleather.com\/index.php\/wp-json\/wp\/v2\/product_tag?post=789"}],"curies":[{"name":"wp","href":"https:\/\/api.w.org\/{rel}","templated":true}]}}