{"id":787,"date":"2025-12-05T16:52:58","date_gmt":"2025-12-05T16:52:58","guid":{"rendered":"https:\/\/dclleather.com\/?post_type=product&#038;p=787"},"modified":"2025-12-07T11:36:57","modified_gmt":"2025-12-07T11:36:57","slug":"on-fren-disk-balatasi-bs693-organik-honda-cbr125r-mxs125-pcx125-rks-veloce150","status":"publish","type":"product","link":"https:\/\/dclleather.com\/index.php\/product\/on-fren-disk-balatasi-bs693-organik-honda-cbr125r-mxs125-pcx125-rks-veloce150\/","title":{"rendered":"\u00d6N FREN D\u0130SK BALATASI [BS693] ORGAN\u0130K &#8211; HONDA CBR125R, MXS125, PCX125, RKS VELOCE150"},"content":{"rendered":"<div class=\"active\" data-tab-content=\"1\">\n<div class=\"product-detail\">\n<table width=\"700\" align=\"center\">\n<tbody>\n<tr>\n<td class=\"tablosol\"><b>Marka<\/b><\/td>\n<td class=\"tablosol\"><b>Model<\/b><\/td>\n<td class=\"tablosol\"><b>CC<\/b><\/td>\n<td class=\"tablosol\"><b>Y\u0131l<\/b><\/td>\n<\/tr>\n<tr>\n<td class=\"tablosol\">Honda<\/td>\n<td class=\"tablosol\">CBR 125 R<\/td>\n<td class=\"tablosol\">125<\/td>\n<td class=\"tablosol\">2013 &#8211; 2020<\/td>\n<\/tr>\n<tr>\n<td class=\"tablosol\">Honda<\/td>\n<td class=\"tablosol\">CRF 250 L<\/td>\n<td class=\"tablosol\">250<\/td>\n<td class=\"tablosol\">2014 &#8211; 2024<\/td>\n<\/tr>\n<tr>\n<td class=\"tablosol\">Honda<\/td>\n<td class=\"tablosol\">MONKEY125<\/td>\n<td class=\"tablosol\">125<\/td>\n<td class=\"tablosol\">2013 &#8211; 2023<\/td>\n<\/tr>\n<tr>\n<td class=\"tablosol\">Honda<\/td>\n<td class=\"tablosol\">MXS 125<\/td>\n<td class=\"tablosol\">125<\/td>\n<td class=\"tablosol\">2013 &#8211; 2023<\/td>\n<\/tr>\n<tr>\n<td class=\"tablosol\">Honda<\/td>\n<td class=\"tablosol\">PCX 125<\/td>\n<td class=\"tablosol\">125<\/td>\n<td class=\"tablosol\">2021 &#8211; 2024<\/td>\n<\/tr>\n<tr>\n<td class=\"tablosol\">Rks<\/td>\n<td class=\"tablosol\">VELOCE 150<\/td>\n<td class=\"tablosol\">150<\/td>\n<td class=\"tablosol\">2022 &#8211; 2024<\/td>\n<\/tr>\n<\/tbody>\n<\/table>\n<\/div>\n<\/div>\n<div class=\"col-12\" data-tab-content=\"2\">\n<div id=\"product-detail-comments\">\n<div class=\"product-detail-comments-info\">\n<div class=\"row\"><\/div>\n<\/div>\n<\/div>\n<\/div>\n<div class=\"col-12\" data-tab-content=\"4\">\n<div id=\"product-detail-feed\">\n<form id=\"product-feed-form\" class=\"form\" action=\"https:\/\/www.anadolumotosiklet.com\/product\/feed\" method=\"post\">\n<div class=\"product-detail-feed-container\">\n<div class=\"product-detail-feed-title\"><\/div>\n<\/div>\n<\/form>\n<\/div>\n<\/div>\n","protected":false},"excerpt":{"rendered":"<p>Marka Model CC Y\u0131l Honda CBR 125 R 125 2013 &#8211; 2020 Honda CRF 250 L 250 2014 &#8211; 2024 Honda MONKEY125 125 2013 &#8211; 2023 Honda MXS 125 125 2013 &#8211; 2023 Honda PCX 125 125 2021 &#8211; 2024 Rks VELOCE 150 150 2022 &#8211; 2024<\/p>\n","protected":false},"featured_media":788,"template":"","meta":[],"product_brand":[],"product_cat":[70,34],"product_tag":[],"class_list":{"0":"post-787","1":"product","2":"type-product","3":"status-publish","4":"has-post-thumbnail","6":"product_cat-balatalar","7":"product_cat-yedek-parca","9":"first","10":"instock","11":"sale","12":"shipping-taxable","13":"purchasable","14":"product-type-simple"},"_links":{"self":[{"href":"https:\/\/dclleather.com\/index.php\/wp-json\/wp\/v2\/product\/787","targetHints":{"allow":["GET"]}}],"collection":[{"href":"https:\/\/dclleather.com\/index.php\/wp-json\/wp\/v2\/product"}],"about":[{"href":"https:\/\/dclleather.com\/index.php\/wp-json\/wp\/v2\/types\/product"}],"wp:featuredmedia":[{"embeddable":true,"href":"https:\/\/dclleather.com\/index.php\/wp-json\/wp\/v2\/media\/788"}],"wp:attachment":[{"href":"https:\/\/dclleather.com\/index.php\/wp-json\/wp\/v2\/media?parent=787"}],"wp:term":[{"taxonomy":"product_brand","embeddable":true,"href":"https:\/\/dclleather.com\/index.php\/wp-json\/wp\/v2\/product_brand?post=787"},{"taxonomy":"product_cat","embeddable":true,"href":"https:\/\/dclleather.com\/index.php\/wp-json\/wp\/v2\/product_cat?post=787"},{"taxonomy":"product_tag","embeddable":true,"href":"https:\/\/dclleather.com\/index.php\/wp-json\/wp\/v2\/product_tag?post=787"}],"curies":[{"name":"wp","href":"https:\/\/api.w.org\/{rel}","templated":true}]}}