{"id":785,"date":"2025-12-05T16:47:35","date_gmt":"2025-12-05T16:47:35","guid":{"rendered":"https:\/\/dclleather.com\/?post_type=product&#038;p=785"},"modified":"2025-12-07T11:36:57","modified_gmt":"2025-12-07T11:36:57","slug":"on-fren-disk-balatasi-bs140-organik-nk150-cb250rcb500f-driftl125-rks-r250-tvs-apache-xj6","status":"publish","type":"product","link":"https:\/\/dclleather.com\/index.php\/product\/on-fren-disk-balatasi-bs140-organik-nk150-cb250rcb500f-driftl125-rks-r250-tvs-apache-xj6\/","title":{"rendered":"\u00d6N FREN D\u0130SK BALATASI [BS140] ORGAN\u0130K &#8211; NK150, CB250R,CB500F DR\u0130FTL125, RKS R250, , TVS APACHE, XJ6"},"content":{"rendered":"<h3>Uyumlu Ara\u00e7lar<\/h3>\n<div class=\"table-responsive\">\n<table class=\"compatibility-table\">\n<thead>\n<tr>\n<th>Marka<\/th>\n<th>Model<\/th>\n<th>Motor Hacmi<\/th>\n<th>Y\u0131l<\/th>\n<\/tr>\n<\/thead>\n<tbody>\n<tr>\n<td>Honda<\/td>\n<td>CBR 250R<\/td>\n<td>250 CC<\/td>\n<td>2010-2024<\/td>\n<\/tr>\n<tr>\n<td>Honda<\/td>\n<td>FORESIGHT<\/td>\n<td>250 CC<\/td>\n<td>2000-2007<\/td>\n<\/tr>\n<tr>\n<td>Honda<\/td>\n<td>CB 500 F<\/td>\n<td>500 CC<\/td>\n<td>2013-2022<\/td>\n<\/tr>\n<tr>\n<td>Honda<\/td>\n<td>CBR 500R<\/td>\n<td>500 CC<\/td>\n<td>2014-2024<\/td>\n<\/tr>\n<tr>\n<td>Honda<\/td>\n<td>XL V TRANSALP<\/td>\n<td>600 CC<\/td>\n<td>1991-1999<\/td>\n<\/tr>\n<tr>\n<td>Honda<\/td>\n<td>CB 650F<\/td>\n<td>650 CC<\/td>\n<td>2014-2024<\/td>\n<\/tr>\n<tr>\n<td>Honda<\/td>\n<td>CB 650R<\/td>\n<td>650 CC<\/td>\n<td>2019-2024<\/td>\n<\/tr>\n<tr>\n<td>Honda<\/td>\n<td>CBR 650F<\/td>\n<td>650 CC<\/td>\n<td>2014-2024<\/td>\n<\/tr>\n<tr>\n<td>Honda<\/td>\n<td>NX DOMINATOR<\/td>\n<td>650 CC<\/td>\n<td>1990-1996<\/td>\n<\/tr>\n<tr>\n<td>Honda<\/td>\n<td>XL V TRANSALP<\/td>\n<td>650 CC<\/td>\n<td>2000-2008<\/td>\n<\/tr>\n<tr>\n<td>Honda<\/td>\n<td>XL V TRANSALP ABS<\/td>\n<td>700 CC<\/td>\n<td>2008-2012<\/td>\n<\/tr>\n<tr>\n<td>Honda<\/td>\n<td>INTEGRA<\/td>\n<td>750 CC<\/td>\n<td>2014-2024<\/td>\n<\/tr>\n<tr>\n<td>Honda<\/td>\n<td>NC S<\/td>\n<td>750 CC<\/td>\n<td>2014-2024<\/td>\n<\/tr>\n<tr>\n<td>Honda<\/td>\n<td>NC S DCT<\/td>\n<td>750 CC<\/td>\n<td>2014-2024<\/td>\n<\/tr>\n<tr>\n<td>Honda<\/td>\n<td>NC X<\/td>\n<td>750 CC<\/td>\n<td>2014-2024<\/td>\n<\/tr>\n<tr>\n<td>Honda<\/td>\n<td>NC X DCT<\/td>\n<td>750 CC<\/td>\n<td>2014-2024<\/td>\n<\/tr>\n<tr>\n<td>Honda<\/td>\n<td>XL TRANSALP<\/td>\n<td>750 CC<\/td>\n<td>2020-2024<\/td>\n<\/tr>\n<tr>\n<td>Honda<\/td>\n<td>Z 800<\/td>\n<td>750 CC<\/td>\n<td>1990-2002<\/td>\n<\/tr>\n<tr>\n<td>Kawasaki<\/td>\n<td>VERSYS 650 ABS<\/td>\n<td>650 CC<\/td>\n<td>2015-2024<\/td>\n<\/tr>\n<tr>\n<td>Rks<\/td>\n<td>R 250<\/td>\n<td>250 CC<\/td>\n<td>2020-2024<\/td>\n<\/tr>\n<tr>\n<td>Suzuki<\/td>\n<td>SV 650<\/td>\n<td>650 CC<\/td>\n<td>2016-2023<\/td>\n<\/tr>\n<tr>\n<td>Triumph<\/td>\n<td>TIGER SPORT<\/td>\n<td>660 CC<\/td>\n<td>2021-2024<\/td>\n<\/tr>\n<tr>\n<td>Triumph<\/td>\n<td>TRIDENT<\/td>\n<td>660 CC<\/td>\n<td>2022-2024<\/td>\n<\/tr>\n<tr>\n<td>Triumph<\/td>\n<td>DAYTONA<\/td>\n<td>675 CC<\/td>\n<td>2006-2014<\/td>\n<\/tr>\n<tr>\n<td>Triumph<\/td>\n<td>DAYTONA R<\/td>\n<td>675 CC<\/td>\n<td>2011-2013<\/td>\n<\/tr>\n<tr>\n<td>Triumph<\/td>\n<td>SPEED TRIPLE<\/td>\n<td>675 CC<\/td>\n<td>2008-2012<\/td>\n<\/tr>\n<tr>\n<td>Triumph<\/td>\n<td>SPEED TRIPLE R<\/td>\n<td>675 CC<\/td>\n<td>2008-2015<\/td>\n<\/tr>\n<tr>\n<td>Triumph<\/td>\n<td>TIGER<\/td>\n<td>800 CC<\/td>\n<td>2010-2023<\/td>\n<\/tr>\n<tr>\n<td>Triumph<\/td>\n<td>TIGER XC<\/td>\n<td>800 CC<\/td>\n<td>2010-2015<\/td>\n<\/tr>\n<tr>\n<td>Triumph<\/td>\n<td>TIGER XC \/ A \/ X<\/td>\n<td>800 CC<\/td>\n<td>2015-2024<\/td>\n<\/tr>\n<tr>\n<td>Triumph<\/td>\n<td>TIGER XR \/ X \/ T<\/td>\n<td>800 CC<\/td>\n<td>2015-2023<\/td>\n<\/tr>\n<tr>\n<td>TVS<\/td>\n<td>APACHE RTR 150<\/td>\n<td>150 CC<\/td>\n<td>2017-2024<\/td>\n<\/tr>\n<tr>\n<td>TVS<\/td>\n<td>APACHE RTR 200<\/td>\n<td>200 CC<\/td>\n<td>2015-2024<\/td>\n<\/tr>\n<tr>\n<td>CF MOTO<\/td>\n<td>NK 150<\/td>\n<td>150 CC<\/td>\n<td>2013-2021<\/td>\n<\/tr>\n<tr>\n<td>Honda<\/td>\n<td>CB 250 R<\/td>\n<td>250 CC<\/td>\n<td>2018-2022<\/td>\n<\/tr>\n<tr>\n<td>Honda<\/td>\n<td>CBR 650R<\/td>\n<td>650 CC<\/td>\n<td>2019-2022<\/td>\n<\/tr>\n<\/tbody>\n<\/table>\n<\/div>\n","protected":false},"excerpt":{"rendered":"<h2 class=\"description__title\">BS140 HONDA-TVS-RKS-MOND\u0130AL DR\u0130FT L ARKA YARI S\u0130NTERL\u0130 BALATA<\/h2>\n","protected":false},"featured_media":786,"template":"","meta":[],"product_brand":[],"product_cat":[70,34],"product_tag":[],"class_list":{"0":"post-785","1":"product","2":"type-product","3":"status-publish","4":"has-post-thumbnail","6":"product_cat-balatalar","7":"product_cat-yedek-parca","9":"first","10":"instock","11":"sale","12":"shipping-taxable","13":"purchasable","14":"product-type-simple"},"_links":{"self":[{"href":"https:\/\/dclleather.com\/index.php\/wp-json\/wp\/v2\/product\/785","targetHints":{"allow":["GET"]}}],"collection":[{"href":"https:\/\/dclleather.com\/index.php\/wp-json\/wp\/v2\/product"}],"about":[{"href":"https:\/\/dclleather.com\/index.php\/wp-json\/wp\/v2\/types\/product"}],"wp:featuredmedia":[{"embeddable":true,"href":"https:\/\/dclleather.com\/index.php\/wp-json\/wp\/v2\/media\/786"}],"wp:attachment":[{"href":"https:\/\/dclleather.com\/index.php\/wp-json\/wp\/v2\/media?parent=785"}],"wp:term":[{"taxonomy":"product_brand","embeddable":true,"href":"https:\/\/dclleather.com\/index.php\/wp-json\/wp\/v2\/product_brand?post=785"},{"taxonomy":"product_cat","embeddable":true,"href":"https:\/\/dclleather.com\/index.php\/wp-json\/wp\/v2\/product_cat?post=785"},{"taxonomy":"product_tag","embeddable":true,"href":"https:\/\/dclleather.com\/index.php\/wp-json\/wp\/v2\/product_tag?post=785"}],"curies":[{"name":"wp","href":"https:\/\/api.w.org\/{rel}","templated":true}]}}