{"id":782,"date":"2025-12-05T16:37:52","date_gmt":"2025-12-05T16:37:52","guid":{"rendered":"https:\/\/dclleather.com\/?post_type=product&#038;p=782"},"modified":"2025-12-07T11:36:57","modified_gmt":"2025-12-07T11:36:57","slug":"bs415-arka-fren-balatasi-forza-beatrix-trk-502-x-abs-max-t","status":"publish","type":"product","link":"https:\/\/dclleather.com\/index.php\/product\/bs415-arka-fren-balatasi-forza-beatrix-trk-502-x-abs-max-t\/","title":{"rendered":"BS415 Arka Fren Balatas\u0131 FORZA BEATRIX TRK 502 X ABS MAX T"},"content":{"rendered":"<table class=\"compatibility-table\">\n<thead>\n<tr>\n<th>Marka<\/th>\n<th>Model<\/th>\n<th>Motor Hacmi<\/th>\n<th>Y\u0131l<\/th>\n<\/tr>\n<\/thead>\n<tbody>\n<tr>\n<td>Benelli<\/td>\n<td>TRK 502 ABS<\/td>\n<td>502 CC<\/td>\n<td>2019-2020<\/td>\n<\/tr>\n<tr>\n<td>Benelli<\/td>\n<td>TRK 502 X ABS<\/td>\n<td>502 CC<\/td>\n<td>2017-2020<\/td>\n<\/tr>\n<tr>\n<td>Honda<\/td>\n<td>FORZA<\/td>\n<td>250 CC<\/td>\n<td>2018-2022<\/td>\n<\/tr>\n<tr>\n<td>Honda<\/td>\n<td>FORZA<\/td>\n<td>300 CC<\/td>\n<td>2018-2023<\/td>\n<\/tr>\n<tr>\n<td>Honda<\/td>\n<td>SH \u00e9(TM)OE<\/td>\n<td>300 CC<\/td>\n<td>2010-2013<\/td>\n<\/tr>\n<tr>\n<td>Honda<\/td>\n<td>SH \u00e9(TM)OE<\/td>\n<td>125 CC<\/td>\n<td>2010-2014<\/td>\n<\/tr>\n<tr>\n<td>Honda<\/td>\n<td>SH \u00e9(TM)OE<\/td>\n<td>150 CC<\/td>\n<td>2010-2015<\/td>\n<\/tr>\n<tr>\n<td>Arora<\/td>\n<td>BEATRIX<\/td>\n<td>125 CC<\/td>\n<td>2018-2023<\/td>\n<\/tr>\n<tr>\n<td>Arora<\/td>\n<td>MAX T<\/td>\n<td>150 CC<\/td>\n<td>2018-2023<\/td>\n<\/tr>\n<tr>\n<td>Benelli<\/td>\n<td>TRK 251<\/td>\n<td>250 CC<\/td>\n<td>2018-2024<\/td>\n<\/tr>\n<tr>\n<td>Benelli<\/td>\n<td>TNT 249<\/td>\n<td>250 CC<\/td>\n<td>2022-2024<\/td>\n<\/tr>\n<tr>\n<td>Rks<\/td>\n<td>NEWLIGHT 125 PRO<\/td>\n<td>125 CC<\/td>\n<td>2021-2024<\/td>\n<\/tr>\n<tr>\n<td>Rks<\/td>\n<td>REALE 125<\/td>\n<td>125 CC<\/td>\n<td>2021-2024<\/td>\n<\/tr>\n<\/tbody>\n<\/table>\n","protected":false},"excerpt":{"rendered":"<p>BS415 Arka Fren Balatas\u0131, Forza Beatrix TRK 502 X ABS MAX T modelleri i\u00e7in \u00f6zel olarak tasarlanm\u0131\u015f y\u00fcksek performansl\u0131 bir fren balatas\u0131d\u0131r. Boss Parts markas\u0131 taraf\u0131ndan \u00fcretilen bu fren balatas\u0131, 2017-2020 y\u0131llar\u0131 aras\u0131nda \u00fcretilen TRK 502 X ABS modelleri ile uyumlu olup, g\u00fcvenli ve etkili frenleme performans\u0131 sunar.<\/p>\n","protected":false},"featured_media":783,"template":"","meta":[],"product_brand":[],"product_cat":[70,34],"product_tag":[],"class_list":{"0":"post-782","1":"product","2":"type-product","3":"status-publish","4":"has-post-thumbnail","6":"product_cat-balatalar","7":"product_cat-yedek-parca","9":"first","10":"instock","11":"sale","12":"shipping-taxable","13":"purchasable","14":"product-type-simple"},"_links":{"self":[{"href":"https:\/\/dclleather.com\/index.php\/wp-json\/wp\/v2\/product\/782","targetHints":{"allow":["GET"]}}],"collection":[{"href":"https:\/\/dclleather.com\/index.php\/wp-json\/wp\/v2\/product"}],"about":[{"href":"https:\/\/dclleather.com\/index.php\/wp-json\/wp\/v2\/types\/product"}],"wp:featuredmedia":[{"embeddable":true,"href":"https:\/\/dclleather.com\/index.php\/wp-json\/wp\/v2\/media\/783"}],"wp:attachment":[{"href":"https:\/\/dclleather.com\/index.php\/wp-json\/wp\/v2\/media?parent=782"}],"wp:term":[{"taxonomy":"product_brand","embeddable":true,"href":"https:\/\/dclleather.com\/index.php\/wp-json\/wp\/v2\/product_brand?post=782"},{"taxonomy":"product_cat","embeddable":true,"href":"https:\/\/dclleather.com\/index.php\/wp-json\/wp\/v2\/product_cat?post=782"},{"taxonomy":"product_tag","embeddable":true,"href":"https:\/\/dclleather.com\/index.php\/wp-json\/wp\/v2\/product_tag?post=782"}],"curies":[{"name":"wp","href":"https:\/\/api.w.org\/{rel}","templated":true}]}}