{"id":776,"date":"2025-12-05T16:21:07","date_gmt":"2025-12-05T16:21:07","guid":{"rendered":"https:\/\/dclleather.com\/?post_type=product&#038;p=776"},"modified":"2025-12-07T11:36:58","modified_gmt":"2025-12-07T11:36:58","slug":"on-fren-disk-balatasi-bs086-organik-arora-kuba-mondial-rks-scooter-sym","status":"publish","type":"product","link":"https:\/\/dclleather.com\/index.php\/product\/on-fren-disk-balatasi-bs086-organik-arora-kuba-mondial-rks-scooter-sym\/","title":{"rendered":"\u00d6N FREN D\u0130SK BALATASI [BS086] ORGAN\u0130K &#8211; ARORA, KUBA, MONDIAL, RKS, SCOOTER, SYM"},"content":{"rendered":"<p>ARORA, KUBA, MONDIAL, RKS\u00a0 Uyumludur .<\/p>\n","protected":false},"excerpt":{"rendered":"<p>UYUMLU MARKA:<\/p>\n<p>ARORA, KUBA, MONDIAL, RKS, SCOOTER, SYM UYUMLU MODEL: SCOOTER &#8211; 50 \/ 80 \/ 100 \/ 125 \/ 150, 100 SUPERBOY \u0130, FIDDLE II, BLUEBERRY, TW\u0130STER, SPACE, VALENTINO, TRENDY XC, BLUEBIRD, SPACE MAX, AZURE 50, BLAZER, R\u0130CO, POLLO, CITY GO, NEWTON, AZURE, BOLERO, BITTER50, BLAZER XR, AR-100 7_2A SPEC\u0130AL, AR-100_7 SPEC\u0130AL ALFA, AR 50 &#8211; 50 KASIRGA, CAPPUCINO, FREEDOM 50, QUANTUM 50, FREEDOM 125<\/p>\n","protected":false},"featured_media":777,"template":"","meta":[],"product_brand":[],"product_cat":[70,34],"product_tag":[],"class_list":{"0":"post-776","1":"product","2":"type-product","3":"status-publish","4":"has-post-thumbnail","6":"product_cat-balatalar","7":"product_cat-yedek-parca","9":"first","10":"instock","11":"sale","12":"shipping-taxable","13":"purchasable","14":"product-type-simple"},"_links":{"self":[{"href":"https:\/\/dclleather.com\/index.php\/wp-json\/wp\/v2\/product\/776","targetHints":{"allow":["GET"]}}],"collection":[{"href":"https:\/\/dclleather.com\/index.php\/wp-json\/wp\/v2\/product"}],"about":[{"href":"https:\/\/dclleather.com\/index.php\/wp-json\/wp\/v2\/types\/product"}],"wp:featuredmedia":[{"embeddable":true,"href":"https:\/\/dclleather.com\/index.php\/wp-json\/wp\/v2\/media\/777"}],"wp:attachment":[{"href":"https:\/\/dclleather.com\/index.php\/wp-json\/wp\/v2\/media?parent=776"}],"wp:term":[{"taxonomy":"product_brand","embeddable":true,"href":"https:\/\/dclleather.com\/index.php\/wp-json\/wp\/v2\/product_brand?post=776"},{"taxonomy":"product_cat","embeddable":true,"href":"https:\/\/dclleather.com\/index.php\/wp-json\/wp\/v2\/product_cat?post=776"},{"taxonomy":"product_tag","embeddable":true,"href":"https:\/\/dclleather.com\/index.php\/wp-json\/wp\/v2\/product_tag?post=776"}],"curies":[{"name":"wp","href":"https:\/\/api.w.org\/{rel}","templated":true}]}}