{"id":771,"date":"2025-12-05T15:31:04","date_gmt":"2025-12-05T15:31:04","guid":{"rendered":"https:\/\/dclleather.com\/?post_type=product&#038;p=771"},"modified":"2025-12-07T11:37:31","modified_gmt":"2025-12-07T11:37:31","slug":"castrol-power-1-4t-10w-40-1-litre","status":"publish","type":"product","link":"https:\/\/dclleather.com\/index.php\/product\/castrol-power-1-4t-10w-40-1-litre\/","title":{"rendered":"Castrol Power 1 4T 10W-40 1 Litre"},"content":{"rendered":"<ul>\n<li>\u00a0Gaza dokundu\u011funuz anda m\u00fckemmel ivmelenme sa\u011flad\u0131\u011f\u0131 test edilip kan\u0131tlanm\u0131\u015ft\u0131r.<\/li>\n<li>Debriyajda s\u00fcrt\u00fcnmeyi optimize eder ve s\u00fcrt\u00fcnme nedeniyle %30&#8217;a kadar varan motor kay\u0131plar\u0131n\u0131 azalt\u0131r.<\/li>\n<li>Kataliz\u00f6r donan\u0131ml\u0131 motorlar\u0131n gereksinimlerine uygundur.<\/li>\n<\/ul>\n","protected":false},"excerpt":{"rendered":"<p>G\u00fcc\u00fc a\u00e7\u0131\u011fa \u00e7\u0131karan form\u00fclasyona sahip Castrol POWER 1, s\u00fcr\u00fc\u015f keyfini zirvede ya\u015famak isteyen motosiklet kullan\u0131c\u0131lar\u0131na \u00f6zel olarak tasarlanm\u0131\u015ft\u0131r.<\/p>\n","protected":false},"featured_media":772,"template":"","meta":[],"product_brand":[],"product_cat":[69,66],"product_tag":[],"class_list":{"0":"post-771","1":"product","2":"type-product","3":"status-publish","4":"has-post-thumbnail","6":"product_cat-castrol","7":"product_cat-yaglar","9":"first","10":"instock","11":"shipping-taxable","12":"purchasable","13":"product-type-simple"},"_links":{"self":[{"href":"https:\/\/dclleather.com\/index.php\/wp-json\/wp\/v2\/product\/771","targetHints":{"allow":["GET"]}}],"collection":[{"href":"https:\/\/dclleather.com\/index.php\/wp-json\/wp\/v2\/product"}],"about":[{"href":"https:\/\/dclleather.com\/index.php\/wp-json\/wp\/v2\/types\/product"}],"wp:featuredmedia":[{"embeddable":true,"href":"https:\/\/dclleather.com\/index.php\/wp-json\/wp\/v2\/media\/772"}],"wp:attachment":[{"href":"https:\/\/dclleather.com\/index.php\/wp-json\/wp\/v2\/media?parent=771"}],"wp:term":[{"taxonomy":"product_brand","embeddable":true,"href":"https:\/\/dclleather.com\/index.php\/wp-json\/wp\/v2\/product_brand?post=771"},{"taxonomy":"product_cat","embeddable":true,"href":"https:\/\/dclleather.com\/index.php\/wp-json\/wp\/v2\/product_cat?post=771"},{"taxonomy":"product_tag","embeddable":true,"href":"https:\/\/dclleather.com\/index.php\/wp-json\/wp\/v2\/product_tag?post=771"}],"curies":[{"name":"wp","href":"https:\/\/api.w.org\/{rel}","templated":true}]}}