{"id":762,"date":"2025-12-05T15:11:00","date_gmt":"2025-12-05T15:11:00","guid":{"rendered":"https:\/\/dclleather.com\/?post_type=product&#038;p=762"},"modified":"2025-12-07T11:37:31","modified_gmt":"2025-12-07T11:37:31","slug":"brava-geartech-manuel-sanziman-yagi-75w90-gl-5","status":"publish","type":"product","link":"https:\/\/dclleather.com\/index.php\/product\/brava-geartech-manuel-sanziman-yagi-75w90-gl-5\/","title":{"rendered":"BRAVA GEARTECH MANUEL \u015eANZIMAN YA\u011eI 75W90 GL-5"},"content":{"rendered":"<p><strong>Brava GearTech 75W90 GL-5<\/strong>, y\u00fcksek performansl\u0131 ara\u00e7lar\u0131n manuel \u015fanz\u0131manlar\u0131 i\u00e7in \u00f6zel olarak form\u00fcle edilmi\u015f, en son teknolojiyle \u00fcretilmi\u015f tam sentetik bir di\u015fli ya\u011f\u0131d\u0131r.<\/p>\n<p><b>\u00dcr\u00fcn \u00d6zellikleri ve Avantajlar\u0131<br \/>\n<\/b><\/p>\n<ul data-sourcepos=\"7:1-13:0\">\n<li data-sourcepos=\"7:1-7:112\"><strong>Tam Sentetik Form\u00fcl:<\/strong>\u00a0\u00dcst\u00fcn termal stabilite ve oksidasyon direnci sayesinde, \u015fanz\u0131man\u0131n\u0131z\u0131n \u00f6mr\u00fcn\u00fc uzat\u0131r.<\/li>\n<\/ul>\n<ul data-sourcepos=\"7:1-13:0\">\n<li data-sourcepos=\"8:1-8:114\"><strong>Y\u00fcksek Performans:<\/strong>\u00a0D\u00fc\u015f\u00fck s\u0131cakl\u0131klarda bile ak\u0131c\u0131l\u0131\u011f\u0131n\u0131 koruyarak, h\u0131zl\u0131 ve sorunsuz vites ge\u00e7i\u015fleri sa\u011flar.<\/li>\n<\/ul>\n<ul data-sourcepos=\"7:1-13:0\">\n<li data-sourcepos=\"9:1-9:96\"><strong>A\u015f\u0131nma Korumas\u0131:<\/strong>\u00a0\u015eanz\u0131man di\u015flilerini a\u015f\u0131nma ve y\u0131pranmaya kar\u015f\u0131 koruyarak, \u00f6mr\u00fcn\u00fc uzat\u0131r.<\/li>\n<\/ul>\n<ul data-sourcepos=\"7:1-13:0\">\n<li data-sourcepos=\"10:1-10:99\"><strong>Y\u00fcksek Bas\u0131n\u00e7 Korumas\u0131:<\/strong>\u00a0Y\u00fcksek y\u00fck alt\u0131nda \u00e7al\u0131\u015fan \u015fanz\u0131manlarda bile m\u00fckemmel koruma sa\u011flar.<\/li>\n<\/ul>\n<ul data-sourcepos=\"7:1-13:0\">\n<li data-sourcepos=\"11:1-11:109\"><strong>Geni\u015f Uyumluluk:<\/strong>\u00a0Ford, Citroen, Peugeot, Volkswagen gibi bir\u00e7ok ara\u00e7 markas\u0131nda g\u00fcvenle kullan\u0131labilir.<\/li>\n<\/ul>\n<ul data-sourcepos=\"7:1-13:0\">\n<li data-sourcepos=\"12:1-13:0\"><strong>Uzun \u00d6m\u00fcrl\u00fc:<\/strong>\u00a0\u015eanz\u0131man\u0131n\u0131z\u0131n \u00f6mr\u00fcn\u00fc uzatarak, bak\u0131m maliyetlerinizi d\u00fc\u015f\u00fcr\u00fcr.<\/li>\n<\/ul>\n<p><b>Uygulama Alanlar\u0131<\/b><\/p>\n<ul data-sourcepos=\"16:1-20:0\">\n<li data-sourcepos=\"16:1-16:37\"><strong>Manuel \u015fanz\u0131manl\u0131 binek ara\u00e7lar<\/strong><\/li>\n<\/ul>\n<ul data-sourcepos=\"16:1-20:0\">\n<li data-sourcepos=\"17:1-17:26\"><strong>Hafif ticari ara\u00e7lar<\/strong><\/li>\n<\/ul>\n<ul data-sourcepos=\"16:1-20:0\">\n<li data-sourcepos=\"18:1-18:33\"><strong>Y\u00fcksek performansl\u0131 ara\u00e7lar<\/strong><\/li>\n<\/ul>\n<ul data-sourcepos=\"16:1-20:0\">\n<li data-sourcepos=\"19:1-20:0\"><strong>Ford, Citroen, Peugeot, Volkswagen gibi bir\u00e7ok ara\u00e7 markas\u0131<\/strong><\/li>\n<\/ul>\n<p><b>Neden Brava GearTech 75W90?<\/b><\/p>\n<ul data-sourcepos=\"23:1-27:0\">\n<li data-sourcepos=\"23:1-23:88\"><strong>Uzun \u00d6m\u00fcrl\u00fc Koruma:<\/strong>\u00a0\u015eanz\u0131man\u0131n\u0131z\u0131n \u00f6mr\u00fcn\u00fc uzatarak, bak\u0131m maliyetlerinizi d\u00fc\u015f\u00fcr\u00fcr.<\/li>\n<\/ul>\n<ul data-sourcepos=\"23:1-27:0\">\n<li data-sourcepos=\"24:1-24:58\"><strong>Y\u00fcksek Performans:<\/strong>\u00a0Arac\u0131n\u0131z\u0131n performans\u0131n\u0131 art\u0131r\u0131r.<\/li>\n<\/ul>\n<ul data-sourcepos=\"23:1-27:0\">\n<li data-sourcepos=\"25:1-25:65\"><strong>P\u00fcr\u00fczs\u00fcz Vites De\u011fi\u015fimi:<\/strong>\u00a0Konforlu bir s\u00fcr\u00fc\u015f deneyimi sunar.<\/li>\n<\/ul>\n<ul data-sourcepos=\"23:1-27:0\">\n<li data-sourcepos=\"26:1-27:0\"><strong>Geni\u015f Uyumluluk:<\/strong>\u00a0Farkl\u0131 ara\u00e7 markalar\u0131 ve modellerinde kullan\u0131labilir.<\/li>\n<\/ul>\n","protected":false},"excerpt":{"rendered":"<p><strong>Brava GearTech 75W90<\/strong>, arac\u0131n\u0131z\u0131n manuel \u015fanz\u0131man\u0131n\u0131n en iyi \u015fekilde \u00e7al\u0131\u015fmas\u0131n\u0131 sa\u011flayan, y\u00fcksek performansl\u0131 bir di\u015fli ya\u011f\u0131d\u0131r. \u00d6zellikle zorlu kullan\u0131m ko\u015fullar\u0131nda bile \u015fanz\u0131man\u0131n\u0131z\u0131 koruyarak, arac\u0131n\u0131z\u0131n \u00f6mr\u00fcn\u00fc uzat\u0131r.<\/p>\n","protected":false},"featured_media":763,"template":"","meta":[],"product_brand":[],"product_cat":[68,66],"product_tag":[],"class_list":{"0":"post-762","1":"product","2":"type-product","3":"status-publish","4":"has-post-thumbnail","6":"product_cat-brava","7":"product_cat-yaglar","9":"first","10":"instock","11":"shipping-taxable","12":"purchasable","13":"product-type-simple"},"_links":{"self":[{"href":"https:\/\/dclleather.com\/index.php\/wp-json\/wp\/v2\/product\/762","targetHints":{"allow":["GET"]}}],"collection":[{"href":"https:\/\/dclleather.com\/index.php\/wp-json\/wp\/v2\/product"}],"about":[{"href":"https:\/\/dclleather.com\/index.php\/wp-json\/wp\/v2\/types\/product"}],"wp:featuredmedia":[{"embeddable":true,"href":"https:\/\/dclleather.com\/index.php\/wp-json\/wp\/v2\/media\/763"}],"wp:attachment":[{"href":"https:\/\/dclleather.com\/index.php\/wp-json\/wp\/v2\/media?parent=762"}],"wp:term":[{"taxonomy":"product_brand","embeddable":true,"href":"https:\/\/dclleather.com\/index.php\/wp-json\/wp\/v2\/product_brand?post=762"},{"taxonomy":"product_cat","embeddable":true,"href":"https:\/\/dclleather.com\/index.php\/wp-json\/wp\/v2\/product_cat?post=762"},{"taxonomy":"product_tag","embeddable":true,"href":"https:\/\/dclleather.com\/index.php\/wp-json\/wp\/v2\/product_tag?post=762"}],"curies":[{"name":"wp","href":"https:\/\/api.w.org\/{rel}","templated":true}]}}