{"id":760,"date":"2025-12-05T15:05:29","date_gmt":"2025-12-05T15:05:29","guid":{"rendered":"https:\/\/dclleather.com\/?post_type=product&#038;p=760"},"modified":"2025-12-07T11:37:31","modified_gmt":"2025-12-07T11:37:31","slug":"brava-extreme-6000-4t-15w50-motor-yagi","status":"publish","type":"product","link":"https:\/\/dclleather.com\/index.php\/product\/brava-extreme-6000-4t-15w50-motor-yagi\/","title":{"rendered":"BRAVA EXTREME 6000 4T 15W50 MOTOR YA\u011eI"},"content":{"rendered":"<p class=\"\"><b>Brava Extreme 6000 4T 15W50 Yar\u0131 Sentetik Motosiklet Motor Ya\u011f\u0131<\/b><\/p>\n<p class=\"\">Brava Extreme 6000, motosiklet motor ya\u011f\u0131 olarak d\u00f6rt zamanl\u0131 motorlar i\u00e7in \u00f6zel form\u00fcle edilmi\u015f, y\u00fcksek performansl\u0131 bir yar\u0131 sentetik motor ya\u011f\u0131d\u0131r. \u00d6zellikle hava, ya\u011f ve su so\u011futmal\u0131 motosiklet motorlar\u0131n\u0131n uzun \u00f6m\u00fcrl\u00fc, g\u00fcvenilir ve verimli \u00e7al\u0131\u015fmas\u0131n\u0131 sa\u011flar.<\/p>\n<p><b>\u00dcr\u00fcn Avantajlar\u0131 ve \u00d6zellikleri:<\/b><br \/>\n<b>T\u00fcrkiye&#8217;nin Ya\u011f Eksiltmesine Kar\u015f\u0131 \u0130lk Motor Ya\u011f\u0131:<\/b>\u00a0T\u00fcrkiye\u2019de motor ya\u011f\u0131 eksiltme sorununu \u00f6nlemek i\u00e7in \u00f6zel olarak geli\u015ftirilmi\u015f tek \u00fcr\u00fcn.<br \/>\n<b>Maksimum Koruma ve Ya\u011flama:<\/b>\u00a0A\u015f\u0131nmay\u0131 minimize eder, motoru koruyarak s\u00fcr\u00fc\u015f \u00f6mr\u00fcn\u00fc uzat\u0131r. Yo\u011fun \u015fehir i\u00e7i trafi\u011finde veya uzun yolculuklarda bile motorunuz i\u00e7in ideal ya\u011flama sa\u011flar.<br \/>\n<b>So\u011fuk Hava Performans\u0131:<\/b>\u00a0So\u011fuk hava ko\u015fullar\u0131nda bile motorun h\u0131zl\u0131 ve g\u00fcvenli \u00e7al\u0131\u015fmas\u0131n\u0131 sa\u011flayarak, motor ba\u015flang\u0131c\u0131nda olu\u015fabilecek potansiyel sorunlar\u0131 engeller.<br \/>\n<b>Motor Ar\u0131zas\u0131 Riskini Azalt\u0131r:<\/b>\u00a0Ya\u011f kaynakl\u0131 ar\u0131zalar\u0131n \u00f6n\u00fcne ge\u00e7erek, motorunuzu g\u00fcvenli ve dayan\u0131kl\u0131 k\u0131lar.<br \/>\n<b>Zorlu S\u00fcr\u00fc\u015f \u015eartlar\u0131na Kar\u015f\u0131 Dayan\u0131kl\u0131l\u0131k:<\/b>\u00a0A\u011f\u0131r s\u00fcr\u00fc\u015f ko\u015fullar\u0131nda dahi motoru ve karteri etkin bir \u015fekilde korur, motor ve ya\u011f de\u011fi\u015fim s\u0131kl\u0131\u011f\u0131n\u0131 azalt\u0131r.<br \/>\n<b>Y\u00fcksek S\u0131cakl\u0131k Dayan\u0131m\u0131:<\/b>\u00a0Y\u00fcksek s\u0131cakl\u0131klarda dahi \u00fcst\u00fcn performans g\u00f6stererek motorun yanma verimlili\u011fini art\u0131r\u0131r, a\u015f\u0131r\u0131 \u0131s\u0131nma riskini d\u00fc\u015f\u00fcr\u00fcr.<br \/>\n4 Mevsim Kullan\u0131m: Hem yaz hem k\u0131\u015f aylar\u0131nda \u00fcst\u00fcn koruma ve verimli kullan\u0131m sunarak, her mevsimde y\u00fcksek performans sa\u011flar.<\/p>\n<p><b>Teknik \u00d6zellikler ve Onaylar:<\/b><br \/>\n<b>Viskozite S\u0131n\u0131f\u0131:<\/b>\u00a015W50 \u2013 so\u011fuk ve s\u0131cak hava ko\u015fullar\u0131nda ideal ak\u0131\u015fkanl\u0131k sa\u011flar.<br \/>\n<b>Onaylar:<\/b>\u00a0API SM+, JASO MA2 ve JASO MB standartlar\u0131na uygundur, bu da motosikletler i\u00e7in gereken s\u00fcrt\u00fcnme ve kayma \u00f6zelliklerini sa\u011flar.<\/p>\n","protected":false},"excerpt":{"rendered":"<p>Brava Extreme 6000 4T 15W50 Yar\u0131 Sentetik Motor Ya\u011f\u0131, motosiklet kullan\u0131c\u0131lar\u0131na performans, dayan\u0131kl\u0131l\u0131k ve uzun motor \u00f6mr\u00fc sa\u011flamak i\u00e7in m\u00fckemmel bir tercihtir. Motorunuzun ihtiya\u00e7lar\u0131na y\u00f6nelik en iyi \u00e7\u00f6z\u00fcm\u00fc sunar, \u00f6zellikle motosiklet severler i\u00e7in d\u00f6rt mevsim kullan\u0131ma uygundur.<\/p>\n","protected":false},"featured_media":761,"template":"","meta":[],"product_brand":[],"product_cat":[68,66],"product_tag":[],"class_list":{"0":"post-760","1":"product","2":"type-product","3":"status-publish","4":"has-post-thumbnail","6":"product_cat-brava","7":"product_cat-yaglar","9":"first","10":"instock","11":"sale","12":"shipping-taxable","13":"purchasable","14":"product-type-simple"},"_links":{"self":[{"href":"https:\/\/dclleather.com\/index.php\/wp-json\/wp\/v2\/product\/760","targetHints":{"allow":["GET"]}}],"collection":[{"href":"https:\/\/dclleather.com\/index.php\/wp-json\/wp\/v2\/product"}],"about":[{"href":"https:\/\/dclleather.com\/index.php\/wp-json\/wp\/v2\/types\/product"}],"wp:featuredmedia":[{"embeddable":true,"href":"https:\/\/dclleather.com\/index.php\/wp-json\/wp\/v2\/media\/761"}],"wp:attachment":[{"href":"https:\/\/dclleather.com\/index.php\/wp-json\/wp\/v2\/media?parent=760"}],"wp:term":[{"taxonomy":"product_brand","embeddable":true,"href":"https:\/\/dclleather.com\/index.php\/wp-json\/wp\/v2\/product_brand?post=760"},{"taxonomy":"product_cat","embeddable":true,"href":"https:\/\/dclleather.com\/index.php\/wp-json\/wp\/v2\/product_cat?post=760"},{"taxonomy":"product_tag","embeddable":true,"href":"https:\/\/dclleather.com\/index.php\/wp-json\/wp\/v2\/product_tag?post=760"}],"curies":[{"name":"wp","href":"https:\/\/api.w.org\/{rel}","templated":true}]}}