{"id":742,"date":"2025-11-30T17:28:30","date_gmt":"2025-11-30T17:28:30","guid":{"rendered":"https:\/\/dclleather.com\/?post_type=product&#038;p=742"},"modified":"2025-11-30T17:28:55","modified_gmt":"2025-11-30T17:28:55","slug":"742","status":"publish","type":"product","link":"https:\/\/dclleather.com\/index.php\/product\/742\/","title":{"rendered":"4 Mevsim Pantolon"},"content":{"rendered":"<p>&#8211; Erkekler i\u00e7in \u00f6zel olarak tasarlanm\u0131\u015f, rahat ve \u015f\u0131k bir motosiklet pantolonu.<\/p>\n<p>&#8211; L beden se\u00e7ene\u011fi ile geni\u015f bir kullan\u0131c\u0131 yelpazesine hitap eder.<\/p>\n<p>&#8211; Dayan\u0131kl\u0131 kuma\u015f\u0131 sayesinde uzun s\u00fcreli kullan\u0131m i\u00e7in idealdir.<\/p>\n<p>&#8211; Motosiklet s\u00fcr\u00fc\u015fleri s\u0131ras\u0131nda konforlu bir deneyim sunar.<\/p>\n<p>DOT CYCLE D\u00d6RT MEVS\u0130M PANTOLON.630 D OXFORT SU \u0130T\u0130C\u0130 KUMA\u015e D\u00d6RT CEPL\u0130 \u0130K\u0130 HAVA KANALI \u00c7IKARTILAB\u0130LEN KAPITONE KI\u015eLIK ASTAR.<\/p>\n<p>S-M-L-XL-XXL BEDENLERDE TAMAMI YERL\u0130 \u00dcRET\u0130MD\u0130R<\/p>\n","protected":false},"excerpt":{"rendered":"<p>DOT CYCLE D\u00d6RT MEVS\u0130M PANTOLON.630 D OXFORT SU \u0130T\u0130C\u0130 KUMA\u015e D\u00d6RT CEPL\u0130 \u0130K\u0130 HAVA KANALI \u00c7IKARTILAB\u0130LEN KAPITONE KI\u015eLIK ASTAR.<\/p>\n<p>S-M-L-XL-XXL BEDENLERDE TAMAMI YERL\u0130 \u00dcRET\u0130MD\u0130R<\/p>\n","protected":false},"featured_media":743,"template":"","meta":[],"product_brand":[],"product_cat":[65],"product_tag":[],"class_list":{"0":"post-742","1":"product","2":"type-product","3":"status-publish","4":"has-post-thumbnail","6":"product_cat-pantolon","8":"first","9":"instock","10":"sale","11":"shipping-taxable","12":"purchasable","13":"product-type-simple"},"_links":{"self":[{"href":"https:\/\/dclleather.com\/index.php\/wp-json\/wp\/v2\/product\/742","targetHints":{"allow":["GET"]}}],"collection":[{"href":"https:\/\/dclleather.com\/index.php\/wp-json\/wp\/v2\/product"}],"about":[{"href":"https:\/\/dclleather.com\/index.php\/wp-json\/wp\/v2\/types\/product"}],"wp:featuredmedia":[{"embeddable":true,"href":"https:\/\/dclleather.com\/index.php\/wp-json\/wp\/v2\/media\/743"}],"wp:attachment":[{"href":"https:\/\/dclleather.com\/index.php\/wp-json\/wp\/v2\/media?parent=742"}],"wp:term":[{"taxonomy":"product_brand","embeddable":true,"href":"https:\/\/dclleather.com\/index.php\/wp-json\/wp\/v2\/product_brand?post=742"},{"taxonomy":"product_cat","embeddable":true,"href":"https:\/\/dclleather.com\/index.php\/wp-json\/wp\/v2\/product_cat?post=742"},{"taxonomy":"product_tag","embeddable":true,"href":"https:\/\/dclleather.com\/index.php\/wp-json\/wp\/v2\/product_tag?post=742"}],"curies":[{"name":"wp","href":"https:\/\/api.w.org\/{rel}","templated":true}]}}