{"id":491,"date":"2025-09-01T14:13:32","date_gmt":"2025-09-01T14:13:32","guid":{"rendered":"https:\/\/dclleather.com\/?post_type=product&#038;p=491"},"modified":"2025-09-01T14:13:32","modified_gmt":"2025-09-01T14:13:32","slug":"xmax-pcx-nmax-adv-maxi-scooter-motosiklet-su-ve-ruzgar-gecirmez-diz-koruma-ortusu","status":"publish","type":"product","link":"https:\/\/dclleather.com\/index.php\/product\/xmax-pcx-nmax-adv-maxi-scooter-motosiklet-su-ve-ruzgar-gecirmez-diz-koruma-ortusu\/","title":{"rendered":"Xmax Pcx Nmax Adv Maxi Scooter Motosiklet Su Ve R\u00fczgar Ge\u00e7irmez Diz Koruma \u00d6rt\u00fcs\u00fc"},"content":{"rendered":"<p><b>Malzeme Kalitesi:<\/b><\/p>\n<p>1900 Denye kuma\u015f, kal\u0131n termal k\u00f6p\u00fck ve dayan\u0131kl\u0131 astar kullan\u0131lm\u0131\u015ft\u0131r; esnek ve son derece dayan\u0131kl\u0131 yap\u0131ya sahiptir.<\/p>\n<p><b>So\u011fuk Koruma:<\/b><\/p>\n<p>En so\u011fuk k\u0131\u015f g\u00fcnlerinde dahi etkili koruma sa\u011flar, r\u00fczgar\u0131 ve so\u011fuk havay\u0131 ge\u00e7irmez.<\/p>\n<p><b>Su Ge\u00e7irmezlik:<\/b><\/p>\n<p>Ya\u011fmurlu havalarda su ge\u00e7irmez kuma\u015f\u0131 ile bacaklar\u0131n\u0131z\u0131 ve dizlerinizi kuru tutar.<\/p>\n<p><b>Reflekt\u00f6rl\u00fc Tasar\u0131m:<\/b><\/p>\n<p>Gece veya d\u00fc\u015f\u00fck \u0131\u015f\u0131k ko\u015fullar\u0131nda g\u00f6r\u00fcn\u00fcrl\u00fc\u011f\u00fc art\u0131rmak i\u00e7in reflekt\u00f6rl\u00fc detaylar i\u00e7erir.<\/p>\n<p><b>Esneklik:<\/b><\/p>\n<p>Esnek yap\u0131s\u0131 sayesinde s\u00fcr\u00fc\u015f esnas\u0131nda hareket \u00f6zg\u00fcrl\u00fc\u011f\u00fc sunar, rahat bir kullan\u0131m sa\u011flar.<\/p>\n<p><strong>Kolay Kullan\u0131m:<\/strong><\/p>\n<p>H\u0131zl\u0131ca giyip \u00e7\u0131kar\u0131labilir; pratik ve kolay kullan\u0131m imkan\u0131 sunar.<\/p>\n<p><b>Gece G\u00fcvenli\u011fi:<\/b><\/p>\n<p>Reflekt\u00f6rl\u00fc tasar\u0131m\u0131 sayesinde gece s\u00fcr\u00fc\u015flerinde g\u00f6r\u00fcn\u00fcrl\u00fc\u011f\u00fc art\u0131rarak g\u00fcvenli\u011fi sa\u011flar.<\/p>\n","protected":false},"excerpt":{"rendered":"<p>motosiklet s\u00fcr\u00fcc\u00fcleri i\u00e7in \u00f6zel olarak tasarlanm\u0131\u015ft\u0131r.\u00a0<b>1900 Denye kuma\u015f<\/b>, kal\u0131n termal k\u00f6p\u00fck ve kal\u0131n astardan \u00fcretilmi\u015f olup, so\u011fuk hava ko\u015fullar\u0131nda maksimum koruma sa\u011flar. Esnek yap\u0131s\u0131 sayesinde en sert k\u0131\u015f \u015fartlar\u0131nda bile k\u0131r\u0131lma veya y\u0131pranma yapmadan uzun \u00f6m\u00fcrl\u00fc bir kullan\u0131m sunar. Su ge\u00e7irmez ve r\u00fczgar ge\u00e7irmez \u00f6zellikleri ile \u00f6ne \u00e7\u0131kan \u00fcr\u00fcn\u00fcm\u00fcz, reflekt\u00f6rl\u00fc detaylar\u0131 ile gece g\u00f6r\u00fcn\u00fcrl\u00fc\u011f\u00fcn\u00fc art\u0131rarak g\u00fcvenli bir s\u00fcr\u00fc\u015f sa\u011flar.<\/p>\n","protected":false},"featured_media":492,"template":"","meta":[],"product_brand":[],"product_cat":[33,57],"product_tag":[],"class_list":{"0":"post-491","1":"product","2":"type-product","3":"status-publish","4":"has-post-thumbnail","6":"product_cat-aksesuar","7":"product_cat-kislik-urunler","9":"first","10":"instock","11":"shipping-taxable","12":"purchasable","13":"product-type-simple"},"_links":{"self":[{"href":"https:\/\/dclleather.com\/index.php\/wp-json\/wp\/v2\/product\/491","targetHints":{"allow":["GET"]}}],"collection":[{"href":"https:\/\/dclleather.com\/index.php\/wp-json\/wp\/v2\/product"}],"about":[{"href":"https:\/\/dclleather.com\/index.php\/wp-json\/wp\/v2\/types\/product"}],"wp:featuredmedia":[{"embeddable":true,"href":"https:\/\/dclleather.com\/index.php\/wp-json\/wp\/v2\/media\/492"}],"wp:attachment":[{"href":"https:\/\/dclleather.com\/index.php\/wp-json\/wp\/v2\/media?parent=491"}],"wp:term":[{"taxonomy":"product_brand","embeddable":true,"href":"https:\/\/dclleather.com\/index.php\/wp-json\/wp\/v2\/product_brand?post=491"},{"taxonomy":"product_cat","embeddable":true,"href":"https:\/\/dclleather.com\/index.php\/wp-json\/wp\/v2\/product_cat?post=491"},{"taxonomy":"product_tag","embeddable":true,"href":"https:\/\/dclleather.com\/index.php\/wp-json\/wp\/v2\/product_tag?post=491"}],"curies":[{"name":"wp","href":"https:\/\/api.w.org\/{rel}","templated":true}]}}