{"id":468,"date":"2025-09-01T13:52:19","date_gmt":"2025-09-01T13:52:19","guid":{"rendered":"https:\/\/dclleather.com\/?post_type=product&#038;p=468"},"modified":"2025-09-03T06:32:04","modified_gmt":"2025-09-03T06:32:04","slug":"chopper-deri-bober-tekli-solo-yan-canta","status":"publish","type":"product","link":"https:\/\/dclleather.com\/index.php\/product\/chopper-deri-bober-tekli-solo-yan-canta\/","title":{"rendered":"Chopper Deri Bobber Tekli Solo Yan \u00c7anta"},"content":{"rendered":"<p><b>Suni Deri Kaplama:<\/b><\/p>\n<p>\u00c7antan\u0131n d\u0131\u015f y\u00fczeyi y\u00fcksek kaliteli suni deri ile kaplanm\u0131\u015ft\u0131r. Bu, \u00e7antaya zarif bir g\u00f6r\u00fcn\u00fcm kazand\u0131r\u0131rken dayan\u0131kl\u0131l\u0131\u011f\u0131n\u0131 da art\u0131r\u0131r.<\/p>\n<p><b>Su Ge\u00e7irmez:<\/b><\/p>\n<p>\u0130\u00e7indeki e\u015fyalar\u0131n\u0131z\u0131 her t\u00fcrl\u00fc hava ko\u015fulunda kuru tutar. Su ge\u00e7irmez \u00f6zelli\u011fi sayesinde ya\u011fmur ve su s\u0131\u00e7ramalar\u0131na kar\u015f\u0131 \u00fcst\u00fcn koruma sa\u011flar.<\/p>\n<p><b>Esnek ve Sa\u011flam Plastik Destek:<\/b><\/p>\n<p>\u00c7antan\u0131n yap\u0131s\u0131, esnek ve sa\u011flam plastik desteklerle g\u00fc\u00e7lendirilmi\u015ftir, b\u00f6ylece i\u00e7indeki e\u015fyalar\u0131n\u0131z\u0131 g\u00fcvenle ta\u015f\u0131yabilirsiniz.<\/p>\n<p><b>Kompakt ve \u015e\u0131k Tasar\u0131m:<\/b><\/p>\n<p>Kompakt boyutlar\u0131 ve \u015f\u0131k tasar\u0131m\u0131 ile g\u00fcnl\u00fck ihtiya\u00e7lar\u0131n\u0131z\u0131 ta\u015f\u0131mak i\u00e7in idealdir. Motosikletinizin yan\u0131na kolayca monte edilebilir.<\/p>\n","protected":false},"excerpt":{"rendered":"<ul>\n<li><b>Malzeme:\u00a0<\/b>Suni deri d\u0131\u015f y\u00fczey, esnek ve sa\u011flam plastik destekli<\/li>\n<li><b>Renk Se\u00e7enekleri:\u00a0<\/b>Siyah<\/li>\n<li><b>Boyutlar:\u00a0<\/b>27 cm x 27 cm x 8 cm<\/li>\n<li><b>\u0130\u00e7 Hacim:\u00a0<\/b>5,8 litre<\/li>\n<li><b>\u00d6zellikler:\u00a0<\/b>Su ge\u00e7irmez, esnek ve sa\u011flam plastik destek, kompakt ve \u015f\u0131k tasar\u0131m<\/li>\n<\/ul>\n","protected":false},"featured_media":469,"template":"","meta":[],"product_brand":[],"product_cat":[54,56,51],"product_tag":[],"class_list":{"0":"post-468","1":"product","2":"type-product","3":"status-publish","4":"has-post-thumbnail","6":"product_cat-tekli-bobber-cantalar","7":"product_cat-canta","8":"product_cat-deri-cantalar","10":"first","11":"instock","12":"shipping-taxable","13":"purchasable","14":"product-type-simple"},"_links":{"self":[{"href":"https:\/\/dclleather.com\/index.php\/wp-json\/wp\/v2\/product\/468","targetHints":{"allow":["GET"]}}],"collection":[{"href":"https:\/\/dclleather.com\/index.php\/wp-json\/wp\/v2\/product"}],"about":[{"href":"https:\/\/dclleather.com\/index.php\/wp-json\/wp\/v2\/types\/product"}],"wp:featuredmedia":[{"embeddable":true,"href":"https:\/\/dclleather.com\/index.php\/wp-json\/wp\/v2\/media\/469"}],"wp:attachment":[{"href":"https:\/\/dclleather.com\/index.php\/wp-json\/wp\/v2\/media?parent=468"}],"wp:term":[{"taxonomy":"product_brand","embeddable":true,"href":"https:\/\/dclleather.com\/index.php\/wp-json\/wp\/v2\/product_brand?post=468"},{"taxonomy":"product_cat","embeddable":true,"href":"https:\/\/dclleather.com\/index.php\/wp-json\/wp\/v2\/product_cat?post=468"},{"taxonomy":"product_tag","embeddable":true,"href":"https:\/\/dclleather.com\/index.php\/wp-json\/wp\/v2\/product_tag?post=468"}],"curies":[{"name":"wp","href":"https:\/\/api.w.org\/{rel}","templated":true}]}}