{"id":459,"date":"2025-09-01T13:46:03","date_gmt":"2025-09-01T13:46:03","guid":{"rendered":"https:\/\/dclleather.com\/?post_type=product&#038;p=459"},"modified":"2025-09-01T13:46:03","modified_gmt":"2025-09-01T13:46:03","slug":"chopper-motosiklet-deri-arka-canta-ucgen","status":"publish","type":"product","link":"https:\/\/dclleather.com\/index.php\/product\/chopper-motosiklet-deri-arka-canta-ucgen\/","title":{"rendered":"Chopper Motosiklet Deri Arka \u00c7anta \u00dc\u00e7gen"},"content":{"rendered":"<p><b>Suni Deri Kaplama:<\/b><\/p>\n<p>\u00c7antan\u0131n d\u0131\u015f y\u00fczeyi y\u00fcksek kaliteli suni deri ile kaplanm\u0131\u015ft\u0131r. Bu, \u00e7antaya \u015f\u0131k bir g\u00f6r\u00fcn\u00fcm kazand\u0131r\u0131rken dayan\u0131kl\u0131l\u0131\u011f\u0131n\u0131 da art\u0131r\u0131r.<\/p>\n<p><b>Su Ge\u00e7irmez:<\/b><\/p>\n<p>\u0130\u00e7indeki e\u015fyalar\u0131n\u0131z\u0131 her t\u00fcrl\u00fc hava ko\u015fulunda kuru tutar. Su ge\u00e7irmez \u00f6zelli\u011fi sayesinde ya\u011fmur ve su s\u0131\u00e7ramalar\u0131na kar\u015f\u0131 \u00fcst\u00fcn koruma sa\u011flar.<\/p>\n<p><b>Esnek ve Sa\u011flam Plastik Destek:<\/b><\/p>\n<p>\u00c7antan\u0131n yap\u0131s\u0131, esnek ve sa\u011flam plastik desteklerle g\u00fc\u00e7lendirilmi\u015ftir, b\u00f6ylece i\u00e7indeki e\u015fyalar\u0131n\u0131z\u0131 g\u00fcvenle ta\u015f\u0131yabilirsiniz.<\/p>\n<p><b>Yan Cepler:<\/b><\/p>\n<p>\u00c7antan\u0131n yanlar\u0131nda bulunan k\u00fc\u00e7\u00fck cepler, ekstra depolama alan\u0131 sa\u011flar. Bu cepler sayesinde k\u00fc\u00e7\u00fck e\u015fyalar\u0131n\u0131za kolayca eri\u015febilirsiniz.<\/p>\n<p><b>Kolay Montaj ve Kullan\u0131m:<\/b><\/p>\n<p>\u00c7anta, motosikletinize kolayca monte edilir ve s\u00f6k\u00fcl\u00fcr. Pratik kullan\u0131m sunar ve her t\u00fcrl\u00fc s\u00fcr\u00fc\u015fte size e\u015flik eder.<\/p>\n","protected":false},"excerpt":{"rendered":"<ul>\n<li><b>Malzeme:\u00a0<\/b>Suni deri d\u0131\u015f y\u00fczey, esnek ve sa\u011flam plastik destekli<\/li>\n<li><b>Renk Se\u00e7enekleri:\u00a0<\/b>Siyah<\/li>\n<li><b>Boyutlar:\u00a0<\/b>25 cm x 31 cm x 35 cm<\/li>\n<li><b>A\u011f\u0131rl\u0131k:\u00a0<\/b>1,5 kg<\/li>\n<li><b>\u0130\u00e7 Hacim:\u00a0<\/b>27,1 litre<\/li>\n<li><b>\u00d6zellikler:\u00a0<\/b>Su ge\u00e7irmez, esnek ve sa\u011flam plastik destek, yan cepler, kolay montaj<\/li>\n<\/ul>\n","protected":false},"featured_media":460,"template":"","meta":[],"product_brand":[],"product_cat":[53,56,51],"product_tag":[],"class_list":{"0":"post-459","1":"product","2":"type-product","3":"status-publish","4":"has-post-thumbnail","6":"product_cat-arka-cantalar","7":"product_cat-canta","8":"product_cat-deri-cantalar","10":"first","11":"instock","12":"shipping-taxable","13":"purchasable","14":"product-type-simple"},"_links":{"self":[{"href":"https:\/\/dclleather.com\/index.php\/wp-json\/wp\/v2\/product\/459","targetHints":{"allow":["GET"]}}],"collection":[{"href":"https:\/\/dclleather.com\/index.php\/wp-json\/wp\/v2\/product"}],"about":[{"href":"https:\/\/dclleather.com\/index.php\/wp-json\/wp\/v2\/types\/product"}],"wp:featuredmedia":[{"embeddable":true,"href":"https:\/\/dclleather.com\/index.php\/wp-json\/wp\/v2\/media\/460"}],"wp:attachment":[{"href":"https:\/\/dclleather.com\/index.php\/wp-json\/wp\/v2\/media?parent=459"}],"wp:term":[{"taxonomy":"product_brand","embeddable":true,"href":"https:\/\/dclleather.com\/index.php\/wp-json\/wp\/v2\/product_brand?post=459"},{"taxonomy":"product_cat","embeddable":true,"href":"https:\/\/dclleather.com\/index.php\/wp-json\/wp\/v2\/product_cat?post=459"},{"taxonomy":"product_tag","embeddable":true,"href":"https:\/\/dclleather.com\/index.php\/wp-json\/wp\/v2\/product_tag?post=459"}],"curies":[{"name":"wp","href":"https:\/\/api.w.org\/{rel}","templated":true}]}}