{"id":451,"date":"2025-09-01T13:37:47","date_gmt":"2025-09-01T13:37:47","guid":{"rendered":"https:\/\/dclleather.com\/?post_type=product&#038;p=451"},"modified":"2025-09-01T13:37:47","modified_gmt":"2025-09-01T13:37:47","slug":"chopper-deri-heybe-yan-canta-takimi-kucuk","status":"publish","type":"product","link":"https:\/\/dclleather.com\/index.php\/product\/chopper-deri-heybe-yan-canta-takimi-kucuk\/","title":{"rendered":"Chopper Deri Heybe Yan \u00c7anta Tak\u0131m\u0131 K\u00fc\u00e7\u00fck"},"content":{"rendered":"<p>Motosiklet tutkunlar\u0131 i\u00e7in \u00f6zel olarak tasarlanan Chopper Deri Heybe Yan \u00c7anta Tak\u0131m\u0131, \u015f\u0131kl\u0131\u011f\u0131 ve i\u015flevselli\u011fi bir arada sunar.<\/p>\n<p>\u0130\u00e7indeki e\u015fyalar\u0131n\u0131z\u0131 her t\u00fcrl\u00fc hava ko\u015fulunda kuru tutar. Su ge\u00e7irmez \u00f6zelli\u011fi sayesinde ya\u011fmur ve su s\u0131\u00e7ramalar\u0131na kar\u015f\u0131 \u00fcst\u00fcn koruma sa\u011flar.<\/p>\n<p>Dayan\u0131kl\u0131 deri malzemeden \u00fcretilmi\u015f olup, uzun \u00f6m\u00fcrl\u00fc kullan\u0131m sa\u011flar.<\/p>\n<p>\u015e\u0131k per\u00e7in detaylar\u0131 ve metal tokalar\u0131yla klasik chopper tarz\u0131n\u0131 yans\u0131t\u0131r.<\/p>\n<p>Kolay montaj imk\u00e2n\u0131 sunan ikili set, motosikletinizin yan\u0131na estetik bir g\u00f6r\u00fcn\u00fcm katarken, pratikli\u011fiyle s\u00fcr\u00fc\u015f keyfinizi art\u0131r\u0131r.<\/p>\n","protected":false},"excerpt":{"rendered":"<ul>\n<li><b>Malzeme:\u00a0<\/b>Suni deri d\u0131\u015f y\u00fczey, esnek ve sa\u011flam plastik destekli<\/li>\n<li><b>Renk Se\u00e7enekleri:\u00a0<\/b>Siyah<\/li>\n<li><b>A\u011f\u0131rl\u0131k:\u00a0<\/b>1,2 kg<\/li>\n<li><b>\u00d6zellikler:\u00a0<\/b>Su ge\u00e7irmez, esnek ve sa\u011flam plastik destek, kolay montaj<\/li>\n<\/ul>\n","protected":false},"featured_media":452,"template":"","meta":[],"product_brand":[],"product_cat":[52,56,51],"product_tag":[],"class_list":{"0":"post-451","1":"product","2":"type-product","3":"status-publish","4":"has-post-thumbnail","6":"product_cat-yan-cantalar-deri-cantalar","7":"product_cat-canta","8":"product_cat-deri-cantalar","10":"first","11":"instock","12":"shipping-taxable","13":"purchasable","14":"product-type-simple"},"_links":{"self":[{"href":"https:\/\/dclleather.com\/index.php\/wp-json\/wp\/v2\/product\/451","targetHints":{"allow":["GET"]}}],"collection":[{"href":"https:\/\/dclleather.com\/index.php\/wp-json\/wp\/v2\/product"}],"about":[{"href":"https:\/\/dclleather.com\/index.php\/wp-json\/wp\/v2\/types\/product"}],"wp:featuredmedia":[{"embeddable":true,"href":"https:\/\/dclleather.com\/index.php\/wp-json\/wp\/v2\/media\/452"}],"wp:attachment":[{"href":"https:\/\/dclleather.com\/index.php\/wp-json\/wp\/v2\/media?parent=451"}],"wp:term":[{"taxonomy":"product_brand","embeddable":true,"href":"https:\/\/dclleather.com\/index.php\/wp-json\/wp\/v2\/product_brand?post=451"},{"taxonomy":"product_cat","embeddable":true,"href":"https:\/\/dclleather.com\/index.php\/wp-json\/wp\/v2\/product_cat?post=451"},{"taxonomy":"product_tag","embeddable":true,"href":"https:\/\/dclleather.com\/index.php\/wp-json\/wp\/v2\/product_tag?post=451"}],"curies":[{"name":"wp","href":"https:\/\/api.w.org\/{rel}","templated":true}]}}