{"id":433,"date":"2025-09-01T12:36:30","date_gmt":"2025-09-01T12:36:30","guid":{"rendered":"https:\/\/dclleather.com\/?post_type=product&#038;p=433"},"modified":"2025-09-01T12:37:35","modified_gmt":"2025-09-01T12:37:35","slug":"maxi-scooter-gidon-cantasi","status":"publish","type":"product","link":"https:\/\/dclleather.com\/index.php\/product\/maxi-scooter-gidon-cantasi\/","title":{"rendered":"Maxi Scooter Gidon \u00c7antas\u0131"},"content":{"rendered":"<p dir=\"ltr\"><strong>1900D Impertex Su Ge\u00e7irmez Kuma\u015f:<\/strong><\/p>\n<p dir=\"ltr\">E\u015fyalar\u0131n\u0131z\u0131 her t\u00fcrl\u00fc hava ko\u015fulunda kuru tutar. Su ge\u00e7irmez \u00f6zelli\u011fi sayesinde ya\u011fmur ve su s\u0131\u00e7ramalar\u0131na kar\u015f\u0131 \u00fcst\u00fcn koruma sa\u011flar.<\/p>\n<p dir=\"ltr\"><strong>Telefon Tutucu Alan:<\/strong><\/p>\n<p dir=\"ltr\">19 cm x 21 cm boyutlar\u0131ndaki telefon koyma alan\u0131, \u00e7antaya c\u0131rt ile ba\u011fl\u0131d\u0131r ve istenildi\u011fi gibi kendi \u00e7evresi etraf\u0131nda d\u00f6nd\u00fcr\u00fclebilir. Bu alan, telefonunuzu g\u00fcvenli bir \u015fekilde saklar ve kullan\u0131m\u0131 kolayla\u015ft\u0131r\u0131r.<\/p>\n<p dir=\"ltr\"><strong>Fermuarl\u0131 ve C\u0131rtl\u0131 Cep:<\/strong><\/p>\n<p dir=\"ltr\">\u00c7antan\u0131n cep k\u0131sm\u0131 hem fermuarl\u0131 hem de c\u0131rtl\u0131 olup, e\u015fyalar\u0131n\u0131z\u0131 g\u00fcvenle saklaman\u0131z\u0131 sa\u011flar. Kolay eri\u015fim ve ekstra g\u00fcvenlik sunar.<\/p>\n<p dir=\"ltr\"><strong>Kolay Montaj:<\/strong><\/p>\n<p dir=\"ltr\">Gidon \u00e7antas\u0131, motosikletinize kolayca monte edilir ve s\u00f6k\u00fcl\u00fcr. Pratik kullan\u0131m sunar ve her t\u00fcrl\u00fc s\u00fcr\u00fc\u015fte size e\u015flik eder.<\/p>\n","protected":false},"excerpt":{"rendered":"<ul>\n<li dir=\"ltr\" aria-level=\"1\">\n<p dir=\"ltr\" role=\"presentation\">Malzeme: 1900D Impertex Su Ge\u00e7irmez Kuma\u015f<\/p>\n<\/li>\n<li dir=\"ltr\" aria-level=\"1\">\n<p dir=\"ltr\" role=\"presentation\">Renk Se\u00e7enekleri: Siyah<\/p>\n<\/li>\n<li dir=\"ltr\" aria-level=\"1\">\n<p dir=\"ltr\" role=\"presentation\">Boyutlar: 29 cm x 12 cm x 15 cm<\/p>\n<\/li>\n<li dir=\"ltr\" aria-level=\"1\">\n<p dir=\"ltr\" role=\"presentation\">Telefon Alan\u0131 Boyutlar\u0131: 19 cm x 21 cm<\/p>\n<\/li>\n<li dir=\"ltr\" aria-level=\"1\">\n<p dir=\"ltr\" role=\"presentation\">A\u011f\u0131rl\u0131k: 600 gr<\/p>\n<\/li>\n<li dir=\"ltr\" aria-level=\"1\">\n<p dir=\"ltr\" role=\"presentation\">Cep \u00d6zellikleri: Fermuarl\u0131 ve c\u0131rtl\u0131<\/p>\n<\/li>\n<li dir=\"ltr\" aria-level=\"1\">\n<p dir=\"ltr\" role=\"presentation\">\u0130\u00e7 Hacim: 5,22 litre<\/p>\n<\/li>\n<\/ul>\n","protected":false},"featured_media":434,"template":"","meta":[],"product_brand":[],"product_cat":[50,39,15],"product_tag":[],"class_list":{"0":"post-433","1":"product","2":"type-product","3":"status-publish","4":"has-post-thumbnail","6":"product_cat-gidon-cantalari","7":"product_cat-tekstil-cantalar","8":"product_cat-uncategorized","10":"first","11":"instock","12":"shipping-taxable","13":"purchasable","14":"product-type-simple"},"_links":{"self":[{"href":"https:\/\/dclleather.com\/index.php\/wp-json\/wp\/v2\/product\/433","targetHints":{"allow":["GET"]}}],"collection":[{"href":"https:\/\/dclleather.com\/index.php\/wp-json\/wp\/v2\/product"}],"about":[{"href":"https:\/\/dclleather.com\/index.php\/wp-json\/wp\/v2\/types\/product"}],"wp:featuredmedia":[{"embeddable":true,"href":"https:\/\/dclleather.com\/index.php\/wp-json\/wp\/v2\/media\/434"}],"wp:attachment":[{"href":"https:\/\/dclleather.com\/index.php\/wp-json\/wp\/v2\/media?parent=433"}],"wp:term":[{"taxonomy":"product_brand","embeddable":true,"href":"https:\/\/dclleather.com\/index.php\/wp-json\/wp\/v2\/product_brand?post=433"},{"taxonomy":"product_cat","embeddable":true,"href":"https:\/\/dclleather.com\/index.php\/wp-json\/wp\/v2\/product_cat?post=433"},{"taxonomy":"product_tag","embeddable":true,"href":"https:\/\/dclleather.com\/index.php\/wp-json\/wp\/v2\/product_tag?post=433"}],"curies":[{"name":"wp","href":"https:\/\/api.w.org\/{rel}","templated":true}]}}