{"id":430,"date":"2025-09-01T12:32:30","date_gmt":"2025-09-01T12:32:30","guid":{"rendered":"https:\/\/dclleather.com\/?post_type=product&#038;p=430"},"modified":"2025-09-01T12:32:31","modified_gmt":"2025-09-01T12:32:31","slug":"packsaddle-arka-kuyruk-cantasi","status":"publish","type":"product","link":"https:\/\/dclleather.com\/index.php\/product\/packsaddle-arka-kuyruk-cantasi\/","title":{"rendered":"Packsaddle Arka Kuyruk \u00c7antas\u0131"},"content":{"rendered":"<p dir=\"ltr\"><strong>1900D Su Ge\u00e7irmez Impertex Kuma\u015f:<\/strong><\/p>\n<p dir=\"ltr\">\u00c7antan\u0131n d\u0131\u015f y\u00fczeyi, y\u00fcksek kaliteli 1900D su ge\u00e7irmez Impertex kuma\u015f ile kaplanm\u0131\u015ft\u0131r. Bu, \u00e7antaya dayan\u0131kl\u0131l\u0131k kazand\u0131r\u0131rken, t\u00fcm hava ko\u015fullar\u0131nda \u00fcst\u00fcn koruma sa\u011flar.<\/p>\n<p dir=\"ltr\"><strong>Reflektif Bask\u0131lar:<\/strong><\/p>\n<p dir=\"ltr\">\u00c7anta, gece s\u00fcr\u00fc\u015flerinde g\u00f6r\u00fcn\u00fcrl\u00fc\u011f\u00fcn\u00fcz\u00fc art\u0131rmak i\u00e7in reflektif bask\u0131lar ile donat\u0131lm\u0131\u015ft\u0131r. Bu, g\u00fcvenli\u011finizi \u00f6n planda tutar.<\/p>\n<p dir=\"ltr\"><strong>Esnek ve Sa\u011flam Plastik Destek:<\/strong><\/p>\n<p dir=\"ltr\">\u00c7antan\u0131n yap\u0131s\u0131, esnek ve sa\u011flam plastik desteklerle g\u00fc\u00e7lendirilmi\u015ftir, b\u00f6ylece i\u00e7indeki e\u015fyalar\u0131n\u0131z\u0131 g\u00fcvenle ta\u015f\u0131yabilirsiniz.<\/p>\n<p dir=\"ltr\"><strong>Geni\u015f \u0130\u00e7 Hacim:<\/strong><\/p>\n<p dir=\"ltr\">60 litre i\u00e7 hacme sahip bu \u00e7anta, t\u00fcm ihtiya\u00e7lar\u0131n\u0131z\u0131 kar\u015f\u0131layacak geni\u015fliktedir. Uzun yolculuklarda bile yan\u0131n\u0131zda fazlas\u0131yla e\u015fya ta\u015f\u0131yabilirsiniz.<\/p>\n<p dir=\"ltr\"><strong>Kolay Montaj ve Kullan\u0131m:<\/strong><\/p>\n<p dir=\"ltr\">\u00c7anta, motosikletinize kolonlarla kolayca monte edilir ve s\u00f6k\u00fcl\u00fcr. Pratik kullan\u0131m sunar ve her t\u00fcrl\u00fc s\u00fcr\u00fc\u015fte size e\u015flik eder.<\/p>\n<p dir=\"ltr\"><strong>Su Ge\u00e7irmez Branda:<\/strong><\/p>\n<p dir=\"ltr\">\u00c7anta ile birlikte su ge\u00e7irmez branda hediyesi verilmektedir. Bu branda, ya\u011fmurlu havalarda ekstra koruma sa\u011flar ve e\u015fyalar\u0131n\u0131z\u0131n tamamen kuru kalmas\u0131n\u0131 garanti eder.<\/p>\n","protected":false},"excerpt":{"rendered":"<ul>\n<li dir=\"ltr\" aria-level=\"1\">\n<p dir=\"ltr\" role=\"presentation\">Malzeme: 1900D su ge\u00e7irmez Impertex kuma\u015f, esnek ve sa\u011flam plastik destekli<\/p>\n<\/li>\n<li dir=\"ltr\" aria-level=\"1\">\n<p dir=\"ltr\" role=\"presentation\">Renk Se\u00e7enekleri: Siyah<\/p>\n<\/li>\n<li dir=\"ltr\" aria-level=\"1\">\n<p dir=\"ltr\" role=\"presentation\">Boyutlar: 74 cm x 44 cm x 22 cm<\/p>\n<\/li>\n<li dir=\"ltr\" aria-level=\"1\">\n<p dir=\"ltr\" role=\"presentation\">\u0130\u00e7 Hacim: 60 litre<\/p>\n<\/li>\n<li dir=\"ltr\" aria-level=\"1\">\n<p dir=\"ltr\" role=\"presentation\">\u00d6zellikler: Su ge\u00e7irmez, reflektif bask\u0131l\u0131, esnek ve sa\u011flam plastik destek, geni\u015f i\u00e7 hacim, kolay montaj, su ge\u00e7irmez branda hediyeli.<\/p>\n<\/li>\n<\/ul>\n","protected":false},"featured_media":431,"template":"","meta":[],"product_brand":[],"product_cat":[49,39],"product_tag":[],"class_list":{"0":"post-430","1":"product","2":"type-product","3":"status-publish","4":"has-post-thumbnail","6":"product_cat-packsaddle-cantalar","7":"product_cat-tekstil-cantalar","9":"first","10":"instock","11":"shipping-taxable","12":"purchasable","13":"product-type-simple"},"_links":{"self":[{"href":"https:\/\/dclleather.com\/index.php\/wp-json\/wp\/v2\/product\/430","targetHints":{"allow":["GET"]}}],"collection":[{"href":"https:\/\/dclleather.com\/index.php\/wp-json\/wp\/v2\/product"}],"about":[{"href":"https:\/\/dclleather.com\/index.php\/wp-json\/wp\/v2\/types\/product"}],"wp:featuredmedia":[{"embeddable":true,"href":"https:\/\/dclleather.com\/index.php\/wp-json\/wp\/v2\/media\/431"}],"wp:attachment":[{"href":"https:\/\/dclleather.com\/index.php\/wp-json\/wp\/v2\/media?parent=430"}],"wp:term":[{"taxonomy":"product_brand","embeddable":true,"href":"https:\/\/dclleather.com\/index.php\/wp-json\/wp\/v2\/product_brand?post=430"},{"taxonomy":"product_cat","embeddable":true,"href":"https:\/\/dclleather.com\/index.php\/wp-json\/wp\/v2\/product_cat?post=430"},{"taxonomy":"product_tag","embeddable":true,"href":"https:\/\/dclleather.com\/index.php\/wp-json\/wp\/v2\/product_tag?post=430"}],"curies":[{"name":"wp","href":"https:\/\/api.w.org\/{rel}","templated":true}]}}