{"id":426,"date":"2025-09-01T12:27:06","date_gmt":"2025-09-01T12:27:06","guid":{"rendered":"https:\/\/dclleather.com\/?post_type=product&#038;p=426"},"modified":"2025-09-01T12:27:06","modified_gmt":"2025-09-01T12:27:06","slug":"buyuk-termal-canta","status":"publish","type":"product","link":"https:\/\/dclleather.com\/index.php\/product\/buyuk-termal-canta\/","title":{"rendered":"B\u00fcy\u00fck Termal \u00c7anta"},"content":{"rendered":"<p data-start=\"82\" data-end=\"320\"><strong data-start=\"82\" data-end=\"115\">D\u0131\u015f Malzeme &#8211; 1900D \u0130mpertex:<\/strong><br data-start=\"115\" data-end=\"118\" \/>\u00dcr\u00fcn, y\u00fcksek kaliteli ve dayan\u0131kl\u0131 1900D \u0130mpertex kuma\u015f ile \u00fcretilmi\u015ftir. Su ge\u00e7irmez yap\u0131s\u0131 ve a\u015f\u0131nmaya kar\u015f\u0131 g\u00f6sterdi\u011fi diren\u00e7 sayesinde, zorlu hava ve yol ko\u015fullar\u0131nda bile g\u00fcvenle kullanabilirsiniz.<\/p>\n<p data-start=\"322\" data-end=\"503\"><strong data-start=\"322\" data-end=\"343\">\u0130\u00e7 K\u0131s\u0131m &#8211; Astar:<\/strong><br data-start=\"343\" data-end=\"346\" \/>\u0130\u00e7 k\u0131s\u0131mda kullan\u0131lan astar malzemesi, \u00fcr\u00fcnlerinizin hijyenik ve g\u00fcvenli bir \u015fekilde ta\u015f\u0131nmas\u0131n\u0131 sa\u011flar, b\u00f6ylece her zaman g\u00fcvenli bir ta\u015f\u0131ma deneyimi sunar.<\/p>\n<p data-start=\"505\" data-end=\"719\"><strong data-start=\"505\" data-end=\"522\">Is\u0131 Yal\u0131t\u0131m\u0131:<\/strong><br data-start=\"522\" data-end=\"525\" \/>\u00dcr\u00fcndeki m\u00fckemmel \u0131s\u0131 yal\u0131t\u0131m \u00f6zellikleri sayesinde, s\u0131cak ve so\u011fuk g\u0131dalar\u0131n\u0131z\u0131 istenilen s\u0131cakl\u0131kta uzun s\u00fcre muhafaza edebilirsiniz. Yiyecek ve i\u00e7ecekleriniz her zaman taze ve kaliteli kal\u0131r.<\/p>\n<p data-start=\"721\" data-end=\"849\"><strong data-start=\"721\" data-end=\"738\">Kolay Montaj:<\/strong><br data-start=\"738\" data-end=\"741\" \/>Motorunuza kolayca monte edilebilen pratik tasar\u0131m\u0131 ile i\u015flerinizi h\u0131zland\u0131r\u0131r ve kullan\u0131m kolayl\u0131\u011f\u0131 sa\u011flar.<\/p>\n<p data-start=\"851\" data-end=\"1028\"><strong data-start=\"851\" data-end=\"884\">S\u0131rt \u00c7antas\u0131 Olarak Kullan\u0131m:<\/strong><br data-start=\"884\" data-end=\"887\" \/>Ergonomik tasar\u0131m\u0131 sayesinde gerekti\u011finde s\u0131rt \u00e7antas\u0131 olarak kullan\u0131labilir. B\u00f6ylece ta\u015f\u0131ma a\u00e7\u0131s\u0131ndan b\u00fcy\u00fck bir pratiklik ve rahatl\u0131k sunar.<\/p>\n","protected":false},"excerpt":{"rendered":"<ul>\n<li>Boyut: 47x47x47 cm<\/li>\n<\/ul>\n","protected":false},"featured_media":427,"template":"","meta":[],"product_brand":[],"product_cat":[48,39],"product_tag":[],"class_list":{"0":"post-426","1":"product","2":"type-product","3":"status-publish","4":"has-post-thumbnail","6":"product_cat-pos-ve-termal-cantalar","7":"product_cat-tekstil-cantalar","9":"first","10":"instock","11":"shipping-taxable","12":"purchasable","13":"product-type-simple"},"_links":{"self":[{"href":"https:\/\/dclleather.com\/index.php\/wp-json\/wp\/v2\/product\/426","targetHints":{"allow":["GET"]}}],"collection":[{"href":"https:\/\/dclleather.com\/index.php\/wp-json\/wp\/v2\/product"}],"about":[{"href":"https:\/\/dclleather.com\/index.php\/wp-json\/wp\/v2\/types\/product"}],"wp:featuredmedia":[{"embeddable":true,"href":"https:\/\/dclleather.com\/index.php\/wp-json\/wp\/v2\/media\/427"}],"wp:attachment":[{"href":"https:\/\/dclleather.com\/index.php\/wp-json\/wp\/v2\/media?parent=426"}],"wp:term":[{"taxonomy":"product_brand","embeddable":true,"href":"https:\/\/dclleather.com\/index.php\/wp-json\/wp\/v2\/product_brand?post=426"},{"taxonomy":"product_cat","embeddable":true,"href":"https:\/\/dclleather.com\/index.php\/wp-json\/wp\/v2\/product_cat?post=426"},{"taxonomy":"product_tag","embeddable":true,"href":"https:\/\/dclleather.com\/index.php\/wp-json\/wp\/v2\/product_tag?post=426"}],"curies":[{"name":"wp","href":"https:\/\/api.w.org\/{rel}","templated":true}]}}