{"id":424,"date":"2025-09-01T12:22:30","date_gmt":"2025-09-01T12:22:30","guid":{"rendered":"https:\/\/dclleather.com\/?post_type=product&#038;p=424"},"modified":"2025-09-01T12:22:30","modified_gmt":"2025-09-01T12:22:30","slug":"termal-isi-yalitimli-orta-boy-yemek-tasima-cantasi","status":"publish","type":"product","link":"https:\/\/dclleather.com\/index.php\/product\/termal-isi-yalitimli-orta-boy-yemek-tasima-cantasi\/","title":{"rendered":"Termal Is\u0131 Yal\u0131t\u0131ml\u0131 Orta Boy Yemek Ta\u015f\u0131ma \u00c7antas\u0131"},"content":{"rendered":"<p><b>Y\u0131rt\u0131lmaz ve Y\u0131pranmaz Malzeme:<\/b><\/p>\n<p>4 kat \u00f6zel malzeme ile d\u0131\u015f etkenlere kar\u015f\u0131 \u00fcst\u00fcn dayan\u0131kl\u0131l\u0131k.<\/p>\n<p><b>Geni\u015f Hacim Se\u00e7enekleri:<\/b><\/p>\n<p>\u0130ki farkl\u0131 boyut ile hem b\u00fcy\u00fck hem de k\u00fc\u00e7\u00fck hacimli ta\u015f\u0131malar i\u00e7in uygun.<\/p>\n<p><b>Kolay Temizlik:<\/b><\/p>\n<p>Kirlenmeye ve lekelere kar\u015f\u0131 diren\u00e7li y\u00fczeyi sayesinde \u00e7anta kolayca temizlenir.<\/p>\n<p><b>Ergonomik Tasar\u0131m:<\/b><\/p>\n<p>Konforlu tutma saplar\u0131 ve hafif yap\u0131s\u0131 ile kolay ta\u015f\u0131nabilirlik sa\u011flar.<\/p>\n<p><b>\u00c7ok Y\u00f6nl\u00fc Kullan\u0131m:<\/b><\/p>\n<p>Kuryeler, \u00f6\u011frenciler, \u00e7al\u0131\u015fanlar ve hareket halindeki herkes i\u00e7in m\u00fckemmel bir se\u00e7im.<\/p>\n","protected":false},"excerpt":{"rendered":"<ul>\n<li>Y\u00fckseklik: 25 cm<\/li>\n<li>Alt Taban: 35 cm x 35 cm<\/li>\n<li>Hacim: 30.6 litre<\/li>\n<\/ul>\n","protected":false},"featured_media":425,"template":"","meta":[],"product_brand":[],"product_cat":[48,39],"product_tag":[],"class_list":{"0":"post-424","1":"product","2":"type-product","3":"status-publish","4":"has-post-thumbnail","6":"product_cat-pos-ve-termal-cantalar","7":"product_cat-tekstil-cantalar","9":"first","10":"instock","11":"shipping-taxable","12":"purchasable","13":"product-type-simple"},"_links":{"self":[{"href":"https:\/\/dclleather.com\/index.php\/wp-json\/wp\/v2\/product\/424","targetHints":{"allow":["GET"]}}],"collection":[{"href":"https:\/\/dclleather.com\/index.php\/wp-json\/wp\/v2\/product"}],"about":[{"href":"https:\/\/dclleather.com\/index.php\/wp-json\/wp\/v2\/types\/product"}],"wp:featuredmedia":[{"embeddable":true,"href":"https:\/\/dclleather.com\/index.php\/wp-json\/wp\/v2\/media\/425"}],"wp:attachment":[{"href":"https:\/\/dclleather.com\/index.php\/wp-json\/wp\/v2\/media?parent=424"}],"wp:term":[{"taxonomy":"product_brand","embeddable":true,"href":"https:\/\/dclleather.com\/index.php\/wp-json\/wp\/v2\/product_brand?post=424"},{"taxonomy":"product_cat","embeddable":true,"href":"https:\/\/dclleather.com\/index.php\/wp-json\/wp\/v2\/product_cat?post=424"},{"taxonomy":"product_tag","embeddable":true,"href":"https:\/\/dclleather.com\/index.php\/wp-json\/wp\/v2\/product_tag?post=424"}],"curies":[{"name":"wp","href":"https:\/\/api.w.org\/{rel}","templated":true}]}}