{"id":410,"date":"2025-09-01T12:10:28","date_gmt":"2025-09-01T12:10:28","guid":{"rendered":"https:\/\/dclleather.com\/?post_type=product&#038;p=410"},"modified":"2025-09-01T12:10:28","modified_gmt":"2025-09-01T12:10:28","slug":"maxi-scooter-bacak-arasi-canta","status":"publish","type":"product","link":"https:\/\/dclleather.com\/index.php\/product\/maxi-scooter-bacak-arasi-canta\/","title":{"rendered":"Maxi Scooter Bacak Aras\u0131 \u00c7anta"},"content":{"rendered":"<p><b>1900D Impertex Su Ge\u00e7irmez Kuma\u015f:\u00a0<\/b>E\u015fyalar\u0131n\u0131z\u0131 her t\u00fcrl\u00fc hava ko\u015fulunda kuru tutar. Su ge\u00e7irmez \u00f6zelli\u011fi sayesinde ya\u011fmur ve su s\u0131\u00e7ramalar\u0131na kar\u015f\u0131 \u00fcst\u00fcn koruma sa\u011flar.<\/p>\n<p><b>Reflektif Bask\u0131lar:\u00a0<\/b>Gece s\u00fcr\u00fc\u015flerinde g\u00f6r\u00fcn\u00fcrl\u00fc\u011f\u00fcn\u00fcz\u00fc art\u0131rarak g\u00fcvenli\u011finizi sa\u011flar. Reflektif bask\u0131lar sayesinde karanl\u0131kta bile fark edilirsiniz.<\/p>\n<p><b>Kolay Montaj ve S\u00f6kme:\u00a0<\/b>\u00c7anta, scooter&#8217;\u0131n\u0131za klipsler sayesinde h\u0131zl\u0131ca ba\u011flan\u0131p \u00e7\u0131kar\u0131labilir. Bu sayede pratik ve g\u00fcvenli bir kullan\u0131m sunar.<\/p>\n<p><b>Omuz \u00c7antas\u0131 Olarak Kullan\u0131labilir:\u00a0<\/b>\u0130stenildi\u011finde \u00e7antay\u0131 omuz \u00e7antas\u0131 olarak kullanabilirsiniz. Ayarlanabilir omuz ask\u0131s\u0131 sayesinde ta\u015f\u0131mas\u0131 kolay ve rahatt\u0131r.<\/p>\n<p><b>Yerli \u00dcretim:\u00a0<\/b>Y\u00fcksek kalite standartlar\u0131nda yerli \u00fcretim olan DOT Cycle, motosiklet tutkunlar\u0131na en iyi \u00fcr\u00fcnleri sunmay\u0131 hedefliyor.<\/p>\n","protected":false},"excerpt":{"rendered":"<ul>\n<li><b>Malzeme:\u00a0<\/b>1900D Impertex Su Ge\u00e7irmez Kuma\u015f<\/li>\n<li><b>Renk Se\u00e7enekleri:\u00a0<\/b>Siyah<\/li>\n<li><b>Boyutlar:\u00a0<\/b>31 cm x 26 cm x 30 cm<\/li>\n<li><b>A\u011f\u0131rl\u0131k:\u00a0<\/b>800 gr<\/li>\n<li><b>\u0130\u00e7 Hacim:\u00a0<\/b>24,18 litre<\/li>\n<\/ul>\n","protected":false},"featured_media":411,"template":"","meta":[],"product_brand":[],"product_cat":[47,39],"product_tag":[],"class_list":{"0":"post-410","1":"product","2":"type-product","3":"status-publish","4":"has-post-thumbnail","6":"product_cat-baak-cantalari","7":"product_cat-tekstil-cantalar","9":"first","10":"instock","11":"shipping-taxable","12":"purchasable","13":"product-type-simple"},"_links":{"self":[{"href":"https:\/\/dclleather.com\/index.php\/wp-json\/wp\/v2\/product\/410","targetHints":{"allow":["GET"]}}],"collection":[{"href":"https:\/\/dclleather.com\/index.php\/wp-json\/wp\/v2\/product"}],"about":[{"href":"https:\/\/dclleather.com\/index.php\/wp-json\/wp\/v2\/types\/product"}],"wp:featuredmedia":[{"embeddable":true,"href":"https:\/\/dclleather.com\/index.php\/wp-json\/wp\/v2\/media\/411"}],"wp:attachment":[{"href":"https:\/\/dclleather.com\/index.php\/wp-json\/wp\/v2\/media?parent=410"}],"wp:term":[{"taxonomy":"product_brand","embeddable":true,"href":"https:\/\/dclleather.com\/index.php\/wp-json\/wp\/v2\/product_brand?post=410"},{"taxonomy":"product_cat","embeddable":true,"href":"https:\/\/dclleather.com\/index.php\/wp-json\/wp\/v2\/product_cat?post=410"},{"taxonomy":"product_tag","embeddable":true,"href":"https:\/\/dclleather.com\/index.php\/wp-json\/wp\/v2\/product_tag?post=410"}],"curies":[{"name":"wp","href":"https:\/\/api.w.org\/{rel}","templated":true}]}}