{"id":386,"date":"2025-09-01T11:42:57","date_gmt":"2025-09-01T11:42:57","guid":{"rendered":"https:\/\/dclleather.com\/?post_type=product&#038;p=386"},"modified":"2025-09-01T11:42:57","modified_gmt":"2025-09-01T11:42:57","slug":"kucuk-koruklu-yan-canta","status":"publish","type":"product","link":"https:\/\/dclleather.com\/index.php\/product\/kucuk-koruklu-yan-canta\/","title":{"rendered":"K\u00fc\u00e7\u00fck K\u00f6r\u00fckl\u00fc Yan \u00c7anta"},"content":{"rendered":"<p dir=\"ltr\"><strong>1900D Impertex Su Ge\u00e7irmez Kuma\u015f:<\/strong><\/p>\n<p dir=\"ltr\">E\u015fyalar\u0131n\u0131z\u0131 her t\u00fcrl\u00fc hava ko\u015fulunda kuru tutar. Su ge\u00e7irmez \u00f6zelli\u011fi sayesinde ya\u011fmur ve su s\u0131\u00e7ramalar\u0131na kar\u015f\u0131 \u00fcst\u00fcn koruma sa\u011flar.<\/p>\n<p dir=\"ltr\"><strong>Sert Plastik Destek:<\/strong><\/p>\n<p dir=\"ltr\">\u00c7antan\u0131n sert plastik destekleri, formunu korumas\u0131n\u0131 sa\u011flar ve e\u015fyalar\u0131n\u0131z\u0131n g\u00fcvenli bir \u015fekilde ta\u015f\u0131nmas\u0131na yard\u0131mc\u0131 olur.<\/p>\n<p dir=\"ltr\"><strong>Reflektif Bask\u0131lar ve \u015eeritler:<\/strong><\/p>\n<p dir=\"ltr\">Gece s\u00fcr\u00fc\u015flerinde g\u00f6r\u00fcn\u00fcrl\u00fc\u011f\u00fcn\u00fcz\u00fc art\u0131rarak g\u00fcvenli\u011finizi sa\u011flar. Reflektif bask\u0131lar ve \u015feritler sayesinde karanl\u0131kta bile fark edilirsiniz.<\/p>\n<p dir=\"ltr\"><strong>K\u00f6r\u00fck \u00d6zelli\u011fi:<\/strong><\/p>\n<p dir=\"ltr\">\u00c7anta, k\u00f6r\u00fck \u00f6zelli\u011fi sayesinde i\u00e7 hacmini geni\u015fletebilir. Normalde 17,68 litre olan i\u00e7 hacim, k\u00f6r\u00fckler a\u00e7\u0131ld\u0131\u011f\u0131nda 28,08 litreye kadar geni\u015fler. K\u00f6r\u00fck k\u0131sm\u0131n\u0131n kal\u0131nl\u0131\u011f\u0131 10 cm&#8217;dir.<\/p>\n","protected":false},"excerpt":{"rendered":"<ul>\n<li dir=\"ltr\" aria-level=\"1\">\n<p dir=\"ltr\" role=\"presentation\">Malzeme: 1900D Impertex Su Ge\u00e7irmez Kuma\u015f<\/p>\n<\/li>\n<li dir=\"ltr\" aria-level=\"1\">\n<p dir=\"ltr\" role=\"presentation\">Renk Se\u00e7enekleri: Siyah<\/p>\n<\/li>\n<li dir=\"ltr\" aria-level=\"1\">\n<p dir=\"ltr\" role=\"presentation\">Boyutlar: 40 cm x 26 cm x 17 cm (K\u00f6r\u00fck k\u0131sm\u0131 a\u00e7\u0131ld\u0131\u011f\u0131nda geni\u015flik 27 cm)<\/p>\n<\/li>\n<li dir=\"ltr\" aria-level=\"1\">\n<p dir=\"ltr\" role=\"presentation\">A\u011f\u0131rl\u0131k: 900 gr<\/p>\n<\/li>\n<li dir=\"ltr\" aria-level=\"1\">\n<p dir=\"ltr\" role=\"presentation\">\u0130\u00e7 Hacim: 17,68 litre, k\u00f6r\u00fckler a\u00e7\u0131ld\u0131\u011f\u0131nda 28,08 litre<\/p>\n<\/li>\n<\/ul>\n","protected":false},"featured_media":387,"template":"","meta":[],"product_brand":[],"product_cat":[33,39,46,41],"product_tag":[],"class_list":{"0":"post-386","1":"product","2":"type-product","3":"status-publish","4":"has-post-thumbnail","6":"product_cat-aksesuar","7":"product_cat-tekstil-cantalar","8":"product_cat-tekstil-cantalar-aksesuar","9":"product_cat-yan-cantalar","11":"first","12":"instock","13":"shipping-taxable","14":"purchasable","15":"product-type-simple"},"_links":{"self":[{"href":"https:\/\/dclleather.com\/index.php\/wp-json\/wp\/v2\/product\/386","targetHints":{"allow":["GET"]}}],"collection":[{"href":"https:\/\/dclleather.com\/index.php\/wp-json\/wp\/v2\/product"}],"about":[{"href":"https:\/\/dclleather.com\/index.php\/wp-json\/wp\/v2\/types\/product"}],"wp:featuredmedia":[{"embeddable":true,"href":"https:\/\/dclleather.com\/index.php\/wp-json\/wp\/v2\/media\/387"}],"wp:attachment":[{"href":"https:\/\/dclleather.com\/index.php\/wp-json\/wp\/v2\/media?parent=386"}],"wp:term":[{"taxonomy":"product_brand","embeddable":true,"href":"https:\/\/dclleather.com\/index.php\/wp-json\/wp\/v2\/product_brand?post=386"},{"taxonomy":"product_cat","embeddable":true,"href":"https:\/\/dclleather.com\/index.php\/wp-json\/wp\/v2\/product_cat?post=386"},{"taxonomy":"product_tag","embeddable":true,"href":"https:\/\/dclleather.com\/index.php\/wp-json\/wp\/v2\/product_tag?post=386"}],"curies":[{"name":"wp","href":"https:\/\/api.w.org\/{rel}","templated":true}]}}