{"id":367,"date":"2025-09-01T11:12:06","date_gmt":"2025-09-01T11:12:06","guid":{"rendered":"https:\/\/dclleather.com\/?post_type=product&#038;p=367"},"modified":"2025-09-01T11:12:07","modified_gmt":"2025-09-01T11:12:07","slug":"motosiklet-koruma-demiri-cantasi-2li-takim","status":"publish","type":"product","link":"https:\/\/dclleather.com\/index.php\/product\/motosiklet-koruma-demiri-cantasi-2li-takim\/","title":{"rendered":"Motosiklet Koruma Demiri \u00c7antas\u0131 2\u2019li Tak\u0131m"},"content":{"rendered":"<p class=\"\" data-start=\"580\" data-end=\"743\"><strong data-start=\"583\" data-end=\"611\">1900D Su Ge\u00e7irmez Kuma\u015f:<\/strong><br data-start=\"611\" data-end=\"614\" \/>Y\u00fcksek kaliteli 1900D kuma\u015f\u0131 sayesinde ya\u011fmurlu ve zorlu hava ko\u015fullar\u0131nda e\u015fyalar\u0131n\u0131z\u0131 kuru tutar, uzun \u00f6m\u00fcrl\u00fc kullan\u0131m sunar.<\/p>\n<p class=\"\" data-start=\"745\" data-end=\"883\"><strong data-start=\"748\" data-end=\"775\">Sert ve Dayan\u0131kl\u0131 Yap\u0131:<\/strong><br data-start=\"775\" data-end=\"778\" \/>Formunu koruyan sa\u011flam yap\u0131s\u0131 sayesinde \u00e7anta, s\u00fcr\u00fc\u015f s\u0131ras\u0131nda \u015fekil de\u011fi\u015ftirmez ve i\u00e7indekileri korur.<\/p>\n<p class=\"\" data-start=\"885\" data-end=\"1009\"><strong data-start=\"888\" data-end=\"912\">\u015e\u0131k Fitil Detaylar\u0131:<\/strong><br data-start=\"912\" data-end=\"915\" \/>Gri ve Siyah fitil se\u00e7enekleriyle motosikletinizin tarz\u0131n\u0131 tamamlayan \u015f\u0131k bir g\u00f6r\u00fcn\u00fcm sunar.<\/p>\n<p class=\"\" data-start=\"1011\" data-end=\"1140\"><strong data-start=\"1014\" data-end=\"1032\">Evrensel Uyum:<\/strong><br data-start=\"1032\" data-end=\"1035\" \/>Koruma demirine kolay ve sa\u011flam bir \u015fekilde monte edilir. T\u00fcm marka ve model motosikletlerle uyumludur.<\/p>\n<p class=\"\" data-start=\"1142\" data-end=\"1251\"><strong data-start=\"1145\" data-end=\"1180\">Kompakt ve Kullan\u0131\u015fl\u0131 Boyutlar:<\/strong><br data-start=\"1180\" data-end=\"1183\" \/>Kal\u0131nl\u0131k: 12 cm<br data-start=\"1198\" data-end=\"1201\" \/>En: 12 &#8211; 24 cm (K\u0131sa ve uzun kenar)<br data-start=\"1236\" data-end=\"1239\" \/>Boy: 27 cm<\/p>\n","protected":false},"excerpt":{"rendered":"<ul data-start=\"1627\" data-end=\"1835\">\n<li class=\"\" data-start=\"1648\" data-end=\"1684\">\n<p class=\"\" data-start=\"1650\" data-end=\"1684\">Malzeme: 1900D Su Ge\u00e7irmez Kuma\u015f<\/p>\n<\/li>\n<li class=\"\" data-start=\"1685\" data-end=\"1734\">\n<p class=\"\" data-start=\"1687\" data-end=\"1734\">Renk Se\u00e7enekleri: Gri Fitilli \/ Siyah Fitilli<\/p>\n<\/li>\n<li class=\"\" data-start=\"1735\" data-end=\"1773\">\n<p class=\"\" data-start=\"1737\" data-end=\"1773\">Boyutlar: 12 cm x 12-24 cm x 27 cm<\/p>\n<\/li>\n<li class=\"\" data-start=\"1774\" data-end=\"1835\">\n<p class=\"\" data-start=\"1776\" data-end=\"1835\">Kullan\u0131m Alan\u0131: T\u00fcm motosiklet koruma demirleriyle uyumlu<\/p>\n<\/li>\n<\/ul>\n","protected":false},"featured_media":368,"template":"","meta":[],"product_brand":[],"product_cat":[33,39,41],"product_tag":[],"class_list":{"0":"post-367","1":"product","2":"type-product","3":"status-publish","4":"has-post-thumbnail","6":"product_cat-aksesuar","7":"product_cat-tekstil-cantalar","8":"product_cat-yan-cantalar","10":"first","11":"instock","12":"shipping-taxable","13":"purchasable","14":"product-type-simple"},"_links":{"self":[{"href":"https:\/\/dclleather.com\/index.php\/wp-json\/wp\/v2\/product\/367","targetHints":{"allow":["GET"]}}],"collection":[{"href":"https:\/\/dclleather.com\/index.php\/wp-json\/wp\/v2\/product"}],"about":[{"href":"https:\/\/dclleather.com\/index.php\/wp-json\/wp\/v2\/types\/product"}],"wp:featuredmedia":[{"embeddable":true,"href":"https:\/\/dclleather.com\/index.php\/wp-json\/wp\/v2\/media\/368"}],"wp:attachment":[{"href":"https:\/\/dclleather.com\/index.php\/wp-json\/wp\/v2\/media?parent=367"}],"wp:term":[{"taxonomy":"product_brand","embeddable":true,"href":"https:\/\/dclleather.com\/index.php\/wp-json\/wp\/v2\/product_brand?post=367"},{"taxonomy":"product_cat","embeddable":true,"href":"https:\/\/dclleather.com\/index.php\/wp-json\/wp\/v2\/product_cat?post=367"},{"taxonomy":"product_tag","embeddable":true,"href":"https:\/\/dclleather.com\/index.php\/wp-json\/wp\/v2\/product_tag?post=367"}],"curies":[{"name":"wp","href":"https:\/\/api.w.org\/{rel}","templated":true}]}}