{"id":357,"date":"2025-09-01T09:32:06","date_gmt":"2025-09-01T09:32:06","guid":{"rendered":"https:\/\/dclleather.com\/?post_type=product&#038;p=357"},"modified":"2025-09-01T11:08:58","modified_gmt":"2025-09-01T11:08:58","slug":"sert-kabuk-yan-canta-koruklu-nardo-gri","status":"publish","type":"product","link":"https:\/\/dclleather.com\/index.php\/product\/sert-kabuk-yan-canta-koruklu-nardo-gri\/","title":{"rendered":"Sert Kabuk Yan \u00c7anta K\u00f6r\u00fckl\u00fc Nardo Gri"},"content":{"rendered":"<p><b>Sert Kabuk Yap\u0131 ve Plastik Destek<\/b><\/p>\n<p><b><\/b><b><\/b>Formunu korur, darbelere kar\u015f\u0131 dayan\u0131kl\u0131d\u0131r.<\/p>\n<p><b>1900D Impertex Su Ge\u00e7irmez Kuma\u015f<\/b><\/p>\n<p>Her ko\u015fulda e\u015fyalar\u0131n\u0131z\u0131 kuru tutar.<\/p>\n<p><b>Reflektif \u015eerit ve Bask\u0131lar<\/b><\/p>\n<p>Gece s\u00fcr\u00fc\u015flerinde fark edilirli\u011fi art\u0131r\u0131r.<\/p>\n<p><b>K\u00f6r\u00fck Sistemi<\/b><\/p>\n<p>21.8 L olan hacim, k\u00f6r\u00fck a\u00e7\u0131ld\u0131\u011f\u0131nda 29.75 L\u2019ye \u00e7\u0131kar. (K\u00f6r\u00fck kal\u0131nl\u0131\u011f\u0131: 9 cm)<\/p>\n","protected":false},"excerpt":{"rendered":"<p><b>Boyutlar<\/b>: 25 x 25 x 35 cm (k\u00f6r\u00fck a\u00e7\u0131kken geni\u015flik 34 cm)<\/p>\n<p><b>A\u011f\u0131rl\u0131k<\/b>: 1.2 kg<\/p>\n<p><b>Renk<\/b>: Nardo Gri, Siyah<\/p>\n<p><b>Malzeme<\/b>: 1900D Impertex<\/p>\n","protected":false},"featured_media":360,"template":"","meta":[],"product_brand":[],"product_cat":[33,39,41],"product_tag":[],"class_list":{"0":"post-357","1":"product","2":"type-product","3":"status-publish","4":"has-post-thumbnail","6":"product_cat-aksesuar","7":"product_cat-tekstil-cantalar","8":"product_cat-yan-cantalar","10":"first","11":"instock","12":"shipping-taxable","13":"purchasable","14":"product-type-simple"},"_links":{"self":[{"href":"https:\/\/dclleather.com\/index.php\/wp-json\/wp\/v2\/product\/357","targetHints":{"allow":["GET"]}}],"collection":[{"href":"https:\/\/dclleather.com\/index.php\/wp-json\/wp\/v2\/product"}],"about":[{"href":"https:\/\/dclleather.com\/index.php\/wp-json\/wp\/v2\/types\/product"}],"wp:featuredmedia":[{"embeddable":true,"href":"https:\/\/dclleather.com\/index.php\/wp-json\/wp\/v2\/media\/360"}],"wp:attachment":[{"href":"https:\/\/dclleather.com\/index.php\/wp-json\/wp\/v2\/media?parent=357"}],"wp:term":[{"taxonomy":"product_brand","embeddable":true,"href":"https:\/\/dclleather.com\/index.php\/wp-json\/wp\/v2\/product_brand?post=357"},{"taxonomy":"product_cat","embeddable":true,"href":"https:\/\/dclleather.com\/index.php\/wp-json\/wp\/v2\/product_cat?post=357"},{"taxonomy":"product_tag","embeddable":true,"href":"https:\/\/dclleather.com\/index.php\/wp-json\/wp\/v2\/product_tag?post=357"}],"curies":[{"name":"wp","href":"https:\/\/api.w.org\/{rel}","templated":true}]}}