{"id":342,"date":"2025-09-01T08:13:40","date_gmt":"2025-09-01T08:13:40","guid":{"rendered":"https:\/\/dclleather.com\/?post_type=product&#038;p=342"},"modified":"2025-09-01T08:34:42","modified_gmt":"2025-09-01T08:34:42","slug":"motosiklet-depo-ustu-canta-topbox-dp05","status":"publish","type":"product","link":"https:\/\/dclleather.com\/index.php\/product\/motosiklet-depo-ustu-canta-topbox-dp05\/","title":{"rendered":"Motosiklet Depo \u00dcst\u00fc \u00c7anta Topbox DP05"},"content":{"rendered":"<h2>1900D Su \u0130tici Impertex Kuma\u015f<\/h2>\n<p>E\u015fyalar\u0131n\u0131z\u0131 her t\u00fcrl\u00fc hava ko\u015fulunda kuru tutar. Ya\u011fmur ve su s\u0131\u00e7ramalar\u0131na kar\u015f\u0131 \u00fcst\u00fcn koruma sa\u011flar.<\/p>\n<h2>Reklekftif Bask\u0131lar<\/h2>\n<p>Gece s\u00fcr\u00fc\u015flerinde g\u00f6r\u00fcn\u00fcrl\u00fc\u011f\u00fcn\u00fcz\u00fc art\u0131rarak g\u00fcvenli\u011finizi sa\u011flar. Reflektif bask\u0131lar sayesinde karanl\u0131kta bile fark edilirsiniz.<\/p>\n<h2>M\u0131knat\u0131sl\u0131 ve Omuz Ask\u0131l\u0131 Tasar\u0131m<\/h2>\n<p>G\u00fc\u00e7l\u00fc m\u0131knat\u0131slar\u0131 sayesinde motosikletinizin deposuna sa\u011flam bir \u015fekilde tutunur. Ayr\u0131ca, omuz ask\u0131s\u0131 ile rahatl\u0131kla ta\u015f\u0131nabilir ve el \u00e7antas\u0131 olarak kullan\u0131labilir.<\/p>\n<h2>Plastik Destekli Yap\u0131<\/h2>\n<p>\u00c7antan\u0131n plastik destekleri, formunu korumas\u0131n\u0131 sa\u011flar ve e\u015fyalar\u0131n\u0131z\u0131n g\u00fcvenli bir \u015fekilde ta\u015f\u0131nmas\u0131na yard\u0131mc\u0131 olur.<\/p>\n<h2>Geni\u015f \u0130\u00e7 Hacim<\/h2>\n<p>6,80 litre i\u00e7 hacmi ile temel ihtiya\u00e7lar\u0131n\u0131z\u0131 rahatl\u0131kla ta\u015f\u0131yabilirsiniz. Kompakt boyutlar\u0131 ile g\u00fcnl\u00fck kullan\u0131m i\u00e7in idealdir.<\/p>\n","protected":false},"excerpt":{"rendered":"<ul>\n<li dir=\"ltr\" aria-level=\"1\">\n<p dir=\"ltr\" role=\"presentation\">Malzeme: 1900D Su \u0130tici Kuma\u015f<\/p>\n<\/li>\n<li dir=\"ltr\" aria-level=\"1\">\n<p dir=\"ltr\" role=\"presentation\">Renk Se\u00e7enekleri: Siyah, Gri<\/p>\n<\/li>\n<li dir=\"ltr\" aria-level=\"1\">\n<p dir=\"ltr\" role=\"presentation\">Boyutlar: 19 cm x 29 cm x 39 cm<\/p>\n<\/li>\n<li dir=\"ltr\" aria-level=\"1\">\n<p dir=\"ltr\" role=\"presentation\">A\u011f\u0131rl\u0131k: 500 gr<\/p>\n<\/li>\n<li dir=\"ltr\" aria-level=\"1\">\n<p dir=\"ltr\" role=\"presentation\">\u0130\u00e7 Hacim: 6,80 litre<\/p>\n<\/li>\n<\/ul>\n","protected":false},"featured_media":343,"template":"","meta":[],"product_brand":[],"product_cat":[33,40,39],"product_tag":[],"class_list":{"0":"post-342","1":"product","2":"type-product","3":"status-publish","4":"has-post-thumbnail","6":"product_cat-aksesuar","7":"product_cat-depo-ustu-cantalar","8":"product_cat-tekstil-cantalar","10":"first","11":"instock","12":"shipping-taxable","13":"purchasable","14":"product-type-simple"},"_links":{"self":[{"href":"https:\/\/dclleather.com\/index.php\/wp-json\/wp\/v2\/product\/342","targetHints":{"allow":["GET"]}}],"collection":[{"href":"https:\/\/dclleather.com\/index.php\/wp-json\/wp\/v2\/product"}],"about":[{"href":"https:\/\/dclleather.com\/index.php\/wp-json\/wp\/v2\/types\/product"}],"wp:featuredmedia":[{"embeddable":true,"href":"https:\/\/dclleather.com\/index.php\/wp-json\/wp\/v2\/media\/343"}],"wp:attachment":[{"href":"https:\/\/dclleather.com\/index.php\/wp-json\/wp\/v2\/media?parent=342"}],"wp:term":[{"taxonomy":"product_brand","embeddable":true,"href":"https:\/\/dclleather.com\/index.php\/wp-json\/wp\/v2\/product_brand?post=342"},{"taxonomy":"product_cat","embeddable":true,"href":"https:\/\/dclleather.com\/index.php\/wp-json\/wp\/v2\/product_cat?post=342"},{"taxonomy":"product_tag","embeddable":true,"href":"https:\/\/dclleather.com\/index.php\/wp-json\/wp\/v2\/product_tag?post=342"}],"curies":[{"name":"wp","href":"https:\/\/api.w.org\/{rel}","templated":true}]}}