{"id":334,"date":"2025-09-01T08:03:59","date_gmt":"2025-09-01T08:03:59","guid":{"rendered":"https:\/\/dclleather.com\/?post_type=product&#038;p=334"},"modified":"2025-09-01T08:26:25","modified_gmt":"2025-09-01T08:26:25","slug":"motosiklet-depo-ustu-canta-dp01","status":"publish","type":"product","link":"https:\/\/dclleather.com\/index.php\/product\/motosiklet-depo-ustu-canta-dp01\/","title":{"rendered":"Motosiklet Depo \u00dcst\u00fc \u00c7anta | DP01"},"content":{"rendered":"<h2>1900D Su Ge\u00e7irmez Impertex Kuma\u015f<\/h2>\n<p>E\u015fyalar\u0131n\u0131z\u0131 her t\u00fcrl\u00fc hava ko\u015fulunda kuru tutar. Ya\u011fmur ve su s\u0131\u00e7ramalar\u0131na kar\u015f\u0131 \u00fcst\u00fcn koruma sa\u011flar.<\/p>\n<h2>Reklekftif Bask\u0131lar<\/h2>\n<p>Gece s\u00fcr\u00fc\u015flerinde g\u00f6r\u00fcn\u00fcrl\u00fc\u011f\u00fcn\u00fcz\u00fc art\u0131rarak g\u00fcvenli\u011finizi sa\u011flar. Reflektif bask\u0131lar sayesinde karanl\u0131kta bile fark edilirsiniz.<\/p>\n<h2>Asetat Cepli ve \u00dc\u00e7 Ayr\u0131 B\u00f6lme<\/h2>\n<p>E\u015fyalar\u0131n\u0131z\u0131 d\u00fczenli ve kolay ula\u015f\u0131labilir \u015fekilde saklayabilece\u011finiz \u00fc\u00e7 ayr\u0131 b\u00f6l\u00fcm ile maksimum d\u00fczen sa\u011flar. Asetat cepler, \u00f6nemli e\u015fyalar\u0131n\u0131z\u0131 g\u00fcvenle muhafaza etmenize olanak tan\u0131r.<\/p>\n<h2>M\u0131knat\u0131sl\u0131 Depo \u00dcst\u00fc ve El &amp; Omuz \u00c7antas\u0131 \u00d6zellikli<\/h2>\n<p>G\u00fc\u00e7l\u00fc m\u0131knat\u0131slar\u0131 sayesinde motosikletinizin deposuna sa\u011flam bir \u015fekilde tutunur. Ayr\u0131ca, el ve omuz \u00e7antas\u0131 olarak da kullan\u0131labilen tasar\u0131m\u0131 ile \u00e7ok y\u00f6nl\u00fc kullan\u0131m imkan\u0131 sunar.<\/p>\n<h2>Geni\u015f \u0130\u00e7 Hacim<\/h2>\n<p>18,4 litre i\u00e7 hacmi ile temel ihtiya\u00e7lar\u0131n\u0131z\u0131 ve daha fazlas\u0131n\u0131 rahatl\u0131kla ta\u015f\u0131yabilirsiniz. B\u00fcy\u00fck boyutlar\u0131 sayesinde uzun yolculuklarda bile ihtiya\u00e7 duydu\u011funuz her \u015feyi yan\u0131n\u0131zda ta\u015f\u0131yabilirsiniz.<\/p>\n<h2>Ba\u011flamal\u0131 Depo \u00dcst\u00fc ve El \u00c7antas\u0131<\/h2>\n<p>\u00c7antan\u0131z, kolonlar sayesinde motosikletinizin deposuna sa\u011flam bir \u015fekilde tutunur. Ayr\u0131ca, alt tablas\u0131 ve \u00fcst \u00e7anta klipsler arac\u0131l\u0131\u011f\u0131yla birbirine ba\u011flan\u0131r ve istenildi\u011finde kolayca s\u00f6k\u00fclerek el \u00e7antas\u0131 olarak kullan\u0131labilir.<\/p>\n","protected":false},"excerpt":{"rendered":"<ul>\n<li dir=\"ltr\" role=\"presentation\">Malzeme: 1900D Su Ge\u00e7irmez Impertex Kuma\u015f<\/li>\n<li dir=\"ltr\" aria-level=\"1\">\n<p dir=\"ltr\" role=\"presentation\">Renk Se\u00e7enekleri: Siyah, Gri<\/p>\n<\/li>\n<li dir=\"ltr\" aria-level=\"1\">\n<p dir=\"ltr\" role=\"presentation\">Boyutlar: 32 cm x 23 cm x 12 cm<\/p>\n<\/li>\n<li dir=\"ltr\" aria-level=\"1\">\n<p dir=\"ltr\" role=\"presentation\">A\u011f\u0131rl\u0131k: 500 gr<\/p>\n<\/li>\n<li dir=\"ltr\" aria-level=\"1\">\n<p dir=\"ltr\" role=\"presentation\">\u0130\u00e7 Hacim: 6,60 litre<\/p>\n<\/li>\n<\/ul>\n","protected":false},"featured_media":338,"template":"","meta":[],"product_brand":[],"product_cat":[33,40,39],"product_tag":[],"class_list":{"0":"post-334","1":"product","2":"type-product","3":"status-publish","4":"has-post-thumbnail","6":"product_cat-aksesuar","7":"product_cat-depo-ustu-cantalar","8":"product_cat-tekstil-cantalar","10":"first","11":"instock","12":"shipping-taxable","13":"purchasable","14":"product-type-simple"},"_links":{"self":[{"href":"https:\/\/dclleather.com\/index.php\/wp-json\/wp\/v2\/product\/334","targetHints":{"allow":["GET"]}}],"collection":[{"href":"https:\/\/dclleather.com\/index.php\/wp-json\/wp\/v2\/product"}],"about":[{"href":"https:\/\/dclleather.com\/index.php\/wp-json\/wp\/v2\/types\/product"}],"wp:featuredmedia":[{"embeddable":true,"href":"https:\/\/dclleather.com\/index.php\/wp-json\/wp\/v2\/media\/338"}],"wp:attachment":[{"href":"https:\/\/dclleather.com\/index.php\/wp-json\/wp\/v2\/media?parent=334"}],"wp:term":[{"taxonomy":"product_brand","embeddable":true,"href":"https:\/\/dclleather.com\/index.php\/wp-json\/wp\/v2\/product_brand?post=334"},{"taxonomy":"product_cat","embeddable":true,"href":"https:\/\/dclleather.com\/index.php\/wp-json\/wp\/v2\/product_cat?post=334"},{"taxonomy":"product_tag","embeddable":true,"href":"https:\/\/dclleather.com\/index.php\/wp-json\/wp\/v2\/product_tag?post=334"}],"curies":[{"name":"wp","href":"https:\/\/api.w.org\/{rel}","templated":true}]}}