{"id":324,"date":"2025-09-01T07:43:33","date_gmt":"2025-09-01T07:43:33","guid":{"rendered":"https:\/\/dclleather.com\/?post_type=product&#038;p=324"},"modified":"2025-09-01T08:24:51","modified_gmt":"2025-09-01T08:24:51","slug":"motosiklet-telefon-tutuculu-depo-ustu-canta-dp04","status":"publish","type":"product","link":"https:\/\/dclleather.com\/index.php\/product\/motosiklet-telefon-tutuculu-depo-ustu-canta-dp04\/","title":{"rendered":"Motosiklet Telefon Tutuculu Depo \u00dcst\u00fc \u00c7anta | DP04"},"content":{"rendered":"<h2>1900D Su Ge\u00e7irmez Impertex Kuma\u015f<\/h2>\n<p>E\u015fyalar\u0131n\u0131z\u0131 her t\u00fcrl\u00fc hava ko\u015fulunda kuru tutar. Ya\u011fmur ve su s\u0131\u00e7ramalar\u0131na kar\u015f\u0131 \u00fcst\u00fcn koruma sa\u011flar.<\/p>\n<h2>Reklekftif Bask\u0131lar<\/h2>\n<p>Gece s\u00fcr\u00fc\u015flerinde g\u00f6r\u00fcn\u00fcrl\u00fc\u011f\u00fcn\u00fcz\u00fc art\u0131rarak g\u00fcvenli\u011finizi sa\u011flar. Reflektif bask\u0131lar sayesinde karanl\u0131kta bile fark edilirsiniz.<\/p>\n<h2>Ayarlanabilir \u015eeffaf Y\u00fczl\u00fc Telefon B\u00f6lmesi<\/h2>\n<p>Yolculuk s\u0131ras\u0131nda telefonunuzu g\u00fcvenle kullanabilece\u011finiz ayarlanabilir \u015feffaf y\u00fczl\u00fc b\u00f6lme ile navigasyon ve ileti\u015fim \u00e7ok daha kolay hale gelir.<\/p>\n<h2>\u00d6zel Ya\u011fmur K\u0131l\u0131f\u0131<\/h2>\n<p>Ya\u011fmurlu havalarda \u00e7antan\u0131z\u0131n su ge\u00e7irmemesi i\u00e7in \u00f6zel olarak tasarlanm\u0131\u015f ya\u011fmur k\u0131l\u0131f\u0131 ile \u00e7antan\u0131z ve i\u00e7indeki e\u015fyalar\u0131n\u0131z her zaman kuru kal\u0131r.<\/p>\n<h2>Geni\u015f \u0130\u00e7 Hacim<\/h2>\n<p>18,4 litre i\u00e7 hacmi ile temel ihtiya\u00e7lar\u0131n\u0131z\u0131 ve daha fazlas\u0131n\u0131 rahatl\u0131kla ta\u015f\u0131yabilirsiniz. B\u00fcy\u00fck boyutlar\u0131 sayesinde uzun yolculuklarda bile ihtiya\u00e7 duydu\u011funuz her \u015feyi yan\u0131n\u0131zda ta\u015f\u0131yabilirsiniz.<\/p>\n<h2>Ba\u011flamal\u0131 Depo \u00dcst\u00fc ve El \u00c7antas\u0131<\/h2>\n<p>\u00c7antan\u0131z, kolonlar sayesinde motosikletinizin deposuna sa\u011flam bir \u015fekilde tutunur. Ayr\u0131ca, alt tablas\u0131 ve \u00fcst \u00e7anta klipsler arac\u0131l\u0131\u011f\u0131yla birbirine ba\u011flan\u0131r ve istenildi\u011finde kolayca s\u00f6k\u00fclerek el \u00e7antas\u0131 olarak kullan\u0131labilir.<\/p>\n","protected":false},"excerpt":{"rendered":"<ul>\n<li dir=\"ltr\" aria-level=\"1\">\n<p dir=\"ltr\" role=\"presentation\">Malzeme: 1900D Su Ge\u00e7irmez Impertex Kuma\u015f<\/p>\n<\/li>\n<li dir=\"ltr\" aria-level=\"1\">\n<p dir=\"ltr\" role=\"presentation\">Renk Se\u00e7enekleri: Siyah, Gri<\/p>\n<\/li>\n<li dir=\"ltr\" aria-level=\"1\">\n<p dir=\"ltr\" role=\"presentation\">Boyutlar: 40 cm x 23 cm x 20 cm<\/p>\n<\/li>\n<li dir=\"ltr\" aria-level=\"1\">\n<p dir=\"ltr\" role=\"presentation\">A\u011f\u0131rl\u0131k: 700 gr<\/p>\n<\/li>\n<li dir=\"ltr\" aria-level=\"1\">\n<p dir=\"ltr\" role=\"presentation\">\u0130\u00e7 Hacim: 18,4 litre<\/p>\n<\/li>\n<\/ul>\n","protected":false},"featured_media":325,"template":"","meta":[],"product_brand":[],"product_cat":[33,40,39],"product_tag":[],"class_list":{"0":"post-324","1":"product","2":"type-product","3":"status-publish","4":"has-post-thumbnail","6":"product_cat-aksesuar","7":"product_cat-depo-ustu-cantalar","8":"product_cat-tekstil-cantalar","10":"first","11":"instock","12":"shipping-taxable","13":"purchasable","14":"product-type-simple"},"_links":{"self":[{"href":"https:\/\/dclleather.com\/index.php\/wp-json\/wp\/v2\/product\/324","targetHints":{"allow":["GET"]}}],"collection":[{"href":"https:\/\/dclleather.com\/index.php\/wp-json\/wp\/v2\/product"}],"about":[{"href":"https:\/\/dclleather.com\/index.php\/wp-json\/wp\/v2\/types\/product"}],"wp:featuredmedia":[{"embeddable":true,"href":"https:\/\/dclleather.com\/index.php\/wp-json\/wp\/v2\/media\/325"}],"wp:attachment":[{"href":"https:\/\/dclleather.com\/index.php\/wp-json\/wp\/v2\/media?parent=324"}],"wp:term":[{"taxonomy":"product_brand","embeddable":true,"href":"https:\/\/dclleather.com\/index.php\/wp-json\/wp\/v2\/product_brand?post=324"},{"taxonomy":"product_cat","embeddable":true,"href":"https:\/\/dclleather.com\/index.php\/wp-json\/wp\/v2\/product_cat?post=324"},{"taxonomy":"product_tag","embeddable":true,"href":"https:\/\/dclleather.com\/index.php\/wp-json\/wp\/v2\/product_tag?post=324"}],"curies":[{"name":"wp","href":"https:\/\/api.w.org\/{rel}","templated":true}]}}