{"id":215,"date":"2025-08-06T13:51:53","date_gmt":"2025-08-06T13:51:53","guid":{"rendered":"https:\/\/winddemo.com\/dcleather\/?page_id=215"},"modified":"2025-08-18T09:12:16","modified_gmt":"2025-08-18T09:12:16","slug":"mesafeli-satis-sozlesmesi","status":"publish","type":"page","link":"https:\/\/dclleather.com\/index.php\/mesafeli-satis-sozlesmesi\/","title":{"rendered":"Mesafeli Sat\u0131\u015f S\u00f6zle\u015fmesi"},"content":{"rendered":"\t\t<div data-elementor-type=\"wp-page\" data-elementor-id=\"215\" class=\"elementor elementor-215\" data-elementor-post-type=\"page\">\n\t\t\t\t<div class=\"elementor-element elementor-element-7476e64b e-flex e-con-boxed e-con e-parent\" data-id=\"7476e64b\" data-element_type=\"container\" data-e-type=\"container\" data-settings=\"{&quot;background_background&quot;:&quot;classic&quot;}\">\n\t\t\t\t\t<div class=\"e-con-inner\">\n\t\t<div class=\"elementor-element elementor-element-3df64517 e-con-full e-flex elementor-invisible e-con e-child\" data-id=\"3df64517\" data-element_type=\"container\" data-e-type=\"container\" data-settings=\"{&quot;animation&quot;:&quot;fadeInLeft&quot;}\">\n\t\t\t\t<div class=\"elementor-element elementor-element-514282d1 elementor-widget elementor-widget-heading\" data-id=\"514282d1\" data-element_type=\"widget\" data-e-type=\"widget\" data-widget_type=\"heading.default\">\n\t\t\t\t\t<h1 class=\"elementor-heading-title elementor-size-default\">Mesafeli Sat\u0131\u015f S\u00f6zle\u015fmesi<\/h1>\t\t\t\t<\/div>\n\t\t\t\t<\/div>\n\t\t<div class=\"elementor-element elementor-element-2f5cc136 e-con-full e-flex elementor-invisible e-con e-child\" data-id=\"2f5cc136\" data-element_type=\"container\" data-e-type=\"container\" data-settings=\"{&quot;animation&quot;:&quot;fadeInRight&quot;}\">\n\t\t\t\t<\/div>\n\t\t\t\t\t<\/div>\n\t\t\t\t<\/div>\n\t\t<div class=\"elementor-element elementor-element-9d1f176 e-flex e-con-boxed e-con e-parent\" data-id=\"9d1f176\" data-element_type=\"container\" data-e-type=\"container\">\n\t\t\t\t\t<div class=\"e-con-inner\">\n\t\t\t\t<div class=\"elementor-element elementor-element-fd0b563 elementor-widget elementor-widget-text-editor\" data-id=\"fd0b563\" data-element_type=\"widget\" data-e-type=\"widget\" data-widget_type=\"text-editor.default\">\n\t\t\t\t\t\t\t\t\t<p data-start=\"232\" data-end=\"410\"><strong data-start=\"232\" data-end=\"247\">1. TARAFLAR<\/strong><br data-start=\"247\" data-end=\"250\" \/><strong data-start=\"250\" data-end=\"261\">Sat\u0131c\u0131:<\/strong><br data-start=\"261\" data-end=\"264\" \/>Unvan: DCL Leather<br data-start=\"281\" data-end=\"284\" \/>Adres: <span class=\"elementor-icon-list-text\">Muhittin Mah. Leylak Sok. B Blok No:2\/A \u00c7orlu\/Tekirda\u011f<\/span><br data-start=\"308\" data-end=\"311\" \/>Telefon: +90 535 253 20 27<br data-start=\"339\" data-end=\"342\" \/>E-posta: <a class=\"cursor-pointer\" rel=\"noopener\" data-start=\"351\" data-end=\"369\">info@dclleather.com<\/a><br data-start=\"369\" data-end=\"372\" \/>(Metinde \u201cSat\u0131c\u0131\u201d olarak an\u0131lacakt\u0131r.)<\/p><p data-start=\"412\" data-end=\"583\"><strong data-start=\"412\" data-end=\"422\">Al\u0131c\u0131:<\/strong><br data-start=\"422\" data-end=\"425\" \/>Ad\u0131 Soyad\u0131: [M\u00fc\u015fteri Ad\u0131 Soyad\u0131]<br data-start=\"457\" data-end=\"460\" \/>Adresi: [Teslimat Adresi]<br data-start=\"485\" data-end=\"488\" \/>Telefon: [Telefon Numaras\u0131]<br data-start=\"515\" data-end=\"518\" \/>E-posta: [E-Posta Adresi]<br data-start=\"543\" data-end=\"546\" \/>(Metinde \u201cAl\u0131c\u0131\u201d olarak an\u0131lacakt\u0131r.)<\/p><hr data-start=\"585\" data-end=\"588\" \/><p data-start=\"590\" data-end=\"949\"><strong data-start=\"590\" data-end=\"601\">2. KONU<\/strong><br data-start=\"601\" data-end=\"604\" \/>\u0130\u015fbu s\u00f6zle\u015fme, Al\u0131c\u0131&#8217;n\u0131n, Sat\u0131c\u0131\u2019ya ait <a class=\"cursor-pointer\" target=\"_new\" rel=\"noopener\" data-start=\"644\" data-end=\"661\">www.dclleather.com<\/a> internet sitesi \u00fczerinden elektronik ortamda sipari\u015f verdi\u011fi a\u015fa\u011f\u0131da nitelikleri ve sat\u0131\u015f fiyat\u0131 belirtilen \u00fcr\u00fcn(ler)in sat\u0131\u015f\u0131 ve teslimine ili\u015fkin olarak, 6502 say\u0131l\u0131 T\u00fcketicinin Korunmas\u0131 Hakk\u0131nda Kanun ve ilgili y\u00f6netmeliklere uygun olarak taraflar\u0131n hak ve y\u00fck\u00fcml\u00fcl\u00fcklerini belirler.<\/p><hr data-start=\"951\" data-end=\"954\" \/><p data-start=\"956\" data-end=\"1224\"><strong data-start=\"956\" data-end=\"986\">3. S\u00d6ZLE\u015eME KONUSU \u00dcR\u00dcNLER<\/strong><br data-start=\"986\" data-end=\"989\" \/>\u00dcr\u00fcn(ler): [\u00dcr\u00fcn ad\u0131, marka\/model, adedi]<br data-start=\"1030\" data-end=\"1033\" \/>Toplam Sat\u0131\u015f Bedeli: [\u20ba]<br data-start=\"1057\" data-end=\"1060\" \/>Teslimat Adresi: [Teslimat adresi]<br data-start=\"1094\" data-end=\"1097\" \/>Teslim Edilecek Ki\u015fi: [Al\u0131c\u0131]<br data-start=\"1126\" data-end=\"1129\" \/>Fatura Adresi: [Fatura adresi]<br data-start=\"1159\" data-end=\"1162\" \/>Kargo \u00dccreti: [\u20ba] (Al\u0131c\u0131 \/ Sat\u0131c\u0131 taraf\u0131ndan kar\u015f\u0131lanacakt\u0131r.)<\/p><hr data-start=\"1226\" data-end=\"1229\" \/><p data-start=\"1231\" data-end=\"1517\"><strong data-start=\"1231\" data-end=\"1252\">4. GENEL H\u00dcK\u00dcMLER<\/strong><br data-start=\"1252\" data-end=\"1255\" \/>4.1. Al\u0131c\u0131, <a class=\"cursor-pointer\" target=\"_new\" rel=\"noopener\" data-start=\"1267\" data-end=\"1284\">www.dclleather.com<\/a> internet sitesinde yer alan s\u00f6zle\u015fme konusu \u00fcr\u00fcn(lerin) temel nitelikleri, sat\u0131\u015f fiyat\u0131, \u00f6deme \u015fekli ve teslimata ili\u015fkin t\u00fcm bilgileri okuyup bilgi sahibi oldu\u011funu ve elektronik ortamda gerekli teyidi verdi\u011fini kabul ve beyan eder.<\/p><p data-start=\"1519\" data-end=\"1709\">4.2. \u00dcr\u00fcn(ler), yasal 30 g\u00fcnl\u00fck s\u00fcreyi a\u015fmamak kayd\u0131yla, Al\u0131c\u0131\u2019n\u0131n belirtmi\u015f oldu\u011fu teslimat adresine kargo \u015firketi arac\u0131l\u0131\u011f\u0131yla teslim edilir. Teslim s\u00fcresi, stok durumuna g\u00f6re de\u011fi\u015febilir.<\/p><p data-start=\"1711\" data-end=\"1856\">4.3. Herhangi bir nedenle \u00fcr\u00fcn bedeli \u00f6denmez veya banka kay\u0131tlar\u0131nda iptal edilirse, Sat\u0131c\u0131 \u00fcr\u00fcn\u00fc teslim y\u00fck\u00fcml\u00fcl\u00fc\u011f\u00fcnden kurtulmu\u015f kabul edilir.<\/p><p data-start=\"1858\" data-end=\"2081\">4.4. \u00dcr\u00fcn tesliminden sonra, Al\u0131c\u0131\u2019ya ait kredi kart\u0131n\u0131n Al\u0131c\u0131\u2019n\u0131n kusurundan kaynaklanmayan bir \u015fekilde yetkisiz ki\u015filerce haks\u0131z veya hukuka ayk\u0131r\u0131 olarak kullan\u0131lmas\u0131 durumunda; \u00fcr\u00fcn\u00fcn Sat\u0131c\u0131\u2019ya iade edilmesi zorunludur.<\/p><hr data-start=\"2083\" data-end=\"2086\" \/><p data-start=\"2088\" data-end=\"2247\"><strong data-start=\"2088\" data-end=\"2106\">5. CAYMA HAKKI<\/strong><br data-start=\"2106\" data-end=\"2109\" \/>5.1. Al\u0131c\u0131, \u00fcr\u00fcn\u00fc teslim ald\u0131\u011f\u0131 tarihten itibaren <strong data-start=\"2159\" data-end=\"2174\">14 (ond\u00f6rt)<\/strong> g\u00fcn i\u00e7inde herhangi bir gerek\u00e7e g\u00f6stermeksizin cayma hakk\u0131na sahiptir.<\/p><p data-start=\"2249\" data-end=\"2363\">5.2. Cayma hakk\u0131 bildirimi, yaz\u0131l\u0131 olarak <a class=\"cursor-pointer\" rel=\"noopener\" data-start=\"2291\" data-end=\"2309\">info@dclleather.com<\/a> adresine ya da [\u0130ade Formu] \u00fczerinden yap\u0131lmal\u0131d\u0131r.<\/p><p data-start=\"2365\" data-end=\"2408\">5.3. Cayma hakk\u0131n\u0131n kullan\u0131lmas\u0131 halinde:<\/p><ul data-start=\"2409\" data-end=\"2716\"><li data-start=\"2409\" data-end=\"2524\"><p data-start=\"2411\" data-end=\"2524\">\u00dcr\u00fcn orijinal ambalaj\u0131, t\u00fcm aksesuarlar\u0131 ve faturas\u0131 ile birlikte eksiksiz ve hasars\u0131z olarak iade edilmelidir.<\/p><\/li><li data-start=\"2525\" data-end=\"2650\"><p data-start=\"2527\" data-end=\"2650\">Cayma hakk\u0131 kapsam\u0131nda iade edilen \u00fcr\u00fcn, iade \u015fartlar\u0131na uygun ise \u00fcr\u00fcn bedeli en ge\u00e7 14 g\u00fcn i\u00e7inde Al\u0131c\u0131\u2019ya iade edilir.<\/p><\/li><li data-start=\"2651\" data-end=\"2716\"><p data-start=\"2653\" data-end=\"2716\">Kargo masraflar\u0131, \u00fcr\u00fcn kusurlu olmad\u0131\u011f\u0131 s\u00fcrece Al\u0131c\u0131\u2019ya aittir.<\/p><\/li><\/ul><hr data-start=\"2718\" data-end=\"2721\" \/><p data-start=\"2723\" data-end=\"2814\"><strong data-start=\"2723\" data-end=\"2766\">6. CAYMA HAKKI KULLANILAMAYACAK \u00dcR\u00dcNLER<\/strong><br data-start=\"2766\" data-end=\"2769\" \/>A\u015fa\u011f\u0131daki \u00fcr\u00fcnlerde cayma hakk\u0131 kullan\u0131lamaz:<\/p><ul data-start=\"2815\" data-end=\"3086\"><li data-start=\"2815\" data-end=\"2900\"><p data-start=\"2817\" data-end=\"2900\">Al\u0131c\u0131n\u0131n \u00f6zel istekleri veya ki\u015fisel ihtiya\u00e7lar\u0131 do\u011frultusunda haz\u0131rlanan \u00fcr\u00fcnler<\/p><\/li><li data-start=\"2901\" data-end=\"3007\"><p data-start=\"2903\" data-end=\"3007\">\u0130\u00e7 giyim \u00fcr\u00fcnleri, kask i\u00e7 pedleri, buff, balaklava gibi hijyen a\u00e7\u0131s\u0131ndan iadesi uygun olmayan \u00fcr\u00fcnler<\/p><\/li><li data-start=\"3008\" data-end=\"3086\"><p data-start=\"3010\" data-end=\"3086\">Kullan\u0131lm\u0131\u015f, ambalaj\u0131 a\u00e7\u0131lm\u0131\u015f veya tekrar sat\u0131labilirli\u011fi bozulmu\u015f \u00fcr\u00fcnler<\/p><\/li><\/ul><hr data-start=\"3088\" data-end=\"3091\" \/><p data-start=\"3093\" data-end=\"3370\"><strong data-start=\"3093\" data-end=\"3120\">7. UYU\u015eMAZLIK DURUMUNDA<\/strong><br data-start=\"3120\" data-end=\"3123\" \/>\u0130\u015fbu s\u00f6zle\u015fmeden do\u011fabilecek ihtilaflarda, Ticaret Bakanl\u0131\u011f\u0131 taraf\u0131ndan her y\u0131l belirlenen parasal s\u0131n\u0131rlar \u00e7er\u00e7evesinde, Al\u0131c\u0131\u2019n\u0131n yerle\u015fim yerindeki veya Sat\u0131c\u0131\u2019n\u0131n bulundu\u011fu yerdeki T\u00fcketici Hakem Heyetleri veya T\u00fcketici Mahkemeleri yetkilidir.<\/p><hr data-start=\"3372\" data-end=\"3375\" \/><p data-start=\"3377\" data-end=\"3571\"><strong data-start=\"3377\" data-end=\"3392\">8. Y\u00dcR\u00dcRL\u00dcK<\/strong><br data-start=\"3392\" data-end=\"3395\" \/>Al\u0131c\u0131, <a class=\"cursor-pointer\" target=\"_new\" rel=\"noopener\" data-start=\"3402\" data-end=\"3419\">www.dclleather.com<\/a> \u00fczerinden sipari\u015f vererek i\u015fbu s\u00f6zle\u015fmenin t\u00fcm ko\u015fullar\u0131n\u0131 kabul etti\u011fini beyan eder. S\u00f6zle\u015fme, elektronik ortamda onayland\u0131\u011f\u0131 tarihte y\u00fcr\u00fcrl\u00fc\u011fe girer.<\/p>\t\t\t\t\t\t\t\t<\/div>\n\t\t\t\t\t<\/div>\n\t\t\t\t<\/div>\n\t\t\t\t<\/div>\n\t\t","protected":false},"excerpt":{"rendered":"<p>1. TARAFLARSat\u0131c\u0131:Unvan: DCL LeatherAdres: Muhittin Mah. Leylak Sok. B Blok No:2\/A \u00c7orlu\/Tekirda\u011fTelefon: +90 535 253 20 27E-posta: info@dclleather.com(Metinde \u201cSat\u0131c\u0131\u201d olarak an\u0131lacakt\u0131r.) Al\u0131c\u0131:Ad\u0131 Soyad\u0131: [M\u00fc\u015fteri Ad\u0131 Soyad\u0131]Adresi: [Teslimat Adresi]Telefon: [Telefon Numaras\u0131]E-posta: [E-Posta Adresi](Metinde \u201cAl\u0131c\u0131\u201d olarak an\u0131lacakt\u0131r.) 2. KONU\u0130\u015fbu s\u00f6zle\u015fme, Al\u0131c\u0131&#8217;n\u0131n, Sat\u0131c\u0131\u2019ya ait www.dclleather.com internet sitesi \u00fczerinden elektronik ortamda sipari\u015f verdi\u011fi a\u015fa\u011f\u0131da nitelikleri ve sat\u0131\u015f fiyat\u0131 belirtilen [&hellip;]<\/p>\n","protected":false},"author":1,"featured_media":0,"parent":0,"menu_order":0,"comment_status":"closed","ping_status":"closed","template":"elementor_header_footer","meta":{"footnotes":""},"class_list":["post-215","page","type-page","status-publish","hentry"],"_links":{"self":[{"href":"https:\/\/dclleather.com\/index.php\/wp-json\/wp\/v2\/pages\/215","targetHints":{"allow":["GET"]}}],"collection":[{"href":"https:\/\/dclleather.com\/index.php\/wp-json\/wp\/v2\/pages"}],"about":[{"href":"https:\/\/dclleather.com\/index.php\/wp-json\/wp\/v2\/types\/page"}],"author":[{"embeddable":true,"href":"https:\/\/dclleather.com\/index.php\/wp-json\/wp\/v2\/users\/1"}],"replies":[{"embeddable":true,"href":"https:\/\/dclleather.com\/index.php\/wp-json\/wp\/v2\/comments?post=215"}],"version-history":[{"count":0,"href":"https:\/\/dclleather.com\/index.php\/wp-json\/wp\/v2\/pages\/215\/revisions"}],"wp:attachment":[{"href":"https:\/\/dclleather.com\/index.php\/wp-json\/wp\/v2\/media?parent=215"}],"curies":[{"name":"wp","href":"https:\/\/api.w.org\/{rel}","templated":true}]}}