{"id":207,"date":"2025-08-06T13:43:18","date_gmt":"2025-08-06T13:43:18","guid":{"rendered":"https:\/\/winddemo.com\/dcleather\/?page_id=207"},"modified":"2025-08-18T09:11:22","modified_gmt":"2025-08-18T09:11:22","slug":"uyelik-ve-gizlilik-politikasi","status":"publish","type":"page","link":"https:\/\/dclleather.com\/index.php\/uyelik-ve-gizlilik-politikasi\/","title":{"rendered":"\u00dcyelik ve Gizlilik Politikas\u0131"},"content":{"rendered":"\t\t<div data-elementor-type=\"wp-page\" data-elementor-id=\"207\" class=\"elementor elementor-207\" data-elementor-post-type=\"page\">\n\t\t\t\t<div class=\"elementor-element elementor-element-7476e64b e-flex e-con-boxed e-con e-parent\" data-id=\"7476e64b\" data-element_type=\"container\" data-e-type=\"container\" data-settings=\"{&quot;background_background&quot;:&quot;classic&quot;}\">\n\t\t\t\t\t<div class=\"e-con-inner\">\n\t\t<div class=\"elementor-element elementor-element-3df64517 e-con-full e-flex elementor-invisible e-con e-child\" data-id=\"3df64517\" data-element_type=\"container\" data-e-type=\"container\" data-settings=\"{&quot;animation&quot;:&quot;fadeInLeft&quot;}\">\n\t\t\t\t<div class=\"elementor-element elementor-element-514282d1 elementor-widget elementor-widget-heading\" data-id=\"514282d1\" data-element_type=\"widget\" data-e-type=\"widget\" data-widget_type=\"heading.default\">\n\t\t\t\t\t<h1 class=\"elementor-heading-title elementor-size-default\">\u00dcyelik ve Gizlilik Politikas\u0131<\/h1>\t\t\t\t<\/div>\n\t\t\t\t<\/div>\n\t\t<div class=\"elementor-element elementor-element-2f5cc136 e-con-full e-flex elementor-invisible e-con e-child\" data-id=\"2f5cc136\" data-element_type=\"container\" data-e-type=\"container\" data-settings=\"{&quot;animation&quot;:&quot;fadeInRight&quot;}\">\n\t\t\t\t<\/div>\n\t\t\t\t\t<\/div>\n\t\t\t\t<\/div>\n\t\t<div class=\"elementor-element elementor-element-9d1f176 e-flex e-con-boxed e-con e-parent\" data-id=\"9d1f176\" data-element_type=\"container\" data-e-type=\"container\">\n\t\t\t\t\t<div class=\"e-con-inner\">\n\t\t\t\t<div class=\"elementor-element elementor-element-fd0b563 elementor-widget elementor-widget-text-editor\" data-id=\"fd0b563\" data-element_type=\"widget\" data-e-type=\"widget\" data-widget_type=\"text-editor.default\">\n\t\t\t\t\t\t\t\t\t<p data-start=\"172\" data-end=\"383\"><strong data-start=\"172\" data-end=\"186\">DCL Leather<\/strong>, m\u00fc\u015fterilerinin gizlili\u011fine sayg\u0131 duyar ve ki\u015fisel verilerin korunmas\u0131na b\u00fcy\u00fck \u00f6nem verir. Web sitemizi kullanarak ve\/veya \u00fcyelik olu\u015fturarak, a\u015fa\u011f\u0131da belirtilen \u015fartlar\u0131 kabul etmi\u015f say\u0131l\u0131rs\u0131n\u0131z.<\/p><hr data-start=\"385\" data-end=\"388\" \/><p data-start=\"390\" data-end=\"418\"><strong data-start=\"395\" data-end=\"418\">1. \u00dcyelik Ko\u015fullar\u0131<\/strong><\/p><ul data-start=\"420\" data-end=\"791\"><li data-start=\"420\" data-end=\"510\"><p data-start=\"422\" data-end=\"510\">\u00dcye olmak i\u00e7in ad, soyad, e-posta ve ileti\u015fim bilgileri gibi baz\u0131 temel veriler istenir.<\/p><\/li><li data-start=\"511\" data-end=\"621\"><p data-start=\"513\" data-end=\"621\">\u00dcye olurken vermi\u015f oldu\u011funuz bilgiler, sistemimizde saklan\u0131r ve gizlilik politikam\u0131za uygun \u015fekilde korunur.<\/p><\/li><li data-start=\"622\" data-end=\"704\"><p data-start=\"624\" data-end=\"704\">\u00dcyelik tamamen \u00fccretsizdir ve diledi\u011finiz zaman \u00fcyeli\u011finizi iptal edebilirsiniz.<\/p><\/li><li data-start=\"705\" data-end=\"791\"><p data-start=\"707\" data-end=\"791\">Yan\u0131lt\u0131c\u0131, hatal\u0131 veya eksik bilgi veren kullan\u0131c\u0131lar\u0131n \u00fcyelikleri iptal edilebilir.<\/p><\/li><\/ul><hr data-start=\"793\" data-end=\"796\" \/><p data-start=\"798\" data-end=\"838\"><strong data-start=\"803\" data-end=\"838\">2. Ki\u015fisel Bilgilerin Gizlili\u011fi<\/strong><\/p><ul data-start=\"840\" data-end=\"1290\"><li data-start=\"840\" data-end=\"1006\"><p data-start=\"842\" data-end=\"1006\">DCL Leather, \u00fcyelik veya sipari\u015f i\u015flemleri s\u0131ras\u0131nda sizden al\u0131nan ad, soyad, adres, e-posta, telefon ve \u00f6deme bilgilerini <strong data-start=\"964\" data-end=\"1005\">kesinlikle \u00fc\u00e7\u00fcnc\u00fc ki\u015filerle payla\u015fmaz<\/strong>.<\/p><\/li><li data-start=\"1007\" data-end=\"1186\"><p data-start=\"1009\" data-end=\"1186\">Bilgileriniz yaln\u0131zca sipari\u015f s\u00fcre\u00e7lerini y\u00f6netmek, size \u00f6zel kampanyalar sunmak, m\u00fc\u015fteri destek hizmetleri sa\u011flamak ve yasal y\u00fck\u00fcml\u00fcl\u00fckleri yerine getirmek amac\u0131yla kullan\u0131l\u0131r.<\/p><\/li><li data-start=\"1187\" data-end=\"1290\"><p data-start=\"1189\" data-end=\"1290\">\u00dcyelik verileriniz, 6698 say\u0131l\u0131 Ki\u015fisel Verilerin Korunmas\u0131 Kanunu (KVKK) \u00e7er\u00e7evesinde korunmaktad\u0131r.<\/p><\/li><\/ul><hr data-start=\"1292\" data-end=\"1295\" \/><p data-start=\"1297\" data-end=\"1333\"><strong data-start=\"1302\" data-end=\"1333\">3. \u00c7erez (Cookie) Kullan\u0131m\u0131<\/strong><\/p><ul data-start=\"1335\" data-end=\"1664\"><li data-start=\"1335\" data-end=\"1422\"><p data-start=\"1337\" data-end=\"1422\">Web sitemiz, kullan\u0131c\u0131 deneyimini iyile\u015ftirmek amac\u0131yla \u00e7erezlerden faydalanmaktad\u0131r.<\/p><\/li><li data-start=\"1423\" data-end=\"1535\"><p data-start=\"1425\" data-end=\"1535\">\u00c7erezler, al\u0131\u015fveri\u015f sepeti, oturum y\u00f6netimi ve site analizi gibi fonksiyonlar\u0131 kolayla\u015ft\u0131rmak i\u00e7in kullan\u0131l\u0131r.<\/p><\/li><li data-start=\"1536\" data-end=\"1664\"><p data-start=\"1538\" data-end=\"1664\">Taray\u0131c\u0131 ayarlar\u0131n\u0131zdan \u00e7erez kullan\u0131m\u0131n\u0131 engelleyebilirsiniz; ancak bu durumda baz\u0131 site fonksiyonlar\u0131 d\u00fczg\u00fcn \u00e7al\u0131\u015fmayabilir.<\/p><\/li><\/ul><hr data-start=\"1666\" data-end=\"1669\" \/><p data-start=\"1671\" data-end=\"1724\"><strong data-start=\"1676\" data-end=\"1724\">4. E-B\u00fclten ve Ticari Elektronik \u0130leti Onay\u0131<\/strong><\/p><ul data-start=\"1726\" data-end=\"2017\"><li data-start=\"1726\" data-end=\"1876\"><p data-start=\"1728\" data-end=\"1876\">\u00dcyelik olu\u015ftururken veya al\u0131\u015fveri\u015f esnas\u0131nda a\u00e7\u0131k r\u0131zan\u0131z al\u0131narak promosyon, kampanya ve bilgilendirme i\u00e7erikli e-postalar veya SMS g\u00f6nderilebilir.<\/p><\/li><li data-start=\"1877\" data-end=\"2017\"><p data-start=\"1879\" data-end=\"2017\">Bu bildirimleri almak istemedi\u011finiz takdirde, size gelen mesajlardaki <em data-start=\"1949\" data-end=\"1968\">&#8220;abonelikten \u00e7\u0131k&#8221;<\/em> linki ile diledi\u011finiz zaman iptal edebilirsiniz.<\/p><\/li><\/ul><hr data-start=\"2019\" data-end=\"2022\" \/><p data-start=\"2024\" data-end=\"2063\"><strong data-start=\"2029\" data-end=\"2063\">5. G\u00fcvenlik ve \u00d6deme Altyap\u0131s\u0131<\/strong><\/p><ul data-start=\"2065\" data-end=\"2281\"><li data-start=\"2065\" data-end=\"2151\"><p data-start=\"2067\" data-end=\"2151\">T\u00fcm ki\u015fisel ve \u00f6deme bilgileriniz, g\u00fcvenli SSL sertifikas\u0131 ile \u015fifrelenerek korunur.<\/p><\/li><li data-start=\"2152\" data-end=\"2281\"><p data-start=\"2154\" data-end=\"2281\">\u00d6deme i\u015flemleri, 3D Secure g\u00fcvenlik protokol\u00fc ile ger\u00e7ekle\u015ftirilir. Kredi kart\u0131 bilgileriniz kesinlikle sistemimizde saklanmaz.<\/p><\/li><\/ul><hr data-start=\"2283\" data-end=\"2286\" \/><p data-start=\"2288\" data-end=\"2316\"><strong data-start=\"2293\" data-end=\"2316\">6. De\u011fi\u015fiklik Hakk\u0131<\/strong><\/p><p data-start=\"2318\" data-end=\"2477\">DCL Leather, \u00fcyelik ve gizlilik politikas\u0131nda de\u011fi\u015fiklik yapma hakk\u0131n\u0131 sakl\u0131 tutar. G\u00fcncel \u015fartlar web sitemiz \u00fczerinden yay\u0131nland\u0131\u011f\u0131 andan itibaren ge\u00e7erlidir.<\/p><hr data-start=\"2479\" data-end=\"2482\" \/><p data-start=\"2484\" data-end=\"2511\"><strong data-start=\"2489\" data-end=\"2511\">\u0130leti\u015fim Bilgileri<\/strong><\/p><p data-start=\"2513\" data-end=\"2616\">T\u00fcm gizlilik ve \u00fcyelik konular\u0131ndaki talepleriniz ve sorular\u0131n\u0131z i\u00e7in bizimle ileti\u015fime ge\u00e7ebilirsiniz<\/p>\t\t\t\t\t\t\t\t<\/div>\n\t\t\t\t\t<\/div>\n\t\t\t\t<\/div>\n\t\t\t\t<\/div>\n\t\t","protected":false},"excerpt":{"rendered":"<p>DCL Leather, m\u00fc\u015fterilerinin gizlili\u011fine sayg\u0131 duyar ve ki\u015fisel verilerin korunmas\u0131na b\u00fcy\u00fck \u00f6nem verir. Web sitemizi kullanarak ve\/veya \u00fcyelik olu\u015fturarak, a\u015fa\u011f\u0131da belirtilen \u015fartlar\u0131 kabul etmi\u015f say\u0131l\u0131rs\u0131n\u0131z. 1. \u00dcyelik Ko\u015fullar\u0131 \u00dcye olmak i\u00e7in ad, soyad, e-posta ve ileti\u015fim bilgileri gibi baz\u0131 temel veriler istenir. \u00dcye olurken vermi\u015f oldu\u011funuz bilgiler, sistemimizde saklan\u0131r ve gizlilik politikam\u0131za uygun \u015fekilde korunur. [&hellip;]<\/p>\n","protected":false},"author":1,"featured_media":0,"parent":0,"menu_order":0,"comment_status":"closed","ping_status":"closed","template":"elementor_header_footer","meta":{"footnotes":""},"class_list":["post-207","page","type-page","status-publish","hentry"],"_links":{"self":[{"href":"https:\/\/dclleather.com\/index.php\/wp-json\/wp\/v2\/pages\/207","targetHints":{"allow":["GET"]}}],"collection":[{"href":"https:\/\/dclleather.com\/index.php\/wp-json\/wp\/v2\/pages"}],"about":[{"href":"https:\/\/dclleather.com\/index.php\/wp-json\/wp\/v2\/types\/page"}],"author":[{"embeddable":true,"href":"https:\/\/dclleather.com\/index.php\/wp-json\/wp\/v2\/users\/1"}],"replies":[{"embeddable":true,"href":"https:\/\/dclleather.com\/index.php\/wp-json\/wp\/v2\/comments?post=207"}],"version-history":[{"count":0,"href":"https:\/\/dclleather.com\/index.php\/wp-json\/wp\/v2\/pages\/207\/revisions"}],"wp:attachment":[{"href":"https:\/\/dclleather.com\/index.php\/wp-json\/wp\/v2\/media?parent=207"}],"curies":[{"name":"wp","href":"https:\/\/api.w.org\/{rel}","templated":true}]}}