{"id":203,"date":"2025-08-06T13:41:32","date_gmt":"2025-08-06T13:41:32","guid":{"rendered":"https:\/\/winddemo.com\/dcleather\/?page_id=203"},"modified":"2025-08-18T09:13:19","modified_gmt":"2025-08-18T09:13:19","slug":"iade-ve-iptal-politikasi","status":"publish","type":"page","link":"https:\/\/dclleather.com\/index.php\/iade-ve-iptal-politikasi\/","title":{"rendered":"\u0130ade ve \u0130ptal Politikas\u0131"},"content":{"rendered":"\t\t<div data-elementor-type=\"wp-page\" data-elementor-id=\"203\" class=\"elementor elementor-203\" data-elementor-post-type=\"page\">\n\t\t\t\t<div class=\"elementor-element elementor-element-7476e64b e-flex e-con-boxed e-con e-parent\" data-id=\"7476e64b\" data-element_type=\"container\" data-e-type=\"container\" data-settings=\"{&quot;background_background&quot;:&quot;classic&quot;}\">\n\t\t\t\t\t<div class=\"e-con-inner\">\n\t\t<div class=\"elementor-element elementor-element-3df64517 e-con-full e-flex elementor-invisible e-con e-child\" data-id=\"3df64517\" data-element_type=\"container\" data-e-type=\"container\" data-settings=\"{&quot;animation&quot;:&quot;fadeInLeft&quot;}\">\n\t\t\t\t<div class=\"elementor-element elementor-element-514282d1 elementor-widget elementor-widget-heading\" data-id=\"514282d1\" data-element_type=\"widget\" data-e-type=\"widget\" data-widget_type=\"heading.default\">\n\t\t\t\t\t<h1 class=\"elementor-heading-title elementor-size-default\">\u0130ade ve \u0130ptal Politikas\u0131<\/h1>\t\t\t\t<\/div>\n\t\t\t\t<\/div>\n\t\t<div class=\"elementor-element elementor-element-2f5cc136 e-con-full e-flex elementor-invisible e-con e-child\" data-id=\"2f5cc136\" data-element_type=\"container\" data-e-type=\"container\" data-settings=\"{&quot;animation&quot;:&quot;fadeInRight&quot;}\">\n\t\t\t\t<\/div>\n\t\t\t\t\t<\/div>\n\t\t\t\t<\/div>\n\t\t<div class=\"elementor-element elementor-element-9d1f176 e-flex e-con-boxed e-con e-parent\" data-id=\"9d1f176\" data-element_type=\"container\" data-e-type=\"container\">\n\t\t\t\t\t<div class=\"e-con-inner\">\n\t\t\t\t<div class=\"elementor-element elementor-element-fd0b563 elementor-widget elementor-widget-text-editor\" data-id=\"fd0b563\" data-element_type=\"widget\" data-e-type=\"widget\" data-widget_type=\"text-editor.default\">\n\t\t\t\t\t\t\t\t\t<p>DCL Leather olarak m\u00fc\u015fteri memnuniyetini \u00f6n planda tutuyor, sipari\u015flerinizi sorunsuz ve g\u00fcvenli bir \u015fekilde tamamlaman\u0131z i\u00e7in gereken t\u00fcm deste\u011fi sa\u011fl\u0131yoruz. A\u015fa\u011f\u0131da sipari\u015f iptali ve iade s\u00fcre\u00e7lerine dair t\u00fcm detaylar\u0131 bulabilirsiniz.<\/p><hr data-start=\"384\" data-end=\"387\" \/><p data-start=\"389\" data-end=\"412\"><strong data-start=\"394\" data-end=\"412\">Sipari\u015f \u0130ptali<\/strong><\/p><ul data-start=\"414\" data-end=\"850\"><li data-start=\"414\" data-end=\"564\">Sipari\u015finiz hen\u00fcz kargoya verilmediyse, <em data-start=\"456\" data-end=\"488\">sipari\u015f numaran\u0131z ile birlikte<\/em> m\u00fc\u015fteri hizmetlerimizle ileti\u015fime ge\u00e7erek iptal talebinde bulunabilirsiniz.<\/li><li data-start=\"565\" data-end=\"693\">Kargoya verilmi\u015f sipari\u015flerde iptal i\u015flemi m\u00fcmk\u00fcn de\u011fildir; ancak \u00fcr\u00fcn elinize ula\u015ft\u0131ktan sonra iade s\u00fcreci ba\u015flatabilirsiniz.<\/li><li data-start=\"694\" data-end=\"850\">\u00d6demesini yapt\u0131\u011f\u0131n\u0131z sipari\u015f iptal edildi\u011finde, \u00fccret iadesi ortalama 3-7 i\u015f g\u00fcn\u00fc i\u00e7erisinde \u00f6demenizi ger\u00e7ekle\u015ftirdi\u011finiz y\u00f6ntemle hesab\u0131n\u0131za yans\u0131t\u0131l\u0131r.<\/li><\/ul><hr data-start=\"852\" data-end=\"855\" \/><p data-start=\"857\" data-end=\"880\"><strong data-start=\"862\" data-end=\"880\">\u0130ade Ko\u015fullar\u0131<\/strong><\/p><ul data-start=\"882\" data-end=\"1330\"><li data-start=\"882\" data-end=\"980\">\u00dcr\u00fcn\u00fc teslim ald\u0131\u011f\u0131n\u0131z tarihten itibaren <strong data-start=\"925\" data-end=\"935\">14 g\u00fcn<\/strong> i\u00e7erisinde iade hakk\u0131n\u0131z\u0131 kullanabilirsiniz.<\/li><li data-start=\"981\" data-end=\"1139\">\u0130ade edilecek \u00fcr\u00fcn\u00fcn;<br \/><ul data-start=\"1007\" data-end=\"1139\"><li data-start=\"1007\" data-end=\"1023\">Kullan\u0131lmam\u0131\u015f,<\/li><li data-start=\"1026\" data-end=\"1073\">Orijinal ambalaj\u0131 ve etiketleri ile birlikte,<\/li><li data-start=\"1076\" data-end=\"1139\">Eksiksiz ve yeniden sat\u0131labilir durumda olmas\u0131 gerekmektedir.<\/li><\/ul><\/li><li data-start=\"1140\" data-end=\"1248\">Koruma band\u0131 \u00e7\u0131kar\u0131lm\u0131\u015f, kullan\u0131lm\u0131\u015f, y\u0131kanm\u0131\u015f veya hasar g\u00f6rm\u00fc\u015f \u00fcr\u00fcnler iade kapsam\u0131nda de\u011ferlendirilmez.<\/li><li data-start=\"1249\" data-end=\"1330\">\u0130\u00e7 giyim, buff, kask i\u00e7 pedi gibi hijyenik \u00fcr\u00fcnlerde iade kabul edilmemektedir.<\/li><\/ul><hr data-start=\"1332\" data-end=\"1335\" \/><p data-start=\"1337\" data-end=\"1357\"><strong data-start=\"1342\" data-end=\"1357\">\u0130ade S\u00fcreci<\/strong><\/p><ol data-start=\"1359\" data-end=\"1782\"><li data-start=\"1359\" data-end=\"1478\">\u0130ade talebinizi <a class=\"cursor-pointer\" rel=\"noopener\" data-start=\"1378\" data-end=\"1396\">info@dclleather.com<\/a> adresine veya [\u0130leti\u015fim Formu] \u00fczerinden sipari\u015f numaran\u0131z ile birlikte iletiniz.<\/li><li data-start=\"1479\" data-end=\"1640\">Taraf\u0131n\u0131za iade onay\u0131 verildikten sonra, \u00fcr\u00fcn\u00fc orijinal ambalaj\u0131nda ve faturas\u0131yla birlikte belirtti\u011fimiz adrese anla\u015fmal\u0131 kargo firmas\u0131yla g\u00f6nderebilirsiniz.<\/li><li data-start=\"1641\" data-end=\"1782\">\u00dcr\u00fcn taraf\u0131m\u0131za ula\u015ft\u0131\u011f\u0131nda; kontrol s\u00fcreci tamamlan\u0131r ve iade ko\u015fullar\u0131na uygunsa \u00fccret iadeniz en ge\u00e7 7 i\u015f g\u00fcn\u00fc i\u00e7inde ger\u00e7ekle\u015ftirilir.<\/li><\/ol><blockquote data-start=\"1784\" data-end=\"1872\"><p>Kargo \u00fccreti, \u00fcr\u00fcn\u00fcn kusurlu\/hasarl\u0131 olmas\u0131 d\u0131\u015f\u0131nda, iade i\u015flemlerinde al\u0131c\u0131ya aittir.<\/p><\/blockquote><hr data-start=\"1874\" data-end=\"1877\" \/><p data-start=\"1879\" data-end=\"1915\"><strong>Kusurlu veya Hatal\u0131 \u00dcr\u00fcnler<\/strong><\/p><ul data-start=\"1917\" data-end=\"2160\"><li data-start=\"1917\" data-end=\"2040\">Teslim ald\u0131\u011f\u0131n\u0131z \u00fcr\u00fcn kusurlu, hasarl\u0131 ya da yanl\u0131\u015f g\u00f6nderilmi\u015fse l\u00fctfen <em data-start=\"1992\" data-end=\"2013\">en ge\u00e7 3 g\u00fcn i\u00e7inde<\/em> bizimle ileti\u015fime ge\u00e7iniz.<\/li><li data-start=\"2041\" data-end=\"2160\">\u00dcr\u00fcn de\u011fi\u015fimi veya \u00fccret iadesi i\u015flemleri \u00f6ncelikli olarak sa\u011flan\u0131r ve kargo bedeli DCL Leather taraf\u0131ndan kar\u015f\u0131lan\u0131r.<\/li><\/ul><hr data-start=\"2162\" data-end=\"2165\" \/><p data-start=\"2167\" data-end=\"2184\"><strong data-start=\"2172\" data-end=\"2184\">\u0130leti\u015fim<\/strong><\/p><p>\u0130ptal ve iade i\u015flemleriyle ilgili t\u00fcm sorular\u0131n\u0131z i\u00e7in bizimle ileti\u015fime ge\u00e7ebilirsiniz.<\/p>\t\t\t\t\t\t\t\t<\/div>\n\t\t\t\t\t<\/div>\n\t\t\t\t<\/div>\n\t\t\t\t<\/div>\n\t\t","protected":false},"excerpt":{"rendered":"<p>DCL Leather olarak m\u00fc\u015fteri memnuniyetini \u00f6n planda tutuyor, sipari\u015flerinizi sorunsuz ve g\u00fcvenli bir \u015fekilde tamamlaman\u0131z i\u00e7in gereken t\u00fcm deste\u011fi sa\u011fl\u0131yoruz. A\u015fa\u011f\u0131da sipari\u015f iptali ve iade s\u00fcre\u00e7lerine dair t\u00fcm detaylar\u0131 bulabilirsiniz. Sipari\u015f \u0130ptali Sipari\u015finiz hen\u00fcz kargoya verilmediyse, sipari\u015f numaran\u0131z ile birlikte m\u00fc\u015fteri hizmetlerimizle ileti\u015fime ge\u00e7erek iptal talebinde bulunabilirsiniz. Kargoya verilmi\u015f sipari\u015flerde iptal i\u015flemi m\u00fcmk\u00fcn de\u011fildir; ancak [&hellip;]<\/p>\n","protected":false},"author":1,"featured_media":0,"parent":0,"menu_order":0,"comment_status":"closed","ping_status":"closed","template":"elementor_header_footer","meta":{"footnotes":""},"class_list":["post-203","page","type-page","status-publish","hentry"],"_links":{"self":[{"href":"https:\/\/dclleather.com\/index.php\/wp-json\/wp\/v2\/pages\/203","targetHints":{"allow":["GET"]}}],"collection":[{"href":"https:\/\/dclleather.com\/index.php\/wp-json\/wp\/v2\/pages"}],"about":[{"href":"https:\/\/dclleather.com\/index.php\/wp-json\/wp\/v2\/types\/page"}],"author":[{"embeddable":true,"href":"https:\/\/dclleather.com\/index.php\/wp-json\/wp\/v2\/users\/1"}],"replies":[{"embeddable":true,"href":"https:\/\/dclleather.com\/index.php\/wp-json\/wp\/v2\/comments?post=203"}],"version-history":[{"count":0,"href":"https:\/\/dclleather.com\/index.php\/wp-json\/wp\/v2\/pages\/203\/revisions"}],"wp:attachment":[{"href":"https:\/\/dclleather.com\/index.php\/wp-json\/wp\/v2\/media?parent=203"}],"curies":[{"name":"wp","href":"https:\/\/api.w.org\/{rel}","templated":true}]}}